{"id":24519,"date":"2023-12-06T11:57:44","date_gmt":"2023-12-06T08:57:44","guid":{"rendered":"https:\/\/www.enbiosis.com\/?page_id=24519"},"modified":"2024-12-19T13:41:36","modified_gmt":"2024-12-19T10:41:36","slug":"enbiosis-ai-technology","status":"publish","type":"page","link":"https:\/\/enbiosis.com\/staging\/pt\/enbiosis-ai-technology\/","title":{"rendered":"Tecnologia de IA ENBIOSE"},"content":{"rendered":"\t<section class=\"section\" id=\"section_2018737051\">\n\t\t<div class=\"bg section-bg fill bg-fill  \" >\n\n\t\t\t\n\t\t\t<div class=\"section-bg-overlay absolute fill\"><\/div>\n\t\t\t\n\n\t\t<\/div>\n\n\t\t\n\n\t\t<div class=\"section-content relative\">\n\t\t\t\n<div class=\"row\"  id=\"row-1195269861\">\n\n\t<div id=\"col-745249700\" class=\"col small-12 large-12\"  >\n\t\t\t\t<div class=\"col-inner text-center dark\"  >\n\t\t\t\n\t\t\t\n\t<div id=\"text-2602167450\" class=\"text\">\n\t\t\n<h2>Libertar o poder da IA para descodificar o microbioma intestinal<\/h2>\n\t\t\n<style>\n#text-2602167450 {\n  font-size: 2rem;\n  text-align: center;\n}\n<\/style>\n\t<\/div>\n\t\n\t\t<\/div>\n\t\t\t\t\n<style>\n#col-745249700 > .col-inner {\n  padding: 20px 0px 0px 0px;\n}\n<\/style>\n\t<\/div>\n\n\t\n\n<style>\n#row-1195269861 > .col > .col-inner {\n  padding: 56px 0px 0px 0px;\n}\n<\/style>\n<\/div>\n\t\t<\/div>\n\n\t\t\n<style>\n#section_2018737051 {\n  padding-top: 50px;\n  padding-bottom: 50px;\n  min-height: 300px;\n}\n#section_2018737051 .section-bg-overlay {\n  background-color: rgba(0, 0, 0, 0.221);\n}\n#section_2018737051 .section-bg.bg-loaded {\n  background-image: url(https:\/\/enbiosis.com\/staging\/wp-content\/uploads\/2022\/12\/Gut_micro_page-copy11.jpg);\n}\n#section_2018737051 .section-bg {\n  background-position: 50% 40%;\n}\n#section_2018737051 .ux-shape-divider--top svg {\n  height: 150px;\n  --divider-top-width: 100%;\n}\n#section_2018737051 .ux-shape-divider--bottom svg {\n  height: 150px;\n  --divider-width: 100%;\n}\n@media (min-width:550px) {\n  #section_2018737051 {\n    padding-top: 0px;\n    padding-bottom: 0px;\n  }\n}\n<\/style>\n\t<\/section>\n\t\n\t<section class=\"section\" id=\"section_1717623704\">\n\t\t<div class=\"bg section-bg fill bg-fill  bg-loaded\" >\n\n\t\t\t\n\t\t\t\n\t\t\t\n\n\t\t<\/div>\n\n\t\t\n\n\t\t<div class=\"section-content relative\">\n\t\t\t\n<div class=\"row align-center\"  id=\"row-1206729081\">\n\n\t<div id=\"col-420042985\" class=\"col small-12 large-12\"  >\n\t\t\t\t<div class=\"col-inner text-left\"  >\n\t\t\t\n\t\t\t\n\t<div id=\"gap-1332116539\" class=\"gap-element clearfix\" style=\"display:block; height:auto;\">\n\t\t\n<style>\n#gap-1332116539 {\n  padding-top: 30px;\n}\n<\/style>\n\t<\/div>\n\t\n<div class=\"row align-equal align-center\"  id=\"row-1304332383\">\n\n\t<div id=\"col-1625485226\" class=\"col small-12 large-12\"  >\n\t\t\t\t<div class=\"col-inner text-left\" style=\"background-color:rgb(255,255,255);\" >\n\t\t\t\n\t\t\t\n<div class=\"row align-middle\"  id=\"row-1626029066\">\n\n\t<div id=\"col-1466175152\" class=\"col medium-4 small-12 large-4 small-col-first\"  >\n\t\t\t\t<div class=\"col-inner text-center\"  >\n\t\t\t\n\t\t\t\n\t<div class=\"img has-hover x md-x lg-x y md-y lg-y\" id=\"image_2039859464\">\n\t\t\t\t\t\t\t\t<div class=\"img-inner dark\" >\n\t\t\t<img fetchpriority=\"high\" decoding=\"async\" width=\"1080\" height=\"1080\" src=\"https:\/\/enbiosis.com\/staging\/wp-content\/uploads\/2022\/07\/enbiosis-ai-01.jpg\" class=\"attachment-original size-original\" alt=\"AI-powered microbiome analysis and recommendation\" srcset=\"https:\/\/enbiosis.com\/staging\/wp-content\/uploads\/2022\/07\/enbiosis-ai-01.jpg 1080w, https:\/\/enbiosis.com\/staging\/wp-content\/uploads\/2022\/07\/enbiosis-ai-01-510x510.jpg 510w, https:\/\/enbiosis.com\/staging\/wp-content\/uploads\/2022\/07\/enbiosis-ai-01-100x100.jpg 100w, https:\/\/enbiosis.com\/staging\/wp-content\/uploads\/2022\/07\/enbiosis-ai-01-300x300.jpg 300w, https:\/\/enbiosis.com\/staging\/wp-content\/uploads\/2022\/07\/enbiosis-ai-01-1024x1024.jpg 1024w, https:\/\/enbiosis.com\/staging\/wp-content\/uploads\/2022\/07\/enbiosis-ai-01-150x150.jpg 150w, https:\/\/enbiosis.com\/staging\/wp-content\/uploads\/2022\/07\/enbiosis-ai-01-768x768.jpg 768w\" sizes=\"(max-width: 1080px) 100vw, 1080px\" \/>\t\t\t\t\t\t\n\t\t\t\t\t<\/div>\n\t\t\t\t\t\t\t\t\n<style>\n#image_2039859464 {\n  width: 100%;\n}\n<\/style>\n\t<\/div>\n\t\n\t\t<\/div>\n\t\t\t\t\t<\/div>\n\n\t\n\n\t<div id=\"col-891191811\" class=\"col medium-8 small-12 large-8\"  >\n\t\t\t\t<div class=\"col-inner text-left\"  >\n\t\t\t\n\t\t\t\n\t<div id=\"text-3399635624\" class=\"text\">\n\t\t\n<h2 class=\"gradient-title\">Como combinamos a IA e o microbioma intestinal humano<\/h2>\n\t\t\n<style>\n#text-3399635624 {\n  font-size: 2.5rem;\n  text-align: left;\n}\n<\/style>\n\t<\/div>\n\t\n<p>O microbioma intestinal \u00e9 analisado utilizando tecnologias de intelig\u00eancia artificial. Ap\u00f3s a rece\u00e7\u00e3o da amostra, os nossos laborat\u00f3rios contratados efectuam a an\u00e1lise baseada em NGS. O software ENBIOSIS processa os dados brutos de ADN, determina quais os grupos bacterianos que vivem no intestino da pessoa a n\u00edvel taxon\u00f3mico e, mais importante, define as rela\u00e7\u00f5es ecol\u00f3gicas e funcionais entre eles. Os pormenores da an\u00e1lise do microbioma s\u00e3o fornecidos no <strong>Relat\u00f3rio de an\u00e1lise do microbioma ENBIOSIS.<\/strong><\/p>\n\t\t<\/div>\n\t\t\t\t\t<\/div>\n\n\t\n<\/div>\n<div class=\"row align-middle\"  id=\"row-588031064\">\n\n\t<div id=\"col-49515177\" class=\"col medium-8 small-12 large-8\"  >\n\t\t\t\t<div class=\"col-inner text-left\"  >\n\t\t\t\n\t\t\t\n\t<div id=\"text-1392926244\" class=\"text\">\n\t\t\n<h2 class=\"gradient-title\">Tecnologia de IA ENBIOSIS<\/h2>\n<p>Para treinar os modelos de aprendizagem autom\u00e1tica, compil\u00e1mos uma base de dados de microbiomas utilizando dados de fonte aberta dispon\u00edveis no American Gut Project, no Human Microbiome Project, no Flemish Gut Flora Project e nos dados internos que possu\u00edmos. A base de dados \u00e9 constitu\u00edda por dados sobre o microbioma e informa\u00e7\u00f5es sobre o estilo de vida e a sa\u00fade de mais de 46 000 indiv\u00edduos. Com o nosso biobanco em expans\u00e3o, a nossa tecnologia de IA est\u00e1 a melhorar continuamente.<\/p>\n\t\t\n<style>\n#text-1392926244 {\n  text-align: left;\n}\n<\/style>\n\t<\/div>\n\t\n\t\t<\/div>\n\t\t\t\t\t<\/div>\n\n\t\n\n\t<div id=\"col-129225641\" class=\"col medium-4 small-12 large-4 small-col-first\"  >\n\t\t\t\t<div class=\"col-inner text-center\"  >\n\t\t\t\n\t\t\t\n\t<div class=\"img has-hover x md-x lg-x y md-y lg-y\" id=\"image_1240725269\">\n\t\t\t\t\t\t\t\t<div class=\"img-inner dark\" >\n\t\t\t<img decoding=\"async\" width=\"1080\" height=\"1080\" src=\"https:\/\/enbiosis.com\/staging\/wp-content\/uploads\/2022\/07\/enbiosis-ai-02.jpg\" class=\"attachment-original size-original\" alt=\"AI-powered microbiome analysis and recommendation\" srcset=\"https:\/\/enbiosis.com\/staging\/wp-content\/uploads\/2022\/07\/enbiosis-ai-02.jpg 1080w, https:\/\/enbiosis.com\/staging\/wp-content\/uploads\/2022\/07\/enbiosis-ai-02-510x510.jpg 510w, https:\/\/enbiosis.com\/staging\/wp-content\/uploads\/2022\/07\/enbiosis-ai-02-100x100.jpg 100w, https:\/\/enbiosis.com\/staging\/wp-content\/uploads\/2022\/07\/enbiosis-ai-02-300x300.jpg 300w, https:\/\/enbiosis.com\/staging\/wp-content\/uploads\/2022\/07\/enbiosis-ai-02-1024x1024.jpg 1024w, https:\/\/enbiosis.com\/staging\/wp-content\/uploads\/2022\/07\/enbiosis-ai-02-150x150.jpg 150w, https:\/\/enbiosis.com\/staging\/wp-content\/uploads\/2022\/07\/enbiosis-ai-02-768x768.jpg 768w\" sizes=\"(max-width: 1080px) 100vw, 1080px\" \/>\t\t\t\t\t\t\n\t\t\t\t\t<\/div>\n\t\t\t\t\t\t\t\t\n<style>\n#image_1240725269 {\n  width: 100%;\n}\n<\/style>\n\t<\/div>\n\t\n\t\t<\/div>\n\t\t\t\t\t<\/div>\n\n\t\n<\/div>\n<div class=\"row align-middle\"  id=\"row-1124726105\">\n\n\t<div id=\"col-893369485\" class=\"col medium-4 small-12 large-4 small-col-first\"  >\n\t\t\t\t<div class=\"col-inner text-center\"  >\n\t\t\t\n\t\t\t\n\t<div class=\"img has-hover x md-x lg-x y md-y lg-y\" id=\"image_262682525\">\n\t\t\t\t\t\t\t\t<div class=\"img-inner dark\" >\n\t\t\t<img decoding=\"async\" width=\"1080\" height=\"1080\" src=\"https:\/\/enbiosis.com\/staging\/wp-content\/uploads\/2022\/07\/enbiosis-ai-03.jpg\" class=\"attachment-original size-original\" alt=\"AI-powered microbiome analysis and recommendation\" srcset=\"https:\/\/enbiosis.com\/staging\/wp-content\/uploads\/2022\/07\/enbiosis-ai-03.jpg 1080w, https:\/\/enbiosis.com\/staging\/wp-content\/uploads\/2022\/07\/enbiosis-ai-03-510x510.jpg 510w, https:\/\/enbiosis.com\/staging\/wp-content\/uploads\/2022\/07\/enbiosis-ai-03-100x100.jpg 100w, https:\/\/enbiosis.com\/staging\/wp-content\/uploads\/2022\/07\/enbiosis-ai-03-300x300.jpg 300w, https:\/\/enbiosis.com\/staging\/wp-content\/uploads\/2022\/07\/enbiosis-ai-03-1024x1024.jpg 1024w, https:\/\/enbiosis.com\/staging\/wp-content\/uploads\/2022\/07\/enbiosis-ai-03-150x150.jpg 150w, https:\/\/enbiosis.com\/staging\/wp-content\/uploads\/2022\/07\/enbiosis-ai-03-768x768.jpg 768w\" sizes=\"(max-width: 1080px) 100vw, 1080px\" \/>\t\t\t\t\t\t\n\t\t\t\t\t<\/div>\n\t\t\t\t\t\t\t\t\n<style>\n#image_262682525 {\n  width: 100%;\n}\n<\/style>\n\t<\/div>\n\t\n\t\t<\/div>\n\t\t\t\t\t<\/div>\n\n\t\n\n\t<div id=\"col-1486928022\" class=\"col medium-8 small-12 large-8\"  >\n\t\t\t\t<div class=\"col-inner text-left\"  >\n\t\t\t\n\t\t\t\n<h2 class=\"gradient-title\">Sistema de recomenda\u00e7\u00e3o de probi\u00f3ticos<\/h2>\n<p>Os probi\u00f3ticos s\u00e3o microorganismos vivos que proporcionam benef\u00edcios para a sa\u00fade quando consumidos como suplementos. Analisando o microbioma de cada indiv\u00edduo na resolu\u00e7\u00e3o dos genes microbianos, a ENBIOSIS fornece sugest\u00f5es personalizadas de probi\u00f3ticos para promover a sa\u00fade, bem como as complica\u00e7\u00f5es adversas de doen\u00e7as cr\u00f3nicas.<\/p>\n<p>\u00a0<\/p>\n\t\t<\/div>\n\t\t\t\t\t<\/div>\n\n\t\n<\/div>\n<div class=\"row align-middle\"  id=\"row-2027840558\">\n\n\t<div id=\"col-1406325449\" class=\"col medium-8 small-12 large-8\"  >\n\t\t\t\t<div class=\"col-inner text-left\"  >\n\t\t\t\n\t\t\t\n\t<div id=\"text-2319437612\" class=\"text\">\n\t\t\n<h2 class=\"gradient-title\">ENBIOSIS Modelo de nutri\u00e7\u00e3o baseado em IA<\/h2>\n<p>Para avaliar a rela\u00e7\u00e3o alimento-microbiota, compil\u00e1mos uma base de dados de nutrientes contendo as categorias: hidratos de carbono, prote\u00ednas, l\u00edpidos, vitaminas\/minerais, fitoqu\u00edmicos, aditivos alimentares, alimentos espec\u00edficos, alimentos fermentados. Os micronutrientes que est\u00e3o associados ao crescimento\/inibi\u00e7\u00e3o de certos microrganismos em estudos in vivo s\u00e3o determinados por uma meta-an\u00e1lise.<\/p>\n<p>A base de dados final inclui os micronutrientes e os seus microrganismos alvo. Quando \u00e9 determinada uma modula\u00e7\u00e3o preferida do microbioma (ou seja, em dire\u00e7\u00e3o a um estado mais saud\u00e1vel, a favor da composi\u00e7\u00e3o probi\u00f3tica), os micronutrientes relacionados recebem pontua\u00e7\u00f5es em conformidade. Um \u00fanico micronutriente pode ter m\u00faltiplos alvos, assim como um organismo pode ser alvo de m\u00faltiplos micronutrientes. Isto resulta em prefer\u00eancias repetitivas de certos micronutrientes, o que resulta numa classifica\u00e7\u00e3o diferencial numa vasta gama.<\/p>\n<p>As pontua\u00e7\u00f5es finais s\u00e3o uma classifica\u00e7\u00e3o relativa numa escala de 0-10. Da mesma forma, as pontua\u00e7\u00f5es dos alimentos s\u00e3o a pontua\u00e7\u00e3o cumulativa de itens alimentares ponderados linearmente pelos seus ingredientes de micronutrientes.<\/p>\n\t\t\n<style>\n#text-2319437612 {\n  text-align: left;\n}\n<\/style>\n\t<\/div>\n\t\n\t\t<\/div>\n\t\t\t\t\t<\/div>\n\n\t\n\n\t<div id=\"col-605586642\" class=\"col medium-4 small-12 large-4 small-col-first\"  >\n\t\t\t\t<div class=\"col-inner text-center\"  >\n\t\t\t\n\t\t\t\n\t<div class=\"img has-hover x md-x lg-x y md-y lg-y\" id=\"image_325067980\">\n\t\t\t\t\t\t\t\t<div class=\"img-inner dark\" >\n\t\t\t<img loading=\"lazy\" decoding=\"async\" width=\"1080\" height=\"1080\" src=\"https:\/\/enbiosis.com\/staging\/wp-content\/uploads\/2022\/07\/enbiosis-ai-04.jpg\" class=\"attachment-original size-original\" alt=\"AI-powered microbiome analysis and recommendation\" srcset=\"https:\/\/enbiosis.com\/staging\/wp-content\/uploads\/2022\/07\/enbiosis-ai-04.jpg 1080w, https:\/\/enbiosis.com\/staging\/wp-content\/uploads\/2022\/07\/enbiosis-ai-04-510x510.jpg 510w, https:\/\/enbiosis.com\/staging\/wp-content\/uploads\/2022\/07\/enbiosis-ai-04-100x100.jpg 100w, https:\/\/enbiosis.com\/staging\/wp-content\/uploads\/2022\/07\/enbiosis-ai-04-300x300.jpg 300w, https:\/\/enbiosis.com\/staging\/wp-content\/uploads\/2022\/07\/enbiosis-ai-04-1024x1024.jpg 1024w, https:\/\/enbiosis.com\/staging\/wp-content\/uploads\/2022\/07\/enbiosis-ai-04-150x150.jpg 150w, https:\/\/enbiosis.com\/staging\/wp-content\/uploads\/2022\/07\/enbiosis-ai-04-768x768.jpg 768w\" sizes=\"(max-width: 1080px) 100vw, 1080px\" \/>\t\t\t\t\t\t\n\t\t\t\t\t<\/div>\n\t\t\t\t\t\t\t\t\n<style>\n#image_325067980 {\n  width: 100%;\n}\n<\/style>\n\t<\/div>\n\t\n\t\t<\/div>\n\t\t\t\t\t<\/div>\n\n\t\n<\/div>\n<div class=\"row align-middle\"  id=\"row-1471115951\">\n\n\t<div id=\"col-1177067599\" class=\"col medium-4 small-12 large-4 small-col-first\"  >\n\t\t\t\t<div class=\"col-inner text-center\"  >\n\t\t\t\n\t\t\t\n\t<div class=\"img has-hover x md-x lg-x y md-y lg-y\" id=\"image_2062504586\">\n\t\t\t\t\t\t\t\t<div class=\"img-inner dark\" >\n\t\t\t<img loading=\"lazy\" decoding=\"async\" width=\"1080\" height=\"1080\" src=\"https:\/\/enbiosis.com\/staging\/wp-content\/uploads\/2022\/07\/enbiosis-ai-05.jpg\" class=\"attachment-original size-original\" alt=\"AI-powered microbiome analysis and recommendation\" srcset=\"https:\/\/enbiosis.com\/staging\/wp-content\/uploads\/2022\/07\/enbiosis-ai-05.jpg 1080w, https:\/\/enbiosis.com\/staging\/wp-content\/uploads\/2022\/07\/enbiosis-ai-05-510x510.jpg 510w, https:\/\/enbiosis.com\/staging\/wp-content\/uploads\/2022\/07\/enbiosis-ai-05-100x100.jpg 100w, https:\/\/enbiosis.com\/staging\/wp-content\/uploads\/2022\/07\/enbiosis-ai-05-300x300.jpg 300w, https:\/\/enbiosis.com\/staging\/wp-content\/uploads\/2022\/07\/enbiosis-ai-05-1024x1024.jpg 1024w, https:\/\/enbiosis.com\/staging\/wp-content\/uploads\/2022\/07\/enbiosis-ai-05-150x150.jpg 150w, https:\/\/enbiosis.com\/staging\/wp-content\/uploads\/2022\/07\/enbiosis-ai-05-768x768.jpg 768w\" sizes=\"(max-width: 1080px) 100vw, 1080px\" \/>\t\t\t\t\t\t\n\t\t\t\t\t<\/div>\n\t\t\t\t\t\t\t\t\n<style>\n#image_2062504586 {\n  width: 100%;\n}\n<\/style>\n\t<\/div>\n\t\n\t\t<\/div>\n\t\t\t\t\t<\/div>\n\n\t\n\n\t<div id=\"col-1826260291\" class=\"col medium-8 small-12 large-8\"  >\n\t\t\t\t<div class=\"col-inner text-left\"  >\n\t\t\t\n\t\t\t\n\t<div id=\"text-3866571837\" class=\"text\">\n\t\t\n<h2 class=\"gradient-title\">ENBIOSIS probi\u00f3ticos de nova gera\u00e7\u00e3o e bioterap\u00eauticas vivas<\/h2>\n<p>A nossa tecnologia de descoberta de biomarcadores com base em IA extrai grandes quantidades de dados do microbioma para descobrir entidades gen\u00e9ticas associadas \u00e0 sa\u00fade humana. Ao longo da nossa pesquisa no nosso micro-biobanco patenteado, descobrimos biomarcadores impressionantes (genes bacterianos e grupos de genes biossint\u00e9ticos como grandes segmentos de ADN) que podem potencialmente proporcionar benef\u00edcios de sa\u00fade sem precedentes.<\/p>\n<p>Inici\u00e1mos um programa de investiga\u00e7\u00e3o e desenvolvimento para produzir microrganismos geneticamente modificados para integrar os biomarcadores mencionados, proporcionando a pr\u00f3xima gera\u00e7\u00e3o de probi\u00f3ticos.<\/p>\n\t\t\n<style>\n#text-3866571837 {\n  text-align: left;\n}\n<\/style>\n\t<\/div>\n\t\n\t\t<\/div>\n\t\t\t\t\t<\/div>\n\n\t\n<\/div>\n\t<div id=\"gap-1222252018\" class=\"gap-element clearfix\" style=\"display:block; height:auto;\">\n\t\t\n<style>\n#gap-1222252018 {\n  padding-top: 50px;\n}\n<\/style>\n\t<\/div>\n\t\n\t\t<\/div>\n\t\t\t\t\t<\/div>\n\n\t\n\n<style>\n#row-1304332383 > .col > .col-inner {\n  padding: 40px 40px 40px 40px;\n  background-color: rgb(255,255,255);\n}\n<\/style>\n<\/div>\n\t\t<\/div>\n\t\t\t\t\t<\/div>\n\n\t\n<\/div>\n\t\t<\/div>\n\n\t\t\n<style>\n#section_1717623704 {\n  padding-top: 30px;\n  padding-bottom: 30px;\n  background-color: rgb(244, 244, 244);\n}\n#section_1717623704 .ux-shape-divider--top svg {\n  height: 150px;\n  --divider-top-width: 100%;\n}\n#section_1717623704 .ux-shape-divider--bottom svg {\n  height: 150px;\n  --divider-width: 100%;\n}\n<\/style>\n\t<\/section>\n\t\n","protected":false},"excerpt":{"rendered":"","protected":false},"author":2,"featured_media":0,"parent":0,"menu_order":0,"comment_status":"closed","ping_status":"closed","template":"page-blank.php","meta":{"_acf_changed":false,"om_disable_all_campaigns":false,"inline_featured_image":false,"_uf_show_specific_survey":0,"_uf_disable_surveys":false,"footnotes":""},"class_list":["post-24519","page","type-page","status-publish","hentry"],"acf":[],"yoast_head":"<!-- This site is optimized with the Yoast SEO plugin v23.5 - https:\/\/yoast.com\/wordpress\/plugins\/seo\/ -->\n<title>Tecnologia Enbiosis AI para teste de microbioma intestinal e sa\u00fade intestinal<\/title>\n<meta name=\"description\" content=\"Solu\u00e7\u00f5es de sa\u00fade intestinal baseadas em IA e an\u00e1lise de microbioma, recomenda\u00e7\u00f5es personalizadas de alimentos e suplementos para aumentar sua sa\u00fade intestinal.\" \/>\n<meta name=\"robots\" content=\"noindex, follow, max-snippet:-1, max-image-preview:large, max-video-preview:-1\" \/>\n<meta property=\"og:locale\" content=\"en_US\" \/>\n<meta property=\"og:type\" content=\"article\" \/>\n<meta property=\"og:title\" content=\"Tecnologia Enbiosis AI para teste de microbioma intestinal e sa\u00fade intestinal\" \/>\n<meta property=\"og:description\" content=\"Solu\u00e7\u00f5es de sa\u00fade intestinal baseadas em IA e an\u00e1lise de microbioma, recomenda\u00e7\u00f5es personalizadas de alimentos e suplementos para aumentar sua sa\u00fade intestinal.\" \/>\n<meta property=\"og:url\" content=\"https:\/\/enbiosis.com\/staging\/pt\/enbiosis-ai-technology\/\" \/>\n<meta property=\"og:site_name\" content=\"Enbiosis\" \/>\n<meta property=\"article:modified_time\" content=\"2024-12-19T10:41:36+00:00\" \/>\n<meta name=\"twitter:card\" content=\"summary_large_image\" \/>\n<meta name=\"twitter:label1\" content=\"Est. reading time\" \/>\n\t<meta name=\"twitter:data1\" content=\"3 minutes\" \/>\n<script type=\"application\/ld+json\" class=\"yoast-schema-graph\">{\"@context\":\"https:\/\/schema.org\",\"@graph\":[{\"@type\":\"WebPage\",\"@id\":\"https:\/\/enbiosis.com\/staging\/pt\/enbiosis-ai-technology\/\",\"url\":\"https:\/\/enbiosis.com\/staging\/pt\/enbiosis-ai-technology\/\",\"name\":\"Tecnologia Enbiosis AI para teste de microbioma intestinal e sa\u00fade intestinal\",\"isPartOf\":{\"@id\":\"https:\/\/enbiosis.com\/staging\/#website\"},\"datePublished\":\"2023-12-06T08:57:44+00:00\",\"dateModified\":\"2024-12-19T10:41:36+00:00\",\"description\":\"Solu\u00e7\u00f5es de sa\u00fade intestinal baseadas em IA e an\u00e1lise de microbioma, recomenda\u00e7\u00f5es personalizadas de alimentos e suplementos para aumentar sua sa\u00fade intestinal.\",\"breadcrumb\":{\"@id\":\"https:\/\/enbiosis.com\/staging\/pt\/enbiosis-ai-technology\/#breadcrumb\"},\"inLanguage\":\"en-US\",\"potentialAction\":[{\"@type\":\"ReadAction\",\"target\":[\"https:\/\/enbiosis.com\/staging\/pt\/enbiosis-ai-technology\/\"]}]},{\"@type\":\"BreadcrumbList\",\"@id\":\"https:\/\/enbiosis.com\/staging\/pt\/enbiosis-ai-technology\/#breadcrumb\",\"itemListElement\":[{\"@type\":\"ListItem\",\"position\":1,\"name\":\"Home\",\"item\":\"https:\/\/enbiosis.com\/staging\/\"},{\"@type\":\"ListItem\",\"position\":2,\"name\":\"Tecnologia de IA ENBIOSE\"}]},{\"@type\":\"WebSite\",\"@id\":\"https:\/\/enbiosis.com\/staging\/#website\",\"url\":\"https:\/\/enbiosis.com\/staging\/\",\"name\":\"Enbiosis\",\"description\":\"Microbiome Analysis\",\"potentialAction\":[{\"@type\":\"SearchAction\",\"target\":{\"@type\":\"EntryPoint\",\"urlTemplate\":\"https:\/\/enbiosis.com\/staging\/?s={search_term_string}\"},\"query-input\":{\"@type\":\"PropertyValueSpecification\",\"valueRequired\":true,\"valueName\":\"search_term_string\"}}],\"inLanguage\":\"en-US\"}]}<\/script>\n<!-- \/ Yoast SEO plugin. -->","yoast_head_json":{"title":"Tecnologia Enbiosis AI para teste de microbioma intestinal e sa\u00fade intestinal","description":"Solu\u00e7\u00f5es de sa\u00fade intestinal baseadas em IA e an\u00e1lise de microbioma, recomenda\u00e7\u00f5es personalizadas de alimentos e suplementos para aumentar sua sa\u00fade intestinal.","robots":{"index":"noindex","follow":"follow","max-snippet":"max-snippet:-1","max-image-preview":"max-image-preview:large","max-video-preview":"max-video-preview:-1"},"og_locale":"en_US","og_type":"article","og_title":"Tecnologia Enbiosis AI para teste de microbioma intestinal e sa\u00fade intestinal","og_description":"Solu\u00e7\u00f5es de sa\u00fade intestinal baseadas em IA e an\u00e1lise de microbioma, recomenda\u00e7\u00f5es personalizadas de alimentos e suplementos para aumentar sua sa\u00fade intestinal.","og_url":"https:\/\/enbiosis.com\/staging\/pt\/enbiosis-ai-technology\/","og_site_name":"Enbiosis","article_modified_time":"2024-12-19T10:41:36+00:00","twitter_card":"summary_large_image","twitter_misc":{"Est. reading time":"3 minutes"},"schema":{"@context":"https:\/\/schema.org","@graph":[{"@type":"WebPage","@id":"https:\/\/enbiosis.com\/staging\/pt\/enbiosis-ai-technology\/","url":"https:\/\/enbiosis.com\/staging\/pt\/enbiosis-ai-technology\/","name":"Tecnologia Enbiosis AI para teste de microbioma intestinal e sa\u00fade intestinal","isPartOf":{"@id":"https:\/\/enbiosis.com\/staging\/#website"},"datePublished":"2023-12-06T08:57:44+00:00","dateModified":"2024-12-19T10:41:36+00:00","description":"Solu\u00e7\u00f5es de sa\u00fade intestinal baseadas em IA e an\u00e1lise de microbioma, recomenda\u00e7\u00f5es personalizadas de alimentos e suplementos para aumentar sua sa\u00fade intestinal.","breadcrumb":{"@id":"https:\/\/enbiosis.com\/staging\/pt\/enbiosis-ai-technology\/#breadcrumb"},"inLanguage":"en-US","potentialAction":[{"@type":"ReadAction","target":["https:\/\/enbiosis.com\/staging\/pt\/enbiosis-ai-technology\/"]}]},{"@type":"BreadcrumbList","@id":"https:\/\/enbiosis.com\/staging\/pt\/enbiosis-ai-technology\/#breadcrumb","itemListElement":[{"@type":"ListItem","position":1,"name":"Home","item":"https:\/\/enbiosis.com\/staging\/"},{"@type":"ListItem","position":2,"name":"Tecnologia de IA ENBIOSE"}]},{"@type":"WebSite","@id":"https:\/\/enbiosis.com\/staging\/#website","url":"https:\/\/enbiosis.com\/staging\/","name":"Enbiosis","description":"Microbiome Analysis","potentialAction":[{"@type":"SearchAction","target":{"@type":"EntryPoint","urlTemplate":"https:\/\/enbiosis.com\/staging\/?s={search_term_string}"},"query-input":{"@type":"PropertyValueSpecification","valueRequired":true,"valueName":"search_term_string"}}],"inLanguage":"en-US"}]}},"lang":"pt","translations":{"pt":24519,"en":268,"ar":21702,"zh":24667,"tr":24930,"es":26299,"pl":26535,"el":36731,"ru":37219,"cs":38297},"pll_sync_post":[],"_links":{"self":[{"href":"https:\/\/enbiosis.com\/staging\/wp-json\/wp\/v2\/pages\/24519"}],"collection":[{"href":"https:\/\/enbiosis.com\/staging\/wp-json\/wp\/v2\/pages"}],"about":[{"href":"https:\/\/enbiosis.com\/staging\/wp-json\/wp\/v2\/types\/page"}],"author":[{"embeddable":true,"href":"https:\/\/enbiosis.com\/staging\/wp-json\/wp\/v2\/users\/2"}],"replies":[{"embeddable":true,"href":"https:\/\/enbiosis.com\/staging\/wp-json\/wp\/v2\/comments?post=24519"}],"version-history":[{"count":0,"href":"https:\/\/enbiosis.com\/staging\/wp-json\/wp\/v2\/pages\/24519\/revisions"}],"wp:attachment":[{"href":"https:\/\/enbiosis.com\/staging\/wp-json\/wp\/v2\/media?parent=24519"}],"curies":[{"name":"wp","href":"https:\/\/api.w.org\/{rel}","templated":true}]}}