{"id":24533,"date":"2023-12-06T13:23:07","date_gmt":"2023-12-06T10:23:07","guid":{"rendered":"https:\/\/www.enbiosis.com\/?page_id=24533"},"modified":"2024-12-03T13:26:21","modified_gmt":"2024-12-03T10:26:21","slug":"about","status":"publish","type":"page","link":"https:\/\/enbiosis.com\/staging\/pt\/about\/","title":{"rendered":"Sobre"},"content":{"rendered":"\t<section class=\"section\" id=\"section_1904871688\">\n\t\t<div class=\"bg section-bg fill bg-fill  \" >\n\n\t\t\t\n\t\t\t<div class=\"section-bg-overlay absolute fill\"><\/div>\n\t\t\t\n\n\t\t<\/div>\n\n\t\t\n\n\t\t<div class=\"section-content relative\">\n\t\t\t\n<div class=\"row\"  id=\"row-85593398\">\n\n\t<div id=\"col-211992932\" class=\"col small-12 large-12\"  >\n\t\t\t\t<div class=\"col-inner text-center dark\"  >\n\t\t\t\n\t\t\t\n\t<div id=\"text-2927423712\" class=\"text\">\n\t\t\n<h2>Conhe\u00e7a as mentes dedicadas \u00e0 inova\u00e7\u00e3o do microbioma<\/h2>\n\t\t\n<style>\n#text-2927423712 {\n  font-size: 2rem;\n  text-align: center;\n}\n<\/style>\n\t<\/div>\n\t\n\t\t<\/div>\n\t\t\t\t\n<style>\n#col-211992932 > .col-inner {\n  padding: 56px 0px 0px 0px;\n}\n<\/style>\n\t<\/div>\n\n\t\n<\/div>\n\t\t<\/div>\n\n\t\t\n<style>\n#section_1904871688 {\n  padding-top: 50px;\n  padding-bottom: 50px;\n  min-height: 300px;\n}\n#section_1904871688 .section-bg-overlay {\n  background-color: rgba(0, 0, 0, 0.378);\n}\n#section_1904871688 .section-bg.bg-loaded {\n  background-image: url(https:\/\/enbiosis.com\/staging\/wp-content\/uploads\/2023\/01\/about-us-header-2.jpg);\n}\n#section_1904871688 .section-bg {\n  background-position: 54% 15%;\n}\n#section_1904871688 .ux-shape-divider--top svg {\n  height: 150px;\n  --divider-top-width: 100%;\n}\n#section_1904871688 .ux-shape-divider--bottom svg {\n  height: 150px;\n  --divider-width: 100%;\n}\n@media (min-width:550px) {\n  #section_1904871688 {\n    padding-top: 0px;\n    padding-bottom: 0px;\n  }\n}\n<\/style>\n\t<\/section>\n\t\n\t<section class=\"section\" id=\"section_1816380923\">\n\t\t<div class=\"bg section-bg fill bg-fill  bg-loaded\" >\n\n\t\t\t\n\t\t\t\n\t\t\t\n\n\t\t<\/div>\n\n\t\t\n\n\t\t<div class=\"section-content relative\">\n\t\t\t\n<div class=\"row align-middle\"  id=\"row-1385665150\">\n\n\t<div id=\"col-1575875559\" class=\"col medium-6 small-12 large-6\"  >\n\t\t\t\t<div class=\"col-inner\"  >\n\t\t\t\n\t\t\t\n<h3 class=\"gradient-title\">Revolu\u00e7\u00e3o do microbioma<\/h3>\n<p>O futuro da sa\u00fade est\u00e1 escondido no seu microbioma e n\u00f3s na ENBIOSIS guiamo-lo para descobrir o que est\u00e1 escondido nas suas entranhas.<\/p>\n<p>Produzindo inven\u00e7\u00f5es cient\u00edficas, produtos e servi\u00e7os atrav\u00e9s da utiliza\u00e7\u00e3o de organismos do microbioma, o nosso objetivo \u00e9 melhorar a qualidade da sa\u00fade humana. Com as nossas tecnologias baseadas em intelig\u00eancia artificial, analisamos o microbioma intestinal humano de modo a fornecer solu\u00e7\u00f5es de sa\u00fade personalizadas. Isto inclui recomenda\u00e7\u00f5es alimentares personalizadas e sugest\u00f5es pr\u00e9 e probi\u00f3ticas com o objetivo de conduzir cada indiv\u00edduo a um estado mais saud\u00e1vel.<\/p>\n<div class=\"notranslate\" style=\"all: initial;\">\u00a0<\/div>\n\t\t<\/div>\n\t\t\t\t\t<\/div>\n\n\t\n\n\t<div id=\"col-860510377\" class=\"col medium-6 small-12 large-6 small-col-first\"  >\n\t\t\t\t<div class=\"col-inner text-center\"  >\n\t\t\t\n\t\t\t\n\t<div class=\"img has-hover x md-x lg-x y md-y lg-y\" id=\"image_1777164382\">\n\t\t\t\t\t\t\t\t<div class=\"img-inner dark\" >\n\t\t\t<img fetchpriority=\"high\" decoding=\"async\" width=\"1142\" height=\"1183\" src=\"https:\/\/enbiosis.com\/staging\/wp-content\/uploads\/2022\/01\/ngs-tech-min.jpg\" class=\"attachment-original size-original\" alt=\"ngs-tech-min\" srcset=\"https:\/\/enbiosis.com\/staging\/wp-content\/uploads\/2022\/01\/ngs-tech-min.jpg 1142w, https:\/\/enbiosis.com\/staging\/wp-content\/uploads\/2022\/01\/ngs-tech-min-510x528.jpg 510w, https:\/\/enbiosis.com\/staging\/wp-content\/uploads\/2022\/01\/ngs-tech-min-290x300.jpg 290w, https:\/\/enbiosis.com\/staging\/wp-content\/uploads\/2022\/01\/ngs-tech-min-989x1024.jpg 989w, https:\/\/enbiosis.com\/staging\/wp-content\/uploads\/2022\/01\/ngs-tech-min-768x796.jpg 768w\" sizes=\"(max-width: 1142px) 100vw, 1142px\" \/>\t\t\t\t\t\t\n\t\t\t\t\t<\/div>\n\t\t\t\t\t\t\t\t\n<style>\n#image_1777164382 {\n  width: 80%;\n}\n<\/style>\n\t<\/div>\n\t\n\t\t<\/div>\n\t\t\t\t\t<\/div>\n\n\t\n<\/div>\n\t\t<\/div>\n\n\t\t\n<style>\n#section_1816380923 {\n  padding-top: 50px;\n  padding-bottom: 50px;\n}\n#section_1816380923 .ux-shape-divider--top svg {\n  height: 150px;\n  --divider-top-width: 100%;\n}\n#section_1816380923 .ux-shape-divider--bottom svg {\n  height: 150px;\n  --divider-width: 100%;\n}\n<\/style>\n\t<\/section>\n\t\n\t<section class=\"section\" id=\"section_1226573225\">\n\t\t<div class=\"bg section-bg fill bg-fill  bg-loaded\" >\n\n\t\t\t\n\t\t\t\n\t\t\t\n\n\t\t<\/div>\n\n\t\t\n\n\t\t<div class=\"section-content relative\">\n\t\t\t\n<div class=\"row align-middle\"  id=\"row-2042095847\">\n\n\t<div id=\"col-1586665832\" class=\"col medium-6 small-12 large-6\"  >\n\t\t\t\t<div class=\"col-inner\"  >\n\t\t\t\n\t\t\t\n\t<div class=\"img has-hover x md-x lg-x y md-y lg-y\" id=\"image_1990152861\">\n\t\t\t\t\t\t\t\t<div class=\"img-inner dark\" >\n\t\t\t<img decoding=\"async\" width=\"800\" height=\"800\" src=\"https:\/\/enbiosis.com\/staging\/wp-content\/uploads\/2023\/12\/about_section_800x800.jpg\" class=\"attachment-original size-original\" alt=\"about_section_800x800\" srcset=\"https:\/\/enbiosis.com\/staging\/wp-content\/uploads\/2023\/12\/about_section_800x800.jpg 800w, https:\/\/enbiosis.com\/staging\/wp-content\/uploads\/2023\/12\/about_section_800x800-510x510.jpg 510w, https:\/\/enbiosis.com\/staging\/wp-content\/uploads\/2023\/12\/about_section_800x800-100x100.jpg 100w, https:\/\/enbiosis.com\/staging\/wp-content\/uploads\/2023\/12\/about_section_800x800-300x300.jpg 300w, https:\/\/enbiosis.com\/staging\/wp-content\/uploads\/2023\/12\/about_section_800x800-150x150.jpg 150w, https:\/\/enbiosis.com\/staging\/wp-content\/uploads\/2023\/12\/about_section_800x800-768x768.jpg 768w\" sizes=\"(max-width: 800px) 100vw, 800px\" \/>\t\t\t\t\t\t\n\t\t\t\t\t<\/div>\n\t\t\t\t\t\t\t\t\n<style>\n#image_1990152861 {\n  width: 100%;\n}\n<\/style>\n\t<\/div>\n\t\n\t\t<\/div>\n\t\t\t\t\t<\/div>\n\n\t\n\n\t<div id=\"col-1830443626\" class=\"col medium-6 small-12 large-6 small-col-first\"  >\n\t\t\t\t<div class=\"col-inner\"  >\n\t\t\t\n\t\t\t\n<h3 class=\"gradient-title\">O que \u00e9 que fazemos?<\/h3>\n<p>A ENBIOSIS Biotechnology combina intelig\u00eancia artificial e ci\u00eancia do microbioma para fornecer solu\u00e7\u00f5es de sa\u00fade personalizadas. Analisamos par\u00e2metros de sa\u00fade utilizando um sistema de recomenda\u00e7\u00e3o personalizado baseado em tecnologia de intelig\u00eancia artificial.<\/p>\n<p>Trili\u00f5es de bact\u00e9rias intestinais na nossa base de dados melhorada s\u00e3o analisadas com a ajuda de modelos avan\u00e7ados de intelig\u00eancia artificial. Oferecemos recomenda\u00e7\u00f5es personalizadas de alimentos e suplementos, juntamente com receitas, com base nos resultados da an\u00e1lise do microbioma intestinal.<\/p>\n\t\t<\/div>\n\t\t\t\t\t<\/div>\n\n\t\n<\/div>\n\t\t<\/div>\n\n\t\t\n<style>\n#section_1226573225 {\n  padding-top: 50px;\n  padding-bottom: 50px;\n}\n#section_1226573225 .ux-shape-divider--top svg {\n  height: 150px;\n  --divider-top-width: 100%;\n}\n#section_1226573225 .ux-shape-divider--bottom svg {\n  height: 150px;\n  --divider-width: 100%;\n}\n<\/style>\n\t<\/section>\n\t\n\t<section class=\"section\" id=\"section_592218712\">\n\t\t<div class=\"bg section-bg fill bg-fill  bg-loaded\" >\n\n\t\t\t\n\t\t\t\n\t\t\t\n\n\t\t<\/div>\n\n\t\t\n\n\t\t<div class=\"section-content relative\">\n\t\t\t\n<div class=\"row align-middle\"  id=\"row-1198895664\">\n\n\t<div id=\"col-325994740\" class=\"col medium-6 small-12 large-6\"  >\n\t\t\t\t<div class=\"col-inner\"  >\n\t\t\t\n\t\t\t\n<h3 class=\"gradient-title\">Ecossistema<\/h3>\n<p>O ecossistema ENBIOSIS \u00e9 constitu\u00eddo por uma vasta rede de utilizadores, ligados atrav\u00e9s do nosso biobanco e da nossa aplica\u00e7\u00e3o m\u00f3vel, um sistema operativo de intelig\u00eancia artificial que explora constantemente os grandes dados do biobanco para inventar e oferecer solu\u00e7\u00f5es de sa\u00fade aos utilizadores; a equipa de bioci\u00eancia que investiga a ci\u00eancia do microbioma para desenvolver produtos e servi\u00e7os biotecnol\u00f3gicos integrados; e uma rede de profissionais de sa\u00fade que consultam os utilizadores.<\/p>\n\t\t<\/div>\n\t\t\t\t\t<\/div>\n\n\t\n\n\t<div id=\"col-321588756\" class=\"col medium-6 small-12 large-6\"  >\n\t\t\t\t<div class=\"col-inner\"  >\n\t\t\t\n\t\t\t\n\t<div class=\"img has-hover x md-x lg-x y md-y lg-y\" id=\"image_2069344025\">\n\t\t\t\t\t\t\t\t<div class=\"img-inner dark\" >\n\t\t\t<img decoding=\"async\" width=\"742\" height=\"422\" src=\"https:\/\/enbiosis.com\/staging\/wp-content\/uploads\/2021\/12\/about_section2_1.png\" class=\"attachment-large size-large\" alt=\"about_section2_1\" srcset=\"https:\/\/enbiosis.com\/staging\/wp-content\/uploads\/2021\/12\/about_section2_1.png 742w, https:\/\/enbiosis.com\/staging\/wp-content\/uploads\/2021\/12\/about_section2_1-510x290.png 510w, https:\/\/enbiosis.com\/staging\/wp-content\/uploads\/2021\/12\/about_section2_1-300x171.png 300w\" sizes=\"(max-width: 742px) 100vw, 742px\" \/>\t\t\t\t\t\t\n\t\t\t\t\t<\/div>\n\t\t\t\t\t\t\t\t\n<style>\n#image_2069344025 {\n  width: 100%;\n}\n<\/style>\n\t<\/div>\n\t\n\t\t<\/div>\n\t\t\t\t\t<\/div>\n\n\t\n<\/div>\n\t\t<\/div>\n\n\t\t\n<style>\n#section_592218712 {\n  padding-top: 50px;\n  padding-bottom: 50px;\n  background-color: rgb(250, 250, 250);\n}\n#section_592218712 .ux-shape-divider--top svg {\n  height: 150px;\n  --divider-top-width: 100%;\n}\n#section_592218712 .ux-shape-divider--bottom svg {\n  height: 150px;\n  --divider-width: 100%;\n}\n<\/style>\n\t<\/section>\n\t\n\t<section class=\"section show-for-small\" id=\"section_939769479\">\n\t\t<div class=\"bg section-bg fill bg-fill  bg-loaded\" >\n\n\t\t\t\n\t\t\t\n\t\t\t\n\n\t\t<\/div>\n\n\t\t\n\n\t\t<div class=\"section-content relative\">\n\t\t\t\n\n<div class=\"row row-large show-for-small\"  id=\"row-2069105345\">\n\n\n\t<div id=\"col-507873126\" class=\"col small-12 large-12\"  >\n\t\t\t\t<div class=\"col-inner\"  >\n\t\t\t\n\t\t\t\n\n\t<div class=\"img has-hover x md-x lg-x y md-y lg-y\" id=\"image_1466760941\">\n\t\t<a class=\"\" href=\"https:\/\/www.enbiosis.com\/cs\/practitioners\/\"  >\t\t\t\t\t\t<div class=\"img-inner dark\" >\n\t\t\t<img loading=\"lazy\" decoding=\"async\" width=\"1080\" height=\"1080\" src=\"https:\/\/enbiosis.com\/staging\/wp-content\/uploads\/2022\/08\/enbiosis-practitioner-mobile-1.jpg\" class=\"attachment-original size-original\" alt=\"enbiosis-practitioner-mobile\" srcset=\"https:\/\/enbiosis.com\/staging\/wp-content\/uploads\/2022\/08\/enbiosis-practitioner-mobile-1.jpg 1080w, https:\/\/enbiosis.com\/staging\/wp-content\/uploads\/2022\/08\/enbiosis-practitioner-mobile-1-510x510.jpg 510w, https:\/\/enbiosis.com\/staging\/wp-content\/uploads\/2022\/08\/enbiosis-practitioner-mobile-1-100x100.jpg 100w, https:\/\/enbiosis.com\/staging\/wp-content\/uploads\/2022\/08\/enbiosis-practitioner-mobile-1-300x300.jpg 300w, https:\/\/enbiosis.com\/staging\/wp-content\/uploads\/2022\/08\/enbiosis-practitioner-mobile-1-1024x1024.jpg 1024w, https:\/\/enbiosis.com\/staging\/wp-content\/uploads\/2022\/08\/enbiosis-practitioner-mobile-1-150x150.jpg 150w, https:\/\/enbiosis.com\/staging\/wp-content\/uploads\/2022\/08\/enbiosis-practitioner-mobile-1-768x768.jpg 768w\" sizes=\"(max-width: 1080px) 100vw, 1080px\" \/>\t\t\t\t\t\t\n\t\t\t\t\t<\/div>\n\t\t\t\t\t\t<\/a>\t\t\n<style>\n#image_1466760941 {\n  width: 100%;\n}\n<\/style>\n\t<\/div>\n\t\n\n\n\t\t<\/div>\n\t\t\t\t\t<\/div>\n\n\t\n\n<\/div>\n\n\t\t<\/div>\n\n\t\t\n<style>\n#section_939769479 {\n  padding-top: 50px;\n  padding-bottom: 50px;\n}\n#section_939769479 .ux-shape-divider--top svg {\n  height: 150px;\n  --divider-top-width: 100%;\n}\n#section_939769479 .ux-shape-divider--bottom svg {\n  height: 150px;\n  --divider-width: 100%;\n}\n<\/style>\n\t<\/section>\n\t\n\t<section class=\"section\" id=\"section_1522536584\">\n\t\t<div class=\"bg section-bg fill bg-fill  bg-loaded\" >\n\n\t\t\t\n\t\t\t\n\t\t\t\n\n\t\t<\/div>\n\n\t\t\n\n\t\t<div class=\"section-content relative\">\n\t\t\t\n<div class=\"row align-middle\"  id=\"row-100861286\">\n\n\t<div id=\"col-379778263\" class=\"col medium-6 small-12 large-6\"  >\n\t\t\t\t<div class=\"col-inner\"  >\n\t\t\t\n\t\t\t\n<h3 class=\"gradient-title\">Miss\u00e3o<\/h3>\n<p>Produzir inven\u00e7\u00f5es cient\u00edficas, produtos e servi\u00e7os que melhorem a qualidade da sa\u00fade humana atrav\u00e9s da utiliza\u00e7\u00e3o de organismos do microbioma.<\/p>\n\t<div id=\"gap-743149762\" class=\"gap-element clearfix\" style=\"display:block; height:auto;\">\n\t\t\n<style>\n#gap-743149762 {\n  padding-top: 30px;\n}\n<\/style>\n\t<\/div>\n\t\n<h3 class=\"gradient-title\">Vis\u00e3o<\/h3>\n<p>Tornar as solu\u00e7\u00f5es de sa\u00fade acess\u00edveis \u00e0s massas, dando prioridade aos princ\u00edpios do desenvolvimento humano.<\/p>\n\t\t<\/div>\n\t\t\t\t\t<\/div>\n\n\t\n\n\t<div id=\"col-377534126\" class=\"col medium-6 small-12 large-6 small-col-first\"  >\n\t\t\t\t<div class=\"col-inner text-center\"  >\n\t\t\t\n\t\t\t\n\t<div class=\"img has-hover x md-x lg-x y md-y lg-y\" id=\"image_1565494744\">\n\t\t\t\t\t\t\t\t<div class=\"img-inner dark\" >\n\t\t\t<img loading=\"lazy\" decoding=\"async\" width=\"1120\" height=\"1120\" src=\"https:\/\/enbiosis.com\/staging\/wp-content\/uploads\/2022\/01\/about-doktor.jpg\" class=\"attachment-original size-original\" alt=\"about-doktor\" srcset=\"https:\/\/enbiosis.com\/staging\/wp-content\/uploads\/2022\/01\/about-doktor.jpg 1120w, https:\/\/enbiosis.com\/staging\/wp-content\/uploads\/2022\/01\/about-doktor-510x510.jpg 510w, https:\/\/enbiosis.com\/staging\/wp-content\/uploads\/2022\/01\/about-doktor-100x100.jpg 100w, https:\/\/enbiosis.com\/staging\/wp-content\/uploads\/2022\/01\/about-doktor-300x300.jpg 300w, https:\/\/enbiosis.com\/staging\/wp-content\/uploads\/2022\/01\/about-doktor-1024x1024.jpg 1024w, https:\/\/enbiosis.com\/staging\/wp-content\/uploads\/2022\/01\/about-doktor-150x150.jpg 150w, https:\/\/enbiosis.com\/staging\/wp-content\/uploads\/2022\/01\/about-doktor-768x768.jpg 768w\" sizes=\"(max-width: 1120px) 100vw, 1120px\" \/>\t\t\t\t\t\t\n\t\t\t\t\t<\/div>\n\t\t\t\t\t\t\t\t\n<style>\n#image_1565494744 {\n  width: 70%;\n}\n<\/style>\n\t<\/div>\n\t\n\t\t<\/div>\n\t\t\t\t\t<\/div>\n\n\t\n<\/div>\n\t\t<\/div>\n\n\t\t\n<style>\n#section_1522536584 {\n  padding-top: 50px;\n  padding-bottom: 50px;\n}\n#section_1522536584 .ux-shape-divider--top svg {\n  height: 150px;\n  --divider-top-width: 100%;\n}\n#section_1522536584 .ux-shape-divider--bottom svg {\n  height: 150px;\n  --divider-width: 100%;\n}\n<\/style>\n\t<\/section>\n\t\n","protected":false},"excerpt":{"rendered":"","protected":false},"author":2,"featured_media":0,"parent":0,"menu_order":0,"comment_status":"closed","ping_status":"closed","template":"page-blank.php","meta":{"_acf_changed":false,"om_disable_all_campaigns":false,"inline_featured_image":false,"_uf_show_specific_survey":0,"_uf_disable_surveys":false,"footnotes":""},"class_list":["post-24533","page","type-page","status-publish","hentry"],"acf":[],"yoast_head":"<!-- This site is optimized with the Yoast SEO plugin v23.5 - https:\/\/yoast.com\/wordpress\/plugins\/seo\/ -->\n<title>ENBIOSIS | Modula\u00e7\u00e3o e sa\u00fade do microbioma intestinal com tecnologia de IA<\/title>\n<meta name=\"description\" content=\"Solu\u00e7\u00f5es de sa\u00fade intestinal baseadas em IA e an\u00e1lise de microbioma, recomenda\u00e7\u00f5es personalizadas de alimentos e suplementos para aumentar sua sa\u00fade intestinal.\" \/>\n<meta name=\"robots\" content=\"noindex, follow, max-snippet:-1, max-image-preview:large, max-video-preview:-1\" \/>\n<meta property=\"og:locale\" content=\"en_US\" \/>\n<meta property=\"og:type\" content=\"article\" \/>\n<meta property=\"og:title\" content=\"ENBIOSIS | Modula\u00e7\u00e3o e sa\u00fade do microbioma intestinal com tecnologia de IA\" \/>\n<meta property=\"og:description\" content=\"Solu\u00e7\u00f5es de sa\u00fade intestinal baseadas em IA e an\u00e1lise de microbioma, recomenda\u00e7\u00f5es personalizadas de alimentos e suplementos para aumentar sua sa\u00fade intestinal.\" \/>\n<meta property=\"og:url\" content=\"https:\/\/enbiosis.com\/staging\/pt\/about\/\" \/>\n<meta property=\"og:site_name\" content=\"Enbiosis\" \/>\n<meta property=\"article:modified_time\" content=\"2024-12-03T10:26:21+00:00\" \/>\n<meta name=\"twitter:card\" content=\"summary_large_image\" \/>\n<meta name=\"twitter:label1\" content=\"Est. reading time\" \/>\n\t<meta name=\"twitter:data1\" content=\"2 minutes\" \/>\n<script type=\"application\/ld+json\" class=\"yoast-schema-graph\">{\"@context\":\"https:\/\/schema.org\",\"@graph\":[{\"@type\":\"WebPage\",\"@id\":\"https:\/\/enbiosis.com\/staging\/pt\/about\/\",\"url\":\"https:\/\/enbiosis.com\/staging\/pt\/about\/\",\"name\":\"ENBIOSIS | Modula\u00e7\u00e3o e sa\u00fade do microbioma intestinal com tecnologia de IA\",\"isPartOf\":{\"@id\":\"https:\/\/enbiosis.com\/staging\/#website\"},\"datePublished\":\"2023-12-06T10:23:07+00:00\",\"dateModified\":\"2024-12-03T10:26:21+00:00\",\"description\":\"Solu\u00e7\u00f5es de sa\u00fade intestinal baseadas em IA e an\u00e1lise de microbioma, recomenda\u00e7\u00f5es personalizadas de alimentos e suplementos para aumentar sua sa\u00fade intestinal.\",\"breadcrumb\":{\"@id\":\"https:\/\/enbiosis.com\/staging\/pt\/about\/#breadcrumb\"},\"inLanguage\":\"en-US\",\"potentialAction\":[{\"@type\":\"ReadAction\",\"target\":[\"https:\/\/enbiosis.com\/staging\/pt\/about\/\"]}]},{\"@type\":\"BreadcrumbList\",\"@id\":\"https:\/\/enbiosis.com\/staging\/pt\/about\/#breadcrumb\",\"itemListElement\":[{\"@type\":\"ListItem\",\"position\":1,\"name\":\"Home\",\"item\":\"https:\/\/enbiosis.com\/staging\/\"},{\"@type\":\"ListItem\",\"position\":2,\"name\":\"Sobre\"}]},{\"@type\":\"WebSite\",\"@id\":\"https:\/\/enbiosis.com\/staging\/#website\",\"url\":\"https:\/\/enbiosis.com\/staging\/\",\"name\":\"Enbiosis\",\"description\":\"Microbiome Analysis\",\"potentialAction\":[{\"@type\":\"SearchAction\",\"target\":{\"@type\":\"EntryPoint\",\"urlTemplate\":\"https:\/\/enbiosis.com\/staging\/?s={search_term_string}\"},\"query-input\":{\"@type\":\"PropertyValueSpecification\",\"valueRequired\":true,\"valueName\":\"search_term_string\"}}],\"inLanguage\":\"en-US\"}]}<\/script>\n<!-- \/ Yoast SEO plugin. -->","yoast_head_json":{"title":"ENBIOSIS | Modula\u00e7\u00e3o e sa\u00fade do microbioma intestinal com tecnologia de IA","description":"Solu\u00e7\u00f5es de sa\u00fade intestinal baseadas em IA e an\u00e1lise de microbioma, recomenda\u00e7\u00f5es personalizadas de alimentos e suplementos para aumentar sua sa\u00fade intestinal.","robots":{"index":"noindex","follow":"follow","max-snippet":"max-snippet:-1","max-image-preview":"max-image-preview:large","max-video-preview":"max-video-preview:-1"},"og_locale":"en_US","og_type":"article","og_title":"ENBIOSIS | Modula\u00e7\u00e3o e sa\u00fade do microbioma intestinal com tecnologia de IA","og_description":"Solu\u00e7\u00f5es de sa\u00fade intestinal baseadas em IA e an\u00e1lise de microbioma, recomenda\u00e7\u00f5es personalizadas de alimentos e suplementos para aumentar sua sa\u00fade intestinal.","og_url":"https:\/\/enbiosis.com\/staging\/pt\/about\/","og_site_name":"Enbiosis","article_modified_time":"2024-12-03T10:26:21+00:00","twitter_card":"summary_large_image","twitter_misc":{"Est. reading time":"2 minutes"},"schema":{"@context":"https:\/\/schema.org","@graph":[{"@type":"WebPage","@id":"https:\/\/enbiosis.com\/staging\/pt\/about\/","url":"https:\/\/enbiosis.com\/staging\/pt\/about\/","name":"ENBIOSIS | Modula\u00e7\u00e3o e sa\u00fade do microbioma intestinal com tecnologia de IA","isPartOf":{"@id":"https:\/\/enbiosis.com\/staging\/#website"},"datePublished":"2023-12-06T10:23:07+00:00","dateModified":"2024-12-03T10:26:21+00:00","description":"Solu\u00e7\u00f5es de sa\u00fade intestinal baseadas em IA e an\u00e1lise de microbioma, recomenda\u00e7\u00f5es personalizadas de alimentos e suplementos para aumentar sua sa\u00fade intestinal.","breadcrumb":{"@id":"https:\/\/enbiosis.com\/staging\/pt\/about\/#breadcrumb"},"inLanguage":"en-US","potentialAction":[{"@type":"ReadAction","target":["https:\/\/enbiosis.com\/staging\/pt\/about\/"]}]},{"@type":"BreadcrumbList","@id":"https:\/\/enbiosis.com\/staging\/pt\/about\/#breadcrumb","itemListElement":[{"@type":"ListItem","position":1,"name":"Home","item":"https:\/\/enbiosis.com\/staging\/"},{"@type":"ListItem","position":2,"name":"Sobre"}]},{"@type":"WebSite","@id":"https:\/\/enbiosis.com\/staging\/#website","url":"https:\/\/enbiosis.com\/staging\/","name":"Enbiosis","description":"Microbiome Analysis","potentialAction":[{"@type":"SearchAction","target":{"@type":"EntryPoint","urlTemplate":"https:\/\/enbiosis.com\/staging\/?s={search_term_string}"},"query-input":{"@type":"PropertyValueSpecification","valueRequired":true,"valueName":"search_term_string"}}],"inLanguage":"en-US"}]}},"lang":"pt","translations":{"pt":24533,"en":95,"zh":24710,"tr":25138,"es":26323,"pl":26556,"ru":33521,"ar":33592,"el":36211,"cs":38273},"pll_sync_post":[],"_links":{"self":[{"href":"https:\/\/enbiosis.com\/staging\/wp-json\/wp\/v2\/pages\/24533"}],"collection":[{"href":"https:\/\/enbiosis.com\/staging\/wp-json\/wp\/v2\/pages"}],"about":[{"href":"https:\/\/enbiosis.com\/staging\/wp-json\/wp\/v2\/types\/page"}],"author":[{"embeddable":true,"href":"https:\/\/enbiosis.com\/staging\/wp-json\/wp\/v2\/users\/2"}],"replies":[{"embeddable":true,"href":"https:\/\/enbiosis.com\/staging\/wp-json\/wp\/v2\/comments?post=24533"}],"version-history":[{"count":0,"href":"https:\/\/enbiosis.com\/staging\/wp-json\/wp\/v2\/pages\/24533\/revisions"}],"wp:attachment":[{"href":"https:\/\/enbiosis.com\/staging\/wp-json\/wp\/v2\/media?parent=24533"}],"curies":[{"name":"wp","href":"https:\/\/api.w.org\/{rel}","templated":true}]}}