{"id":24930,"date":"2023-12-26T12:58:30","date_gmt":"2023-12-26T09:58:30","guid":{"rendered":"https:\/\/www.enbiosis.com\/?page_id=24930"},"modified":"2024-11-26T20:13:25","modified_gmt":"2024-11-26T17:13:25","slug":"enbiosis-ai-technology","status":"publish","type":"page","link":"https:\/\/enbiosis.com\/staging\/tr\/enbiosis-ai-technology\/","title":{"rendered":"ENBIOSIS Yapay Zeka Teknolojisi"},"content":{"rendered":"\t<section class=\"section\" id=\"section_205515436\">\n\t\t<div class=\"bg section-bg fill bg-fill  \" >\n\n\t\t\t\n\t\t\t<div class=\"section-bg-overlay absolute fill\"><\/div>\n\t\t\t\n\n\t\t<\/div>\n\n\t\t\n\n\t\t<div class=\"section-content relative\">\n\t\t\t\n<div class=\"row\"  id=\"row-1956411135\">\n\n\t<div id=\"col-1811889740\" class=\"col small-12 large-12\"  >\n\t\t\t\t<div class=\"col-inner text-center dark\"  >\n\t\t\t\n\t\t\t\n\t<div id=\"text-2106378945\" class=\"text\">\n\t\t\n<h2>Ba\u011f\u0131rsak mikrobiyomunun \u015fifresini \u00e7\u00f6zmek i\u00e7in yapay zekan\u0131n g\u00fcc\u00fcnden faydalan\u0131n<\/h2>\n\t\t\n<style>\n#text-2106378945 {\n  font-size: 2rem;\n  text-align: center;\n}\n<\/style>\n\t<\/div>\n\t\n\t\t<\/div>\n\t\t\t\t\n<style>\n#col-1811889740 > .col-inner {\n  padding: 20px 0px 0px 0px;\n}\n<\/style>\n\t<\/div>\n\n\t\n\n<style>\n#row-1956411135 > .col > .col-inner {\n  padding: 56px 0px 0px 0px;\n}\n<\/style>\n<\/div>\n\t\t<\/div>\n\n\t\t\n<style>\n#section_205515436 {\n  padding-top: 50px;\n  padding-bottom: 50px;\n  min-height: 300px;\n}\n#section_205515436 .section-bg-overlay {\n  background-color: rgba(0, 0, 0, 0.221);\n}\n#section_205515436 .section-bg.bg-loaded {\n  background-image: url(https:\/\/enbiosis.com\/staging\/wp-content\/uploads\/2022\/12\/Gut_micro_page-copy11.jpg);\n}\n#section_205515436 .section-bg {\n  background-position: 50% 40%;\n}\n#section_205515436 .ux-shape-divider--top svg {\n  height: 150px;\n  --divider-top-width: 100%;\n}\n#section_205515436 .ux-shape-divider--bottom svg {\n  height: 150px;\n  --divider-width: 100%;\n}\n@media (min-width:550px) {\n  #section_205515436 {\n    padding-top: 0px;\n    padding-bottom: 0px;\n  }\n}\n<\/style>\n\t<\/section>\n\t\n\t<section class=\"section\" id=\"section_763127367\">\n\t\t<div class=\"bg section-bg fill bg-fill  bg-loaded\" >\n\n\t\t\t\n\t\t\t\n\t\t\t\n\n\t\t<\/div>\n\n\t\t\n\n\t\t<div class=\"section-content relative\">\n\t\t\t\n<div class=\"row align-center\"  id=\"row-4577011\">\n\n\t<div id=\"col-1664864246\" class=\"col small-12 large-12\"  >\n\t\t\t\t<div class=\"col-inner text-left\"  >\n\t\t\t\n\t\t\t\n\t<div id=\"gap-300735426\" class=\"gap-element clearfix\" style=\"display:block; height:auto;\">\n\t\t\n<style>\n#gap-300735426 {\n  padding-top: 30px;\n}\n<\/style>\n\t<\/div>\n\t\n<div class=\"row align-equal align-center\"  id=\"row-1275963947\">\n\n\t<div id=\"col-98924222\" class=\"col small-12 large-12\"  >\n\t\t\t\t<div class=\"col-inner text-left\" style=\"background-color:rgb(255,255,255);\" >\n\t\t\t\n\t\t\t\n<div class=\"row align-middle\"  id=\"row-834007328\">\n\n\t<div id=\"col-1600852063\" class=\"col medium-4 small-12 large-4 small-col-first\"  >\n\t\t\t\t<div class=\"col-inner text-center\"  >\n\t\t\t\n\t\t\t\n\t<div class=\"img has-hover x md-x lg-x y md-y lg-y\" id=\"image_210812424\">\n\t\t\t\t\t\t\t\t<div class=\"img-inner dark\" >\n\t\t\t<img fetchpriority=\"high\" decoding=\"async\" width=\"1080\" height=\"1080\" src=\"https:\/\/enbiosis.com\/staging\/wp-content\/uploads\/2022\/07\/enbiosis-ai-01.jpg\" class=\"attachment-original size-original\" alt=\"AI-powered microbiome analysis and recommendation\" srcset=\"https:\/\/enbiosis.com\/staging\/wp-content\/uploads\/2022\/07\/enbiosis-ai-01.jpg 1080w, https:\/\/enbiosis.com\/staging\/wp-content\/uploads\/2022\/07\/enbiosis-ai-01-510x510.jpg 510w, https:\/\/enbiosis.com\/staging\/wp-content\/uploads\/2022\/07\/enbiosis-ai-01-100x100.jpg 100w, https:\/\/enbiosis.com\/staging\/wp-content\/uploads\/2022\/07\/enbiosis-ai-01-300x300.jpg 300w, https:\/\/enbiosis.com\/staging\/wp-content\/uploads\/2022\/07\/enbiosis-ai-01-1024x1024.jpg 1024w, https:\/\/enbiosis.com\/staging\/wp-content\/uploads\/2022\/07\/enbiosis-ai-01-150x150.jpg 150w, https:\/\/enbiosis.com\/staging\/wp-content\/uploads\/2022\/07\/enbiosis-ai-01-768x768.jpg 768w\" sizes=\"(max-width: 1080px) 100vw, 1080px\" \/>\t\t\t\t\t\t\n\t\t\t\t\t<\/div>\n\t\t\t\t\t\t\t\t\n<style>\n#image_210812424 {\n  width: 100%;\n}\n<\/style>\n\t<\/div>\n\t\n\t\t<\/div>\n\t\t\t\t\t<\/div>\n\n\t\n\n\t<div id=\"col-1662230360\" class=\"col medium-8 small-12 large-8\"  >\n\t\t\t\t<div class=\"col-inner text-left\"  >\n\t\t\t\n\t\t\t\n\t<div id=\"text-3473568940\" class=\"text\">\n\t\t\n<h2 class=\"gradient-title\">Yapay zeka ve insan ba\u011f\u0131rsak mikrobiyomunu nas\u0131l birle\u015ftiriyoruz?<\/h2>\n\t\t\n<style>\n#text-3473568940 {\n  font-size: 2.5rem;\n  text-align: left;\n}\n<\/style>\n\t<\/div>\n\t\n<p>Ba\u011f\u0131rsak mikrobiyomu yapay zeka teknolojileri kullan\u0131larak analiz edilir. Numunenin al\u0131nmas\u0131n\u0131n ard\u0131ndan, anla\u015fmal\u0131 laboratuvarlar\u0131m\u0131z NGS tabanl\u0131 analizi ger\u00e7ekle\u015ftirir. ENBIOSIS yaz\u0131l\u0131m\u0131 ham DNA verilerini i\u015fler, taksonomik d\u00fczeyde ki\u015finin ba\u011f\u0131rsa\u011f\u0131nda hangi bakteri gruplar\u0131n\u0131n ya\u015fad\u0131\u011f\u0131n\u0131 belirler ve en \u00f6nemlisi bunlar aras\u0131ndaki ekolojik ve i\u015flevsel ili\u015fkileri tan\u0131mlar. Mikrobiyom analizinin detaylar\u0131 <strong>ENBIOSIS Mikrobiyom Analiz Raporu<\/strong>&#8216;nda yer almaktad\u0131r.<\/p>\n\t\t<\/div>\n\t\t\t\t\t<\/div>\n\n\t\n<\/div>\n\t<div id=\"gap-655418277\" class=\"gap-element clearfix\" style=\"display:block; height:auto;\">\n\t\t\n<style>\n#gap-655418277 {\n  padding-top: 30px;\n}\n<\/style>\n\t<\/div>\n\t\n<div class=\"row align-middle\"  id=\"row-1416568629\">\n\n\t<div id=\"col-635222959\" class=\"col medium-8 small-12 large-8\"  >\n\t\t\t\t<div class=\"col-inner text-left\"  >\n\t\t\t\n\t\t\t\n\t<div id=\"text-4147851101\" class=\"text\">\n\t\t\n<h2 class=\"gradient-title\">ENBIOSIS yapay zeka teknolojisi<\/h2>\n<p>Makine \u00f6\u011frenimi modellerini e\u011fitmek i\u00e7in, Amerikan Ba\u011f\u0131rsak Projesi, \u0130nsan Mikrobiyom Projesi, Flaman Ba\u011f\u0131rsak Floras\u0131 Projesi ve sahip oldu\u011fumuz kurum i\u00e7i verilerden elde edilen mevcut a\u00e7\u0131k kaynakl\u0131 verileri kullanarak bir mikrobiyom veritaban\u0131 derledik. Veritaban\u0131, 46.000&#8217;den fazla bireye ait mikrobiyom verileri ile ya\u015fam tarz\u0131 ve sa\u011fl\u0131k bilgilerinden olu\u015fmaktad\u0131r. Geni\u015fleyen biyobankam\u0131z ile yapay zeka teknolojimiz kendini s\u00fcrekli geli\u015ftiriyor.<\/p>\n\t\t\n<style>\n#text-4147851101 {\n  text-align: left;\n}\n<\/style>\n\t<\/div>\n\t\n\t\t<\/div>\n\t\t\t\t\t<\/div>\n\n\t\n\n\t<div id=\"col-1138586841\" class=\"col medium-4 small-12 large-4 small-col-first\"  >\n\t\t\t\t<div class=\"col-inner text-center\"  >\n\t\t\t\n\t\t\t\n\t<div class=\"img has-hover x md-x lg-x y md-y lg-y\" id=\"image_35992878\">\n\t\t\t\t\t\t\t\t<div class=\"img-inner dark\" >\n\t\t\t<img decoding=\"async\" width=\"1080\" height=\"1080\" src=\"https:\/\/enbiosis.com\/staging\/wp-content\/uploads\/2022\/07\/enbiosis-ai-02.jpg\" class=\"attachment-original size-original\" alt=\"AI-powered microbiome analysis and recommendation\" srcset=\"https:\/\/enbiosis.com\/staging\/wp-content\/uploads\/2022\/07\/enbiosis-ai-02.jpg 1080w, https:\/\/enbiosis.com\/staging\/wp-content\/uploads\/2022\/07\/enbiosis-ai-02-510x510.jpg 510w, https:\/\/enbiosis.com\/staging\/wp-content\/uploads\/2022\/07\/enbiosis-ai-02-100x100.jpg 100w, https:\/\/enbiosis.com\/staging\/wp-content\/uploads\/2022\/07\/enbiosis-ai-02-300x300.jpg 300w, https:\/\/enbiosis.com\/staging\/wp-content\/uploads\/2022\/07\/enbiosis-ai-02-1024x1024.jpg 1024w, https:\/\/enbiosis.com\/staging\/wp-content\/uploads\/2022\/07\/enbiosis-ai-02-150x150.jpg 150w, https:\/\/enbiosis.com\/staging\/wp-content\/uploads\/2022\/07\/enbiosis-ai-02-768x768.jpg 768w\" sizes=\"(max-width: 1080px) 100vw, 1080px\" \/>\t\t\t\t\t\t\n\t\t\t\t\t<\/div>\n\t\t\t\t\t\t\t\t\n<style>\n#image_35992878 {\n  width: 100%;\n}\n<\/style>\n\t<\/div>\n\t\n\t\t<\/div>\n\t\t\t\t\t<\/div>\n\n\t\n<\/div>\n\t<div id=\"gap-2011449506\" class=\"gap-element clearfix\" style=\"display:block; height:auto;\">\n\t\t\n<style>\n#gap-2011449506 {\n  padding-top: 30px;\n}\n<\/style>\n\t<\/div>\n\t\n<div class=\"row align-middle\"  id=\"row-1540642795\">\n\n\t<div id=\"col-925477897\" class=\"col medium-4 small-12 large-4 small-col-first\"  >\n\t\t\t\t<div class=\"col-inner text-center\"  >\n\t\t\t\n\t\t\t\n\t<div class=\"img has-hover x md-x lg-x y md-y lg-y\" id=\"image_628156937\">\n\t\t\t\t\t\t\t\t<div class=\"img-inner dark\" >\n\t\t\t<img decoding=\"async\" width=\"1080\" height=\"1080\" src=\"https:\/\/enbiosis.com\/staging\/wp-content\/uploads\/2022\/07\/enbiosis-ai-03.jpg\" class=\"attachment-original size-original\" alt=\"AI-powered microbiome analysis and recommendation\" srcset=\"https:\/\/enbiosis.com\/staging\/wp-content\/uploads\/2022\/07\/enbiosis-ai-03.jpg 1080w, https:\/\/enbiosis.com\/staging\/wp-content\/uploads\/2022\/07\/enbiosis-ai-03-510x510.jpg 510w, https:\/\/enbiosis.com\/staging\/wp-content\/uploads\/2022\/07\/enbiosis-ai-03-100x100.jpg 100w, https:\/\/enbiosis.com\/staging\/wp-content\/uploads\/2022\/07\/enbiosis-ai-03-300x300.jpg 300w, https:\/\/enbiosis.com\/staging\/wp-content\/uploads\/2022\/07\/enbiosis-ai-03-1024x1024.jpg 1024w, https:\/\/enbiosis.com\/staging\/wp-content\/uploads\/2022\/07\/enbiosis-ai-03-150x150.jpg 150w, https:\/\/enbiosis.com\/staging\/wp-content\/uploads\/2022\/07\/enbiosis-ai-03-768x768.jpg 768w\" sizes=\"(max-width: 1080px) 100vw, 1080px\" \/>\t\t\t\t\t\t\n\t\t\t\t\t<\/div>\n\t\t\t\t\t\t\t\t\n<style>\n#image_628156937 {\n  width: 100%;\n}\n<\/style>\n\t<\/div>\n\t\n\t\t<\/div>\n\t\t\t\t\t<\/div>\n\n\t\n\n\t<div id=\"col-1502760213\" class=\"col medium-8 small-12 large-8\"  >\n\t\t\t\t<div class=\"col-inner text-left\"  >\n\t\t\t\n\t\t\t\n<h2 class=\"gradient-title\">Probiyotik \u00f6neri motoru<\/h2>\n<p>Probiyotikler, takviye olarak t\u00fcketildiklerinde sa\u011fl\u0131k a\u00e7\u0131s\u0131ndan fayda sa\u011flayan canl\u0131 mikroorganizmalard\u0131r. Her bireyin mikrobiyomunu mikrobiyal gen \u00e7\u00f6z\u00fcn\u00fcrl\u00fc\u011f\u00fcnde analiz eden ENBIOSIS, sa\u011fl\u0131\u011f\u0131 geli\u015ftirmenin yan\u0131 s\u0131ra kronik hastal\u0131klar\u0131n komplikasyonlar\u0131n\u0131 \u00f6nlemek i\u00e7in ki\u015fiselle\u015ftirilmi\u015f probiyotik \u00f6nerileri sunar.<\/p>\n\t\t<\/div>\n\t\t\t\t\t<\/div>\n\n\t\n<\/div>\n\t<div id=\"gap-1558880360\" class=\"gap-element clearfix\" style=\"display:block; height:auto;\">\n\t\t\n<style>\n#gap-1558880360 {\n  padding-top: 30px;\n}\n<\/style>\n\t<\/div>\n\t\n<div class=\"row align-middle\"  id=\"row-1488211614\">\n\n\t<div id=\"col-703642202\" class=\"col medium-8 small-12 large-8\"  >\n\t\t\t\t<div class=\"col-inner text-left\"  >\n\t\t\t\n\t\t\t\n\t<div id=\"text-702785401\" class=\"text\">\n\t\t\n<h2 class=\"gradient-title\">ENBIOSIS Yapay zeka tabanl\u0131 beslenme modeli<\/h2>\n<p>G\u0131da-mikrobiyota ili\u015fkisini de\u011ferlendirmek i\u00e7in karbonhidratlar, proteinler, lipidler, vitaminler\/mineraller, fitokimyasallar, g\u0131da katk\u0131 maddeleri, spesifik g\u0131dalar, fermente g\u0131dalar kategorilerini i\u00e7eren bir besin veritaban\u0131 derledik. \u0130n-vivo \u00e7al\u0131\u015fmalarda belirli mikroorganizmalar\u0131n b\u00fcy\u00fcmesi\/ inhibisyonu ile ili\u015fkili olan mikro besinler bir meta-analiz ile belirlenmi\u015ftir.<\/p>\n<p>Nihai veri taban\u0131 mikro besinleri ve hedef mikroorganizmalar\u0131 i\u00e7erir. Tercih edilen bir mikrobiyom mod\u00fclasyonu (yani probiyotik bile\u015fim lehine daha sa\u011fl\u0131kl\u0131 bir duruma do\u011fru) belirlendi\u011finde, ilgili mikro besinler buna g\u00f6re puan al\u0131r. Tek bir mikro besin birden fazla hedefe sahip olabilece\u011fi gibi, bir organizma birden fazla mikro besin taraf\u0131ndan hedeflenebilir. Bu da belirli mikro besinlerin tekrarlayan tercihlerine ve dolay\u0131s\u0131yla geni\u015f bir aral\u0131kta farkl\u0131 derecelendirmelere yol a\u00e7ar.<\/p>\n<p>Nihai puanlar 0-10 aral\u0131\u011f\u0131na \u00f6l\u00e7eklendirilmi\u015f g\u00f6receli bir derecelendirmedir. Benzer \u015fekilde, g\u0131da puanlamalar\u0131, mikro besin i\u00e7eriklerine g\u00f6re do\u011frusal olarak a\u011f\u0131rl\u0131kland\u0131r\u0131lm\u0131\u015f g\u0131da maddelerinin k\u00fcm\u00fclatif puanlamas\u0131d\u0131r.<\/p>\n\t\t\n<style>\n#text-702785401 {\n  text-align: left;\n}\n<\/style>\n\t<\/div>\n\t\n\t\t<\/div>\n\t\t\t\t\t<\/div>\n\n\t\n\n\t<div id=\"col-346615206\" class=\"col medium-4 small-12 large-4 small-col-first\"  >\n\t\t\t\t<div class=\"col-inner text-center\"  >\n\t\t\t\n\t\t\t\n\t<div class=\"img has-hover x md-x lg-x y md-y lg-y\" id=\"image_627094241\">\n\t\t\t\t\t\t\t\t<div class=\"img-inner dark\" >\n\t\t\t<img loading=\"lazy\" decoding=\"async\" width=\"1080\" height=\"1080\" src=\"https:\/\/enbiosis.com\/staging\/wp-content\/uploads\/2022\/07\/enbiosis-ai-04.jpg\" class=\"attachment-original size-original\" alt=\"AI-powered microbiome analysis and recommendation\" srcset=\"https:\/\/enbiosis.com\/staging\/wp-content\/uploads\/2022\/07\/enbiosis-ai-04.jpg 1080w, https:\/\/enbiosis.com\/staging\/wp-content\/uploads\/2022\/07\/enbiosis-ai-04-510x510.jpg 510w, https:\/\/enbiosis.com\/staging\/wp-content\/uploads\/2022\/07\/enbiosis-ai-04-100x100.jpg 100w, https:\/\/enbiosis.com\/staging\/wp-content\/uploads\/2022\/07\/enbiosis-ai-04-300x300.jpg 300w, https:\/\/enbiosis.com\/staging\/wp-content\/uploads\/2022\/07\/enbiosis-ai-04-1024x1024.jpg 1024w, https:\/\/enbiosis.com\/staging\/wp-content\/uploads\/2022\/07\/enbiosis-ai-04-150x150.jpg 150w, https:\/\/enbiosis.com\/staging\/wp-content\/uploads\/2022\/07\/enbiosis-ai-04-768x768.jpg 768w\" sizes=\"(max-width: 1080px) 100vw, 1080px\" \/>\t\t\t\t\t\t\n\t\t\t\t\t<\/div>\n\t\t\t\t\t\t\t\t\n<style>\n#image_627094241 {\n  width: 100%;\n}\n<\/style>\n\t<\/div>\n\t\n\t\t<\/div>\n\t\t\t\t\t<\/div>\n\n\t\n<\/div>\n\t<div id=\"gap-1326013707\" class=\"gap-element clearfix\" style=\"display:block; height:auto;\">\n\t\t\n<style>\n#gap-1326013707 {\n  padding-top: 30px;\n}\n<\/style>\n\t<\/div>\n\t\n<div class=\"row align-middle\"  id=\"row-1997530101\">\n\n\t<div id=\"col-1153545133\" class=\"col medium-4 small-12 large-4 small-col-first\"  >\n\t\t\t\t<div class=\"col-inner text-center\"  >\n\t\t\t\n\t\t\t\n\t<div class=\"img has-hover x md-x lg-x y md-y lg-y\" id=\"image_1627313182\">\n\t\t\t\t\t\t\t\t<div class=\"img-inner dark\" >\n\t\t\t<img loading=\"lazy\" decoding=\"async\" width=\"1080\" height=\"1080\" src=\"https:\/\/enbiosis.com\/staging\/wp-content\/uploads\/2022\/07\/enbiosis-ai-05.jpg\" class=\"attachment-original size-original\" alt=\"AI-powered microbiome analysis and recommendation\" srcset=\"https:\/\/enbiosis.com\/staging\/wp-content\/uploads\/2022\/07\/enbiosis-ai-05.jpg 1080w, https:\/\/enbiosis.com\/staging\/wp-content\/uploads\/2022\/07\/enbiosis-ai-05-510x510.jpg 510w, https:\/\/enbiosis.com\/staging\/wp-content\/uploads\/2022\/07\/enbiosis-ai-05-100x100.jpg 100w, https:\/\/enbiosis.com\/staging\/wp-content\/uploads\/2022\/07\/enbiosis-ai-05-300x300.jpg 300w, https:\/\/enbiosis.com\/staging\/wp-content\/uploads\/2022\/07\/enbiosis-ai-05-1024x1024.jpg 1024w, https:\/\/enbiosis.com\/staging\/wp-content\/uploads\/2022\/07\/enbiosis-ai-05-150x150.jpg 150w, https:\/\/enbiosis.com\/staging\/wp-content\/uploads\/2022\/07\/enbiosis-ai-05-768x768.jpg 768w\" sizes=\"(max-width: 1080px) 100vw, 1080px\" \/>\t\t\t\t\t\t\n\t\t\t\t\t<\/div>\n\t\t\t\t\t\t\t\t\n<style>\n#image_1627313182 {\n  width: 100%;\n}\n<\/style>\n\t<\/div>\n\t\n\t\t<\/div>\n\t\t\t\t\t<\/div>\n\n\t\n\n\t<div id=\"col-297433144\" class=\"col medium-8 small-12 large-8\"  >\n\t\t\t\t<div class=\"col-inner text-left\"  >\n\t\t\t\n\t\t\t\n\t<div id=\"text-2060370595\" class=\"text\">\n\t\t\n<h2 class=\"gradient-title\">ENBIOSIS yeni nesil probiyotikler ve canl\u0131 biyoterap\u00f6tikler<\/h2>\n<p>Yapay zeka tabanl\u0131 biyobelirte\u00e7 ke\u015fif teknolojimiz, insan sa\u011fl\u0131\u011f\u0131yla ili\u015fkili genetik varl\u0131klar\u0131 ke\u015ffetmek i\u00e7in b\u00fcy\u00fck miktarlarda mikrobiyom verisini veri madencili\u011fi ile i\u015flemektedir. Tescilli mikro-biyobankam\u0131zdaki aray\u0131\u015f\u0131m\u0131z boyunca, potansiyel olarak benzeri g\u00f6r\u00fclmemi\u015f sa\u011fl\u0131k yararlar\u0131 sa\u011flayabilecek \u00e7arp\u0131c\u0131 biyobelirte\u00e7ler (b\u00fcy\u00fck DNA segmentleri olarak bakteriyel genler ve biyosentetik gen k\u00fcmeleri) ke\u015ffettik.<\/p>\n<p>S\u00f6z konusu biyobelirte\u00e7leri entegre ederek yeni nesil probiyotikler sunmak \u00fczere geneti\u011fi de\u011fi\u015ftirilmi\u015f mikroorganizmalar \u00fcretmek i\u00e7in bir ara\u015ft\u0131rma ve geli\u015ftirme program\u0131 ba\u015flatt\u0131k.<\/p>\n\t\t\n<style>\n#text-2060370595 {\n  text-align: left;\n}\n<\/style>\n\t<\/div>\n\t\n\t\t<\/div>\n\t\t\t\t\t<\/div>\n\n\t\n<\/div>\n\t<div id=\"gap-1906399849\" class=\"gap-element clearfix\" style=\"display:block; height:auto;\">\n\t\t\n<style>\n#gap-1906399849 {\n  padding-top: 50px;\n}\n<\/style>\n\t<\/div>\n\t\n\t\t<\/div>\n\t\t\t\t\t<\/div>\n\n\t\n\n<style>\n#row-1275963947 > .col > .col-inner {\n  padding: 40px 40px 40px 40px;\n  background-color: rgb(255,255,255);\n}\n<\/style>\n<\/div>\n\t\t<\/div>\n\t\t\t\t\t<\/div>\n\n\t\n<\/div>\n\t\t<\/div>\n\n\t\t\n<style>\n#section_763127367 {\n  padding-top: 30px;\n  padding-bottom: 30px;\n  background-color: rgb(244, 244, 244);\n}\n#section_763127367 .ux-shape-divider--top svg {\n  height: 150px;\n  --divider-top-width: 100%;\n}\n#section_763127367 .ux-shape-divider--bottom svg {\n  height: 150px;\n  --divider-width: 100%;\n}\n<\/style>\n\t<\/section>\n\t\n","protected":false},"excerpt":{"rendered":"","protected":false},"author":2,"featured_media":0,"parent":0,"menu_order":0,"comment_status":"closed","ping_status":"closed","template":"page-blank.php","meta":{"_acf_changed":false,"om_disable_all_campaigns":false,"inline_featured_image":false,"_uf_show_specific_survey":0,"_uf_disable_surveys":false,"footnotes":""},"class_list":["post-24930","page","type-page","status-publish","hentry"],"acf":[],"yoast_head":"<!-- This site is optimized with the Yoast SEO plugin v23.5 - https:\/\/yoast.com\/wordpress\/plugins\/seo\/ -->\n<title>Ba\u011f\u0131rsak mikrobiyomu testi ve ba\u011f\u0131rsak sa\u011fl\u0131\u011f\u0131 i\u00e7in Enbiosis AI teknolojisi<\/title>\n<meta name=\"description\" content=\"Ba\u011f\u0131rsak sa\u011fl\u0131\u011f\u0131n\u0131z\u0131 art\u0131rmak i\u00e7in yapay zeka destekli ba\u011f\u0131rsak sa\u011fl\u0131\u011f\u0131 \u00e7\u00f6z\u00fcmleri ve mikrobiyom analizi, ki\u015fiselle\u015ftirilmi\u015f g\u0131da ve takviye \u00f6nerileri.\" \/>\n<meta name=\"robots\" content=\"noindex, follow, max-snippet:-1, max-image-preview:large, max-video-preview:-1\" \/>\n<meta property=\"og:locale\" content=\"en_US\" \/>\n<meta property=\"og:type\" content=\"article\" \/>\n<meta property=\"og:title\" content=\"Ba\u011f\u0131rsak mikrobiyomu testi ve ba\u011f\u0131rsak sa\u011fl\u0131\u011f\u0131 i\u00e7in Enbiosis AI teknolojisi\" \/>\n<meta property=\"og:description\" content=\"Ba\u011f\u0131rsak sa\u011fl\u0131\u011f\u0131n\u0131z\u0131 art\u0131rmak i\u00e7in yapay zeka destekli ba\u011f\u0131rsak sa\u011fl\u0131\u011f\u0131 \u00e7\u00f6z\u00fcmleri ve mikrobiyom analizi, ki\u015fiselle\u015ftirilmi\u015f g\u0131da ve takviye \u00f6nerileri.\" \/>\n<meta property=\"og:url\" content=\"https:\/\/enbiosis.com\/staging\/tr\/enbiosis-ai-technology\/\" \/>\n<meta property=\"og:site_name\" content=\"Enbiosis\" \/>\n<meta property=\"article:modified_time\" content=\"2024-11-26T17:13:25+00:00\" \/>\n<meta name=\"twitter:card\" content=\"summary_large_image\" \/>\n<meta name=\"twitter:label1\" content=\"Est. reading time\" \/>\n\t<meta name=\"twitter:data1\" content=\"3 minutes\" \/>\n<script type=\"application\/ld+json\" class=\"yoast-schema-graph\">{\"@context\":\"https:\/\/schema.org\",\"@graph\":[{\"@type\":\"WebPage\",\"@id\":\"https:\/\/enbiosis.com\/staging\/tr\/enbiosis-ai-technology\/\",\"url\":\"https:\/\/enbiosis.com\/staging\/tr\/enbiosis-ai-technology\/\",\"name\":\"Ba\u011f\u0131rsak mikrobiyomu testi ve ba\u011f\u0131rsak sa\u011fl\u0131\u011f\u0131 i\u00e7in Enbiosis AI teknolojisi\",\"isPartOf\":{\"@id\":\"https:\/\/enbiosis.com\/staging\/#website\"},\"datePublished\":\"2023-12-26T09:58:30+00:00\",\"dateModified\":\"2024-11-26T17:13:25+00:00\",\"description\":\"Ba\u011f\u0131rsak sa\u011fl\u0131\u011f\u0131n\u0131z\u0131 art\u0131rmak i\u00e7in yapay zeka destekli ba\u011f\u0131rsak sa\u011fl\u0131\u011f\u0131 \u00e7\u00f6z\u00fcmleri ve mikrobiyom analizi, ki\u015fiselle\u015ftirilmi\u015f g\u0131da ve takviye \u00f6nerileri.\",\"breadcrumb\":{\"@id\":\"https:\/\/enbiosis.com\/staging\/tr\/enbiosis-ai-technology\/#breadcrumb\"},\"inLanguage\":\"en-US\",\"potentialAction\":[{\"@type\":\"ReadAction\",\"target\":[\"https:\/\/enbiosis.com\/staging\/tr\/enbiosis-ai-technology\/\"]}]},{\"@type\":\"BreadcrumbList\",\"@id\":\"https:\/\/enbiosis.com\/staging\/tr\/enbiosis-ai-technology\/#breadcrumb\",\"itemListElement\":[{\"@type\":\"ListItem\",\"position\":1,\"name\":\"Home\",\"item\":\"https:\/\/enbiosis.com\/staging\/\"},{\"@type\":\"ListItem\",\"position\":2,\"name\":\"ENBIOSIS Yapay Zeka Teknolojisi\"}]},{\"@type\":\"WebSite\",\"@id\":\"https:\/\/enbiosis.com\/staging\/#website\",\"url\":\"https:\/\/enbiosis.com\/staging\/\",\"name\":\"Enbiosis\",\"description\":\"Microbiome Analysis\",\"potentialAction\":[{\"@type\":\"SearchAction\",\"target\":{\"@type\":\"EntryPoint\",\"urlTemplate\":\"https:\/\/enbiosis.com\/staging\/?s={search_term_string}\"},\"query-input\":{\"@type\":\"PropertyValueSpecification\",\"valueRequired\":true,\"valueName\":\"search_term_string\"}}],\"inLanguage\":\"en-US\"}]}<\/script>\n<!-- \/ Yoast SEO plugin. -->","yoast_head_json":{"title":"Ba\u011f\u0131rsak mikrobiyomu testi ve ba\u011f\u0131rsak sa\u011fl\u0131\u011f\u0131 i\u00e7in Enbiosis AI teknolojisi","description":"Ba\u011f\u0131rsak sa\u011fl\u0131\u011f\u0131n\u0131z\u0131 art\u0131rmak i\u00e7in yapay zeka destekli ba\u011f\u0131rsak sa\u011fl\u0131\u011f\u0131 \u00e7\u00f6z\u00fcmleri ve mikrobiyom analizi, ki\u015fiselle\u015ftirilmi\u015f g\u0131da ve takviye \u00f6nerileri.","robots":{"index":"noindex","follow":"follow","max-snippet":"max-snippet:-1","max-image-preview":"max-image-preview:large","max-video-preview":"max-video-preview:-1"},"og_locale":"en_US","og_type":"article","og_title":"Ba\u011f\u0131rsak mikrobiyomu testi ve ba\u011f\u0131rsak sa\u011fl\u0131\u011f\u0131 i\u00e7in Enbiosis AI teknolojisi","og_description":"Ba\u011f\u0131rsak sa\u011fl\u0131\u011f\u0131n\u0131z\u0131 art\u0131rmak i\u00e7in yapay zeka destekli ba\u011f\u0131rsak sa\u011fl\u0131\u011f\u0131 \u00e7\u00f6z\u00fcmleri ve mikrobiyom analizi, ki\u015fiselle\u015ftirilmi\u015f g\u0131da ve takviye \u00f6nerileri.","og_url":"https:\/\/enbiosis.com\/staging\/tr\/enbiosis-ai-technology\/","og_site_name":"Enbiosis","article_modified_time":"2024-11-26T17:13:25+00:00","twitter_card":"summary_large_image","twitter_misc":{"Est. reading time":"3 minutes"},"schema":{"@context":"https:\/\/schema.org","@graph":[{"@type":"WebPage","@id":"https:\/\/enbiosis.com\/staging\/tr\/enbiosis-ai-technology\/","url":"https:\/\/enbiosis.com\/staging\/tr\/enbiosis-ai-technology\/","name":"Ba\u011f\u0131rsak mikrobiyomu testi ve ba\u011f\u0131rsak sa\u011fl\u0131\u011f\u0131 i\u00e7in Enbiosis AI teknolojisi","isPartOf":{"@id":"https:\/\/enbiosis.com\/staging\/#website"},"datePublished":"2023-12-26T09:58:30+00:00","dateModified":"2024-11-26T17:13:25+00:00","description":"Ba\u011f\u0131rsak sa\u011fl\u0131\u011f\u0131n\u0131z\u0131 art\u0131rmak i\u00e7in yapay zeka destekli ba\u011f\u0131rsak sa\u011fl\u0131\u011f\u0131 \u00e7\u00f6z\u00fcmleri ve mikrobiyom analizi, ki\u015fiselle\u015ftirilmi\u015f g\u0131da ve takviye \u00f6nerileri.","breadcrumb":{"@id":"https:\/\/enbiosis.com\/staging\/tr\/enbiosis-ai-technology\/#breadcrumb"},"inLanguage":"en-US","potentialAction":[{"@type":"ReadAction","target":["https:\/\/enbiosis.com\/staging\/tr\/enbiosis-ai-technology\/"]}]},{"@type":"BreadcrumbList","@id":"https:\/\/enbiosis.com\/staging\/tr\/enbiosis-ai-technology\/#breadcrumb","itemListElement":[{"@type":"ListItem","position":1,"name":"Home","item":"https:\/\/enbiosis.com\/staging\/"},{"@type":"ListItem","position":2,"name":"ENBIOSIS Yapay Zeka Teknolojisi"}]},{"@type":"WebSite","@id":"https:\/\/enbiosis.com\/staging\/#website","url":"https:\/\/enbiosis.com\/staging\/","name":"Enbiosis","description":"Microbiome Analysis","potentialAction":[{"@type":"SearchAction","target":{"@type":"EntryPoint","urlTemplate":"https:\/\/enbiosis.com\/staging\/?s={search_term_string}"},"query-input":{"@type":"PropertyValueSpecification","valueRequired":true,"valueName":"search_term_string"}}],"inLanguage":"en-US"}]}},"lang":"tr","translations":{"tr":24930,"en":268,"ar":21702,"pt":24519,"zh":24667,"es":26299,"pl":26535,"el":36731,"ru":37219,"cs":38297},"pll_sync_post":[],"_links":{"self":[{"href":"https:\/\/enbiosis.com\/staging\/wp-json\/wp\/v2\/pages\/24930"}],"collection":[{"href":"https:\/\/enbiosis.com\/staging\/wp-json\/wp\/v2\/pages"}],"about":[{"href":"https:\/\/enbiosis.com\/staging\/wp-json\/wp\/v2\/types\/page"}],"author":[{"embeddable":true,"href":"https:\/\/enbiosis.com\/staging\/wp-json\/wp\/v2\/users\/2"}],"replies":[{"embeddable":true,"href":"https:\/\/enbiosis.com\/staging\/wp-json\/wp\/v2\/comments?post=24930"}],"version-history":[{"count":0,"href":"https:\/\/enbiosis.com\/staging\/wp-json\/wp\/v2\/pages\/24930\/revisions"}],"wp:attachment":[{"href":"https:\/\/enbiosis.com\/staging\/wp-json\/wp\/v2\/media?parent=24930"}],"curies":[{"name":"wp","href":"https:\/\/api.w.org\/{rel}","templated":true}]}}