{"id":25138,"date":"2024-01-11T12:21:57","date_gmt":"2024-01-11T09:21:57","guid":{"rendered":"https:\/\/www.enbiosis.com\/?page_id=25138"},"modified":"2024-12-03T13:39:56","modified_gmt":"2024-12-03T10:39:56","slug":"about","status":"publish","type":"page","link":"https:\/\/enbiosis.com\/staging\/tr\/about\/","title":{"rendered":"Hakk\u0131m\u0131zda"},"content":{"rendered":"\t<section class=\"section\" id=\"section_1601140236\">\n\t\t<div class=\"bg section-bg fill bg-fill  \" >\n\n\t\t\t\n\t\t\t<div class=\"section-bg-overlay absolute fill\"><\/div>\n\t\t\t\n\n\t\t<\/div>\n\n\t\t\n\n\t\t<div class=\"section-content relative\">\n\t\t\t\n<div class=\"row\"  id=\"row-2092557578\">\n\n\t<div id=\"col-461825428\" class=\"col small-12 large-12\"  >\n\t\t\t\t<div class=\"col-inner text-center dark\"  >\n\t\t\t\n\t\t\t\n\t<div id=\"text-1299425521\" class=\"text\">\n\t\t\n<h2>Mikrobiyom inovasyonuna adanm\u0131\u015f beyinlerle tan\u0131\u015f\u0131n<\/h2>\n\t\t\n<style>\n#text-1299425521 {\n  font-size: 2rem;\n  text-align: center;\n}\n<\/style>\n\t<\/div>\n\t\n\t\t<\/div>\n\t\t\t\t\n<style>\n#col-461825428 > .col-inner {\n  padding: 56px 0px 0px 0px;\n}\n<\/style>\n\t<\/div>\n\n\t\n<\/div>\n\t\t<\/div>\n\n\t\t\n<style>\n#section_1601140236 {\n  padding-top: 50px;\n  padding-bottom: 50px;\n  min-height: 300px;\n}\n#section_1601140236 .section-bg-overlay {\n  background-color: rgba(0, 0, 0, 0.378);\n}\n#section_1601140236 .section-bg.bg-loaded {\n  background-image: url(https:\/\/enbiosis.com\/staging\/wp-content\/uploads\/2023\/01\/about-us-header-2.jpg);\n}\n#section_1601140236 .section-bg {\n  background-position: 54% 15%;\n}\n#section_1601140236 .ux-shape-divider--top svg {\n  height: 150px;\n  --divider-top-width: 100%;\n}\n#section_1601140236 .ux-shape-divider--bottom svg {\n  height: 150px;\n  --divider-width: 100%;\n}\n@media (min-width:550px) {\n  #section_1601140236 {\n    padding-top: 0px;\n    padding-bottom: 0px;\n  }\n}\n<\/style>\n\t<\/section>\n\t\n\t<section class=\"section\" id=\"section_1250190132\">\n\t\t<div class=\"bg section-bg fill bg-fill  bg-loaded\" >\n\n\t\t\t\n\t\t\t\n\t\t\t\n\n\t\t<\/div>\n\n\t\t\n\n\t\t<div class=\"section-content relative\">\n\t\t\t\n<div class=\"row align-middle\"  id=\"row-62351604\">\n\n\t<div id=\"col-1744737501\" class=\"col medium-6 small-12 large-6\"  >\n\t\t\t\t<div class=\"col-inner\"  >\n\t\t\t\n\t\t\t\n<h3 class=\"gradient-title\">Mikrobiyom devrimi<\/h3>\n<p>Sa\u011fl\u0131\u011f\u0131n gelece\u011fi mikrobiyomunuzda gizli ve biz ENBIOSIS olarak ba\u011f\u0131rsaklar\u0131n\u0131zda sakl\u0131 olan\u0131 bulman\u0131z i\u00e7in size rehberlik ediyoruz.<\/p>\n<p>Mikrobiyom organizmalar\u0131n\u0131 kullanarak bilimsel bulu\u015flar, \u00fcr\u00fcnler ve hizmetler \u00fcretiyor, insan sa\u011fl\u0131\u011f\u0131n\u0131n kalitesini art\u0131rmay\u0131 hedefliyoruz. Yapay zeka destekli teknolojilerimizle, ki\u015fiselle\u015ftirilmi\u015f sa\u011fl\u0131k \u00e7\u00f6z\u00fcmleri sunmak i\u00e7in insan ba\u011f\u0131rsak mikrobiyomunu analiz ediyoruz. Bu, her bireyi daha sa\u011fl\u0131kl\u0131 bir duruma do\u011fru y\u00f6nlendirmeyi ama\u00e7layan ki\u015fiselle\u015ftirilmi\u015f g\u0131da \u00f6nerilerini ve pre &amp; probiyotik \u00f6nerilerini i\u00e7erir.<\/p>\n<div class=\"notranslate\" style=\"all: initial;\"><\/div>\n\t\t<\/div>\n\t\t\t\t\t<\/div>\n\n\t\n\n\t<div id=\"col-1008778262\" class=\"col medium-6 small-12 large-6 small-col-first\"  >\n\t\t\t\t<div class=\"col-inner text-center\"  >\n\t\t\t\n\t\t\t\n\t<div class=\"img has-hover x md-x lg-x y md-y lg-y\" id=\"image_1987619490\">\n\t\t\t\t\t\t\t\t<div class=\"img-inner dark\" >\n\t\t\t<img fetchpriority=\"high\" decoding=\"async\" width=\"1142\" height=\"1183\" src=\"https:\/\/enbiosis.com\/staging\/wp-content\/uploads\/2022\/01\/ngs-tech-min.jpg\" class=\"attachment-original size-original\" alt=\"ngs-tech-min\" srcset=\"https:\/\/enbiosis.com\/staging\/wp-content\/uploads\/2022\/01\/ngs-tech-min.jpg 1142w, https:\/\/enbiosis.com\/staging\/wp-content\/uploads\/2022\/01\/ngs-tech-min-510x528.jpg 510w, https:\/\/enbiosis.com\/staging\/wp-content\/uploads\/2022\/01\/ngs-tech-min-290x300.jpg 290w, https:\/\/enbiosis.com\/staging\/wp-content\/uploads\/2022\/01\/ngs-tech-min-989x1024.jpg 989w, https:\/\/enbiosis.com\/staging\/wp-content\/uploads\/2022\/01\/ngs-tech-min-768x796.jpg 768w\" sizes=\"(max-width: 1142px) 100vw, 1142px\" \/>\t\t\t\t\t\t\n\t\t\t\t\t<\/div>\n\t\t\t\t\t\t\t\t\n<style>\n#image_1987619490 {\n  width: 80%;\n}\n<\/style>\n\t<\/div>\n\t\n\t\t<\/div>\n\t\t\t\t\t<\/div>\n\n\t\n<\/div>\n\t\t<\/div>\n\n\t\t\n<style>\n#section_1250190132 {\n  padding-top: 50px;\n  padding-bottom: 50px;\n}\n#section_1250190132 .ux-shape-divider--top svg {\n  height: 150px;\n  --divider-top-width: 100%;\n}\n#section_1250190132 .ux-shape-divider--bottom svg {\n  height: 150px;\n  --divider-width: 100%;\n}\n<\/style>\n\t<\/section>\n\t\n\t<section class=\"section\" id=\"section_1097883164\">\n\t\t<div class=\"bg section-bg fill bg-fill  bg-loaded\" >\n\n\t\t\t\n\t\t\t\n\t\t\t\n\n\t\t<\/div>\n\n\t\t\n\n\t\t<div class=\"section-content relative\">\n\t\t\t\n<div class=\"row align-middle\"  id=\"row-197618226\">\n\n\t<div id=\"col-1091891106\" class=\"col medium-6 small-12 large-6\"  >\n\t\t\t\t<div class=\"col-inner\"  >\n\t\t\t\n\t\t\t\n\t<div class=\"img has-hover x md-x lg-x y md-y lg-y\" id=\"image_395165863\">\n\t\t\t\t\t\t\t\t<div class=\"img-inner dark\" >\n\t\t\t<img decoding=\"async\" width=\"800\" height=\"800\" src=\"https:\/\/enbiosis.com\/staging\/wp-content\/uploads\/2022\/01\/about_section_800x800.png\" class=\"attachment-original size-original\" alt=\"about_section_800x800\" srcset=\"https:\/\/enbiosis.com\/staging\/wp-content\/uploads\/2022\/01\/about_section_800x800.png 800w, https:\/\/enbiosis.com\/staging\/wp-content\/uploads\/2022\/01\/about_section_800x800-510x510.png 510w, https:\/\/enbiosis.com\/staging\/wp-content\/uploads\/2022\/01\/about_section_800x800-100x100.png 100w, https:\/\/enbiosis.com\/staging\/wp-content\/uploads\/2022\/01\/about_section_800x800-300x300.png 300w, https:\/\/enbiosis.com\/staging\/wp-content\/uploads\/2022\/01\/about_section_800x800-150x150.png 150w, https:\/\/enbiosis.com\/staging\/wp-content\/uploads\/2022\/01\/about_section_800x800-768x768.png 768w\" sizes=\"(max-width: 800px) 100vw, 800px\" \/>\t\t\t\t\t\t\n\t\t\t\t\t<\/div>\n\t\t\t\t\t\t\t\t\n<style>\n#image_395165863 {\n  width: 100%;\n}\n<\/style>\n\t<\/div>\n\t\n\t\t<\/div>\n\t\t\t\t\t<\/div>\n\n\t\n\n\t<div id=\"col-1800020022\" class=\"col medium-6 small-12 large-6 small-col-first\"  >\n\t\t\t\t<div class=\"col-inner\"  >\n\t\t\t\n\t\t\t\n<h3 class=\"gradient-title\">Ne yap\u0131yoruz?<\/h3>\n<p>ENBIOSIS Biotechnology, ki\u015fiselle\u015ftirilmi\u015f sa\u011fl\u0131k \u00e7\u00f6z\u00fcmleri sunmak i\u00e7in yapay zeka ve mikrobiyom bilimini birle\u015ftiriyor. Yapay zeka teknolojisi tabanl\u0131 ki\u015fiselle\u015ftirilmi\u015f bir \u00f6neri sistemi kullanarak sa\u011fl\u0131k parametrelerini analiz ediyoruz.<\/p>\n<p>Geli\u015fmi\u015f veri taban\u0131m\u0131zdaki trilyonlarca ba\u011f\u0131rsak bakterisi, geli\u015fmi\u015f yapay zeka modelleri yard\u0131m\u0131yla analiz edilmektedir. Ba\u011f\u0131rsak mikrobiyomu analizinin sonu\u00e7lar\u0131na g\u00f6re ki\u015fiselle\u015ftirilmi\u015f g\u0131da ve takviye \u00f6nerilerinin yan\u0131 s\u0131ra yemek tarifleri de sunuyoruz.<\/p>\n\t\t<\/div>\n\t\t\t\t\t<\/div>\n\n\t\n<\/div>\n\t\t<\/div>\n\n\t\t\n<style>\n#section_1097883164 {\n  padding-top: 50px;\n  padding-bottom: 50px;\n}\n#section_1097883164 .ux-shape-divider--top svg {\n  height: 150px;\n  --divider-top-width: 100%;\n}\n#section_1097883164 .ux-shape-divider--bottom svg {\n  height: 150px;\n  --divider-width: 100%;\n}\n<\/style>\n\t<\/section>\n\t\n\t<section class=\"section\" id=\"section_547389418\">\n\t\t<div class=\"bg section-bg fill bg-fill  bg-loaded\" >\n\n\t\t\t\n\t\t\t\n\t\t\t\n\n\t\t<\/div>\n\n\t\t\n\n\t\t<div class=\"section-content relative\">\n\t\t\t\n<div class=\"row align-middle\"  id=\"row-1140120146\">\n\n\t<div id=\"col-1556606213\" class=\"col medium-6 small-12 large-6\"  >\n\t\t\t\t<div class=\"col-inner\"  >\n\t\t\t\n\t\t\t\n<h3 class=\"gradient-title\">Ekosistem<\/h3>\n<p>ENBIOSIS ekosistemi, biyobankam\u0131z ve mobil uygulamam\u0131z arac\u0131l\u0131\u011f\u0131yla birbirine ba\u011flanan geni\u015f bir kullan\u0131c\u0131 a\u011f\u0131ndan, kullan\u0131c\u0131lara sa\u011fl\u0131k \u00e7\u00f6z\u00fcmleri icat etmek ve sunmak i\u00e7in biyobanka b\u00fcy\u00fck verilerini s\u00fcrekli olarak ara\u015ft\u0131ran bir yapay zeka i\u015fletim sisteminden; entegre biyoteknoloji \u00fcr\u00fcnleri ve hizmetleri geli\u015ftirmek i\u00e7in mikrobiyom bilimi \u00fczerine ara\u015ft\u0131rma yapan biyobilim ekibinden ve kullan\u0131c\u0131lara dan\u0131\u015fmanl\u0131k yapan sa\u011fl\u0131k uzmanlar\u0131 a\u011f\u0131ndan olu\u015fmaktad\u0131r.<\/p>\n\t\t<\/div>\n\t\t\t\t\t<\/div>\n\n\t\n\n\t<div id=\"col-1064479650\" class=\"col medium-6 small-12 large-6\"  >\n\t\t\t\t<div class=\"col-inner\"  >\n\t\t\t\n\t\t\t\n\t<div class=\"img has-hover x md-x lg-x y md-y lg-y\" id=\"image_1947778201\">\n\t\t\t\t\t\t\t\t<div class=\"img-inner dark\" >\n\t\t\t<img decoding=\"async\" width=\"742\" height=\"422\" src=\"https:\/\/enbiosis.com\/staging\/wp-content\/uploads\/2021\/12\/about_section2_1.png\" class=\"attachment-large size-large\" alt=\"about_section2_1\" srcset=\"https:\/\/enbiosis.com\/staging\/wp-content\/uploads\/2021\/12\/about_section2_1.png 742w, https:\/\/enbiosis.com\/staging\/wp-content\/uploads\/2021\/12\/about_section2_1-510x290.png 510w, https:\/\/enbiosis.com\/staging\/wp-content\/uploads\/2021\/12\/about_section2_1-300x171.png 300w\" sizes=\"(max-width: 742px) 100vw, 742px\" \/>\t\t\t\t\t\t\n\t\t\t\t\t<\/div>\n\t\t\t\t\t\t\t\t\n<style>\n#image_1947778201 {\n  width: 100%;\n}\n<\/style>\n\t<\/div>\n\t\n\t\t<\/div>\n\t\t\t\t\t<\/div>\n\n\t\n<\/div>\n\t\t<\/div>\n\n\t\t\n<style>\n#section_547389418 {\n  padding-top: 50px;\n  padding-bottom: 50px;\n  background-color: rgb(250, 250, 250);\n}\n#section_547389418 .ux-shape-divider--top svg {\n  height: 150px;\n  --divider-top-width: 100%;\n}\n#section_547389418 .ux-shape-divider--bottom svg {\n  height: 150px;\n  --divider-width: 100%;\n}\n<\/style>\n\t<\/section>\n\t\n\t<section class=\"section show-for-small\" id=\"section_1452319126\">\n\t\t<div class=\"bg section-bg fill bg-fill  bg-loaded\" >\n\n\t\t\t\n\t\t\t\n\t\t\t\n\n\t\t<\/div>\n\n\t\t\n\n\t\t<div class=\"section-content relative\">\n\t\t\t\n\n<div class=\"row row-large show-for-small\"  id=\"row-1197001318\">\n\n\n\t<div id=\"col-95615146\" class=\"col small-12 large-12\"  >\n\t\t\t\t<div class=\"col-inner\"  >\n\t\t\t\n\t\t\t\n\n\t<div class=\"img has-hover x md-x lg-x y md-y lg-y\" id=\"image_680918280\">\n\t\t<a class=\"\" href=\"https:\/\/www.enbiosis.com\/cs\/practitioners\/\"  >\t\t\t\t\t\t<div class=\"img-inner dark\" >\n\t\t\t<img loading=\"lazy\" decoding=\"async\" width=\"1080\" height=\"1080\" src=\"https:\/\/enbiosis.com\/staging\/wp-content\/uploads\/2022\/08\/enbiosis-practitioner-mobile-1.jpg\" class=\"attachment-original size-original\" alt=\"enbiosis-practitioner-mobile\" srcset=\"https:\/\/enbiosis.com\/staging\/wp-content\/uploads\/2022\/08\/enbiosis-practitioner-mobile-1.jpg 1080w, https:\/\/enbiosis.com\/staging\/wp-content\/uploads\/2022\/08\/enbiosis-practitioner-mobile-1-510x510.jpg 510w, https:\/\/enbiosis.com\/staging\/wp-content\/uploads\/2022\/08\/enbiosis-practitioner-mobile-1-100x100.jpg 100w, https:\/\/enbiosis.com\/staging\/wp-content\/uploads\/2022\/08\/enbiosis-practitioner-mobile-1-300x300.jpg 300w, https:\/\/enbiosis.com\/staging\/wp-content\/uploads\/2022\/08\/enbiosis-practitioner-mobile-1-1024x1024.jpg 1024w, https:\/\/enbiosis.com\/staging\/wp-content\/uploads\/2022\/08\/enbiosis-practitioner-mobile-1-150x150.jpg 150w, https:\/\/enbiosis.com\/staging\/wp-content\/uploads\/2022\/08\/enbiosis-practitioner-mobile-1-768x768.jpg 768w\" sizes=\"(max-width: 1080px) 100vw, 1080px\" \/>\t\t\t\t\t\t\n\t\t\t\t\t<\/div>\n\t\t\t\t\t\t<\/a>\t\t\n<style>\n#image_680918280 {\n  width: 100%;\n}\n<\/style>\n\t<\/div>\n\t\n\n\n\t\t<\/div>\n\t\t\t\t\t<\/div>\n\n\t\n\n<\/div>\n\n\t\t<\/div>\n\n\t\t\n<style>\n#section_1452319126 {\n  padding-top: 50px;\n  padding-bottom: 50px;\n}\n#section_1452319126 .ux-shape-divider--top svg {\n  height: 150px;\n  --divider-top-width: 100%;\n}\n#section_1452319126 .ux-shape-divider--bottom svg {\n  height: 150px;\n  --divider-width: 100%;\n}\n<\/style>\n\t<\/section>\n\t\n\t<section class=\"section\" id=\"section_1099631324\">\n\t\t<div class=\"bg section-bg fill bg-fill  bg-loaded\" >\n\n\t\t\t\n\t\t\t\n\t\t\t\n\n\t\t<\/div>\n\n\t\t\n\n\t\t<div class=\"section-content relative\">\n\t\t\t\n<div class=\"row align-middle\"  id=\"row-925903964\">\n\n\t<div id=\"col-1250365790\" class=\"col medium-6 small-12 large-6 small-col-first\"  >\n\t\t\t\t<div class=\"col-inner text-center\"  >\n\t\t\t\n\t\t\t\n\t<div class=\"img has-hover x md-x lg-x y md-y lg-y\" id=\"image_1311174359\">\n\t\t\t\t\t\t\t\t<div class=\"img-inner dark\" >\n\t\t\t<img loading=\"lazy\" decoding=\"async\" width=\"1120\" height=\"1120\" src=\"https:\/\/enbiosis.com\/staging\/wp-content\/uploads\/2022\/01\/about-doktor.jpg\" class=\"attachment-original size-original\" alt=\"about-doktor\" srcset=\"https:\/\/enbiosis.com\/staging\/wp-content\/uploads\/2022\/01\/about-doktor.jpg 1120w, https:\/\/enbiosis.com\/staging\/wp-content\/uploads\/2022\/01\/about-doktor-510x510.jpg 510w, https:\/\/enbiosis.com\/staging\/wp-content\/uploads\/2022\/01\/about-doktor-100x100.jpg 100w, https:\/\/enbiosis.com\/staging\/wp-content\/uploads\/2022\/01\/about-doktor-300x300.jpg 300w, https:\/\/enbiosis.com\/staging\/wp-content\/uploads\/2022\/01\/about-doktor-1024x1024.jpg 1024w, https:\/\/enbiosis.com\/staging\/wp-content\/uploads\/2022\/01\/about-doktor-150x150.jpg 150w, https:\/\/enbiosis.com\/staging\/wp-content\/uploads\/2022\/01\/about-doktor-768x768.jpg 768w\" sizes=\"(max-width: 1120px) 100vw, 1120px\" \/>\t\t\t\t\t\t\n\t\t\t\t\t<\/div>\n\t\t\t\t\t\t\t\t\n<style>\n#image_1311174359 {\n  width: 70%;\n}\n<\/style>\n\t<\/div>\n\t\n\t\t<\/div>\n\t\t\t\t\t<\/div>\n\n\t\n\n\t<div id=\"col-593517416\" class=\"col medium-6 small-12 large-6\"  >\n\t\t\t\t<div class=\"col-inner\"  >\n\t\t\t\n\t\t\t\n<h3 class=\"gradient-title\">Misyon<\/h3>\n<p>Mikrobiyom organizmalar\u0131n\u0131 kullanarak insan sa\u011fl\u0131\u011f\u0131n\u0131n kalitesini art\u0131racak bilimsel bulu\u015flar, \u00fcr\u00fcnler ve hizmetler \u00fcretmek.<\/p>\n\t<div id=\"gap-744657733\" class=\"gap-element clearfix\" style=\"display:block; height:auto;\">\n\t\t\n<style>\n#gap-744657733 {\n  padding-top: 30px;\n}\n<\/style>\n\t<\/div>\n\t\n<h3 class=\"gradient-title\">Vizyon<\/h3>\n<p>\u0130nsani kalk\u0131nma ilkelerini \u00f6n planda tutarak sa\u011fl\u0131k \u00e7\u00f6z\u00fcmlerini geni\u015f kitleler i\u00e7in eri\u015filebilir k\u0131lmak.<\/p>\n\t\t<\/div>\n\t\t\t\t\t<\/div>\n\n\t\n<\/div>\n\t\t<\/div>\n\n\t\t\n<style>\n#section_1099631324 {\n  padding-top: 50px;\n  padding-bottom: 50px;\n}\n#section_1099631324 .ux-shape-divider--top svg {\n  height: 150px;\n  --divider-top-width: 100%;\n}\n#section_1099631324 .ux-shape-divider--bottom svg {\n  height: 150px;\n  --divider-width: 100%;\n}\n<\/style>\n\t<\/section>\n\t\n","protected":false},"excerpt":{"rendered":"","protected":false},"author":2,"featured_media":0,"parent":0,"menu_order":0,"comment_status":"closed","ping_status":"closed","template":"page-blank.php","meta":{"_acf_changed":false,"om_disable_all_campaigns":false,"inline_featured_image":false,"_uf_show_specific_survey":0,"_uf_disable_surveys":false,"footnotes":""},"class_list":["post-25138","page","type-page","status-publish","hentry"],"acf":[],"yoast_head":"<!-- This site is optimized with the Yoast SEO plugin v23.5 - https:\/\/yoast.com\/wordpress\/plugins\/seo\/ -->\n<title>ENBIOSIS| Yapay Zeka Destekli Ba\u011f\u0131rsak Mikrobiyom Mod\u00fclasyonu ve Sa\u011fl\u0131\u011f\u0131<\/title>\n<meta name=\"description\" content=\"Ba\u011f\u0131rsak sa\u011fl\u0131\u011f\u0131n\u0131z\u0131 art\u0131rmak i\u00e7in yapay zeka destekli ba\u011f\u0131rsak sa\u011fl\u0131\u011f\u0131 \u00e7\u00f6z\u00fcmleri ve mikrobiyom analizi, ki\u015fiselle\u015ftirilmi\u015f g\u0131da ve takviye \u00f6nerileri.\" \/>\n<meta name=\"robots\" content=\"noindex, follow, max-snippet:-1, max-image-preview:large, max-video-preview:-1\" \/>\n<meta property=\"og:locale\" content=\"en_US\" \/>\n<meta property=\"og:type\" content=\"article\" \/>\n<meta property=\"og:title\" content=\"ENBIOSIS| Yapay Zeka Destekli Ba\u011f\u0131rsak Mikrobiyom Mod\u00fclasyonu ve Sa\u011fl\u0131\u011f\u0131\" \/>\n<meta property=\"og:description\" content=\"Ba\u011f\u0131rsak sa\u011fl\u0131\u011f\u0131n\u0131z\u0131 art\u0131rmak i\u00e7in yapay zeka destekli ba\u011f\u0131rsak sa\u011fl\u0131\u011f\u0131 \u00e7\u00f6z\u00fcmleri ve mikrobiyom analizi, ki\u015fiselle\u015ftirilmi\u015f g\u0131da ve takviye \u00f6nerileri.\" \/>\n<meta property=\"og:url\" content=\"https:\/\/enbiosis.com\/staging\/tr\/about\/\" \/>\n<meta property=\"og:site_name\" content=\"Enbiosis\" \/>\n<meta property=\"article:modified_time\" content=\"2024-12-03T10:39:56+00:00\" \/>\n<meta name=\"twitter:card\" content=\"summary_large_image\" \/>\n<meta name=\"twitter:label1\" content=\"Est. reading time\" \/>\n\t<meta name=\"twitter:data1\" content=\"2 minutes\" \/>\n<script type=\"application\/ld+json\" class=\"yoast-schema-graph\">{\"@context\":\"https:\/\/schema.org\",\"@graph\":[{\"@type\":\"WebPage\",\"@id\":\"https:\/\/enbiosis.com\/staging\/tr\/about\/\",\"url\":\"https:\/\/enbiosis.com\/staging\/tr\/about\/\",\"name\":\"ENBIOSIS| Yapay Zeka Destekli Ba\u011f\u0131rsak Mikrobiyom Mod\u00fclasyonu ve Sa\u011fl\u0131\u011f\u0131\",\"isPartOf\":{\"@id\":\"https:\/\/enbiosis.com\/staging\/#website\"},\"datePublished\":\"2024-01-11T09:21:57+00:00\",\"dateModified\":\"2024-12-03T10:39:56+00:00\",\"description\":\"Ba\u011f\u0131rsak sa\u011fl\u0131\u011f\u0131n\u0131z\u0131 art\u0131rmak i\u00e7in yapay zeka destekli ba\u011f\u0131rsak sa\u011fl\u0131\u011f\u0131 \u00e7\u00f6z\u00fcmleri ve mikrobiyom analizi, ki\u015fiselle\u015ftirilmi\u015f g\u0131da ve takviye \u00f6nerileri.\",\"breadcrumb\":{\"@id\":\"https:\/\/enbiosis.com\/staging\/tr\/about\/#breadcrumb\"},\"inLanguage\":\"en-US\",\"potentialAction\":[{\"@type\":\"ReadAction\",\"target\":[\"https:\/\/enbiosis.com\/staging\/tr\/about\/\"]}]},{\"@type\":\"BreadcrumbList\",\"@id\":\"https:\/\/enbiosis.com\/staging\/tr\/about\/#breadcrumb\",\"itemListElement\":[{\"@type\":\"ListItem\",\"position\":1,\"name\":\"Home\",\"item\":\"https:\/\/enbiosis.com\/staging\/\"},{\"@type\":\"ListItem\",\"position\":2,\"name\":\"Hakk\u0131m\u0131zda\"}]},{\"@type\":\"WebSite\",\"@id\":\"https:\/\/enbiosis.com\/staging\/#website\",\"url\":\"https:\/\/enbiosis.com\/staging\/\",\"name\":\"Enbiosis\",\"description\":\"Microbiome Analysis\",\"potentialAction\":[{\"@type\":\"SearchAction\",\"target\":{\"@type\":\"EntryPoint\",\"urlTemplate\":\"https:\/\/enbiosis.com\/staging\/?s={search_term_string}\"},\"query-input\":{\"@type\":\"PropertyValueSpecification\",\"valueRequired\":true,\"valueName\":\"search_term_string\"}}],\"inLanguage\":\"en-US\"}]}<\/script>\n<!-- \/ Yoast SEO plugin. -->","yoast_head_json":{"title":"ENBIOSIS| Yapay Zeka Destekli Ba\u011f\u0131rsak Mikrobiyom Mod\u00fclasyonu ve Sa\u011fl\u0131\u011f\u0131","description":"Ba\u011f\u0131rsak sa\u011fl\u0131\u011f\u0131n\u0131z\u0131 art\u0131rmak i\u00e7in yapay zeka destekli ba\u011f\u0131rsak sa\u011fl\u0131\u011f\u0131 \u00e7\u00f6z\u00fcmleri ve mikrobiyom analizi, ki\u015fiselle\u015ftirilmi\u015f g\u0131da ve takviye \u00f6nerileri.","robots":{"index":"noindex","follow":"follow","max-snippet":"max-snippet:-1","max-image-preview":"max-image-preview:large","max-video-preview":"max-video-preview:-1"},"og_locale":"en_US","og_type":"article","og_title":"ENBIOSIS| Yapay Zeka Destekli Ba\u011f\u0131rsak Mikrobiyom Mod\u00fclasyonu ve Sa\u011fl\u0131\u011f\u0131","og_description":"Ba\u011f\u0131rsak sa\u011fl\u0131\u011f\u0131n\u0131z\u0131 art\u0131rmak i\u00e7in yapay zeka destekli ba\u011f\u0131rsak sa\u011fl\u0131\u011f\u0131 \u00e7\u00f6z\u00fcmleri ve mikrobiyom analizi, ki\u015fiselle\u015ftirilmi\u015f g\u0131da ve takviye \u00f6nerileri.","og_url":"https:\/\/enbiosis.com\/staging\/tr\/about\/","og_site_name":"Enbiosis","article_modified_time":"2024-12-03T10:39:56+00:00","twitter_card":"summary_large_image","twitter_misc":{"Est. reading time":"2 minutes"},"schema":{"@context":"https:\/\/schema.org","@graph":[{"@type":"WebPage","@id":"https:\/\/enbiosis.com\/staging\/tr\/about\/","url":"https:\/\/enbiosis.com\/staging\/tr\/about\/","name":"ENBIOSIS| Yapay Zeka Destekli Ba\u011f\u0131rsak Mikrobiyom Mod\u00fclasyonu ve Sa\u011fl\u0131\u011f\u0131","isPartOf":{"@id":"https:\/\/enbiosis.com\/staging\/#website"},"datePublished":"2024-01-11T09:21:57+00:00","dateModified":"2024-12-03T10:39:56+00:00","description":"Ba\u011f\u0131rsak sa\u011fl\u0131\u011f\u0131n\u0131z\u0131 art\u0131rmak i\u00e7in yapay zeka destekli ba\u011f\u0131rsak sa\u011fl\u0131\u011f\u0131 \u00e7\u00f6z\u00fcmleri ve mikrobiyom analizi, ki\u015fiselle\u015ftirilmi\u015f g\u0131da ve takviye \u00f6nerileri.","breadcrumb":{"@id":"https:\/\/enbiosis.com\/staging\/tr\/about\/#breadcrumb"},"inLanguage":"en-US","potentialAction":[{"@type":"ReadAction","target":["https:\/\/enbiosis.com\/staging\/tr\/about\/"]}]},{"@type":"BreadcrumbList","@id":"https:\/\/enbiosis.com\/staging\/tr\/about\/#breadcrumb","itemListElement":[{"@type":"ListItem","position":1,"name":"Home","item":"https:\/\/enbiosis.com\/staging\/"},{"@type":"ListItem","position":2,"name":"Hakk\u0131m\u0131zda"}]},{"@type":"WebSite","@id":"https:\/\/enbiosis.com\/staging\/#website","url":"https:\/\/enbiosis.com\/staging\/","name":"Enbiosis","description":"Microbiome Analysis","potentialAction":[{"@type":"SearchAction","target":{"@type":"EntryPoint","urlTemplate":"https:\/\/enbiosis.com\/staging\/?s={search_term_string}"},"query-input":{"@type":"PropertyValueSpecification","valueRequired":true,"valueName":"search_term_string"}}],"inLanguage":"en-US"}]}},"lang":"tr","translations":{"tr":25138,"en":95,"pt":24533,"zh":24710,"es":26323,"pl":26556,"ru":33521,"ar":33592,"el":36211,"cs":38273},"pll_sync_post":[],"_links":{"self":[{"href":"https:\/\/enbiosis.com\/staging\/wp-json\/wp\/v2\/pages\/25138"}],"collection":[{"href":"https:\/\/enbiosis.com\/staging\/wp-json\/wp\/v2\/pages"}],"about":[{"href":"https:\/\/enbiosis.com\/staging\/wp-json\/wp\/v2\/types\/page"}],"author":[{"embeddable":true,"href":"https:\/\/enbiosis.com\/staging\/wp-json\/wp\/v2\/users\/2"}],"replies":[{"embeddable":true,"href":"https:\/\/enbiosis.com\/staging\/wp-json\/wp\/v2\/comments?post=25138"}],"version-history":[{"count":0,"href":"https:\/\/enbiosis.com\/staging\/wp-json\/wp\/v2\/pages\/25138\/revisions"}],"wp:attachment":[{"href":"https:\/\/enbiosis.com\/staging\/wp-json\/wp\/v2\/media?parent=25138"}],"curies":[{"name":"wp","href":"https:\/\/api.w.org\/{rel}","templated":true}]}}