{"id":26299,"date":"2024-03-12T04:01:28","date_gmt":"2024-03-12T01:01:28","guid":{"rendered":"https:\/\/www.enbiosis.com\/?page_id=26299"},"modified":"2024-11-26T20:16:04","modified_gmt":"2024-11-26T17:16:04","slug":"enbiosis-ai-technology","status":"publish","type":"page","link":"https:\/\/enbiosis.com\/staging\/es\/enbiosis-ai-technology\/","title":{"rendered":"ENBIOSIS Tecnolog\u00eda de IA"},"content":{"rendered":"\t<section class=\"section\" id=\"section_1240422968\">\n\t\t<div class=\"bg section-bg fill bg-fill  \" >\n\n\t\t\t\n\t\t\t<div class=\"section-bg-overlay absolute fill\"><\/div>\n\t\t\t\n\n\t\t<\/div>\n\n\t\t\n\n\t\t<div class=\"section-content relative\">\n\t\t\t\n<div class=\"row\"  id=\"row-1031835901\">\n\n\t<div id=\"col-1153338983\" class=\"col small-12 large-12\"  >\n\t\t\t\t<div class=\"col-inner text-center dark\"  >\n\t\t\t\n\t\t\t\n\t<div id=\"text-1738189455\" class=\"text\">\n\t\t\n<h2>Liberar el poder de la IA para decodificar el microbioma intestinal<\/h2>\n\t\t\n<style>\n#text-1738189455 {\n  font-size: 2rem;\n  text-align: center;\n}\n<\/style>\n\t<\/div>\n\t\n\t\t<\/div>\n\t\t\t\t\n<style>\n#col-1153338983 > .col-inner {\n  padding: 20px 0px 0px 0px;\n}\n<\/style>\n\t<\/div>\n\n\t\n\n<style>\n#row-1031835901 > .col > .col-inner {\n  padding: 56px 0px 0px 0px;\n}\n<\/style>\n<\/div>\n\t\t<\/div>\n\n\t\t\n<style>\n#section_1240422968 {\n  padding-top: 50px;\n  padding-bottom: 50px;\n  min-height: 300px;\n}\n#section_1240422968 .section-bg-overlay {\n  background-color: rgba(0, 0, 0, 0.221);\n}\n#section_1240422968 .section-bg.bg-loaded {\n  background-image: url(https:\/\/enbiosis.com\/staging\/wp-content\/uploads\/2024\/10\/Gut_micro_page-copy11-1.webp);\n}\n#section_1240422968 .section-bg {\n  background-position: 50% 40%;\n}\n#section_1240422968 .ux-shape-divider--top svg {\n  height: 150px;\n  --divider-top-width: 100%;\n}\n#section_1240422968 .ux-shape-divider--bottom svg {\n  height: 150px;\n  --divider-width: 100%;\n}\n@media (min-width:550px) {\n  #section_1240422968 {\n    padding-top: 0px;\n    padding-bottom: 0px;\n  }\n}\n<\/style>\n\t<\/section>\n\t\n\t<section class=\"section\" id=\"section_1342699675\">\n\t\t<div class=\"bg section-bg fill bg-fill  bg-loaded\" >\n\n\t\t\t\n\t\t\t\n\t\t\t\n\n\t\t<\/div>\n\n\t\t\n\n\t\t<div class=\"section-content relative\">\n\t\t\t\n<div class=\"row align-center\"  id=\"row-169819672\">\n\n\t<div id=\"col-1644540251\" class=\"col small-12 large-12\"  >\n\t\t\t\t<div class=\"col-inner text-left\"  >\n\t\t\t\n\t\t\t\n\t<div id=\"gap-16768565\" class=\"gap-element clearfix\" style=\"display:block; height:auto;\">\n\t\t\n<style>\n#gap-16768565 {\n  padding-top: 30px;\n}\n<\/style>\n\t<\/div>\n\t\n<div class=\"row align-equal align-center\"  id=\"row-557846059\">\n\n\t<div id=\"col-200291043\" class=\"col small-12 large-12\"  >\n\t\t\t\t<div class=\"col-inner text-left\" style=\"background-color:rgb(255,255,255);\" >\n\t\t\t\n\t\t\t\n<div class=\"row align-middle\"  id=\"row-1609978\">\n\n\t<div id=\"col-717008630\" class=\"col medium-4 small-12 large-4 small-col-first\"  >\n\t\t\t\t<div class=\"col-inner text-center\"  >\n\t\t\t\n\t\t\t\n\t<div class=\"img has-hover x md-x lg-x y md-y lg-y\" id=\"image_57155626\">\n\t\t\t\t\t\t\t\t<div class=\"img-inner dark\" >\n\t\t\t<img fetchpriority=\"high\" decoding=\"async\" width=\"1080\" height=\"1080\" src=\"https:\/\/enbiosis.com\/staging\/wp-content\/uploads\/2024\/10\/enbiosis-ai-01-1.webp\" class=\"attachment-original size-original\" alt=\"\" srcset=\"https:\/\/enbiosis.com\/staging\/wp-content\/uploads\/2024\/10\/enbiosis-ai-01-1.webp 1080w, https:\/\/enbiosis.com\/staging\/wp-content\/uploads\/2024\/10\/enbiosis-ai-01-1-510x510.webp 510w, https:\/\/enbiosis.com\/staging\/wp-content\/uploads\/2024\/10\/enbiosis-ai-01-1-100x100.webp 100w, https:\/\/enbiosis.com\/staging\/wp-content\/uploads\/2024\/10\/enbiosis-ai-01-1-300x300.webp 300w, https:\/\/enbiosis.com\/staging\/wp-content\/uploads\/2024\/10\/enbiosis-ai-01-1-150x150.webp 150w, https:\/\/enbiosis.com\/staging\/wp-content\/uploads\/2024\/10\/enbiosis-ai-01-1-768x768.webp 768w\" sizes=\"(max-width: 1080px) 100vw, 1080px\" \/>\t\t\t\t\t\t\n\t\t\t\t\t<\/div>\n\t\t\t\t\t\t\t\t\n<style>\n#image_57155626 {\n  width: 100%;\n}\n<\/style>\n\t<\/div>\n\t\n\t\t<\/div>\n\t\t\t\t\t<\/div>\n\n\t\n\n\t<div id=\"col-1375777201\" class=\"col medium-8 small-12 large-8\"  >\n\t\t\t\t<div class=\"col-inner text-left\"  >\n\t\t\t\n\t\t\t\n\t<div id=\"text-1125845146\" class=\"text\">\n\t\t\n<h2 class=\"gradient-title\">C\u00f3mo combinamos la IA y el microbioma intestinal humano<\/h2>\n\t\t\n<style>\n#text-1125845146 {\n  font-size: 2.5rem;\n  text-align: left;\n}\n<\/style>\n\t<\/div>\n\t\n<p>El microbioma intestinal se analiza mediante tecnolog\u00edas de inteligencia artificial. Una vez recibida la muestra, nuestros laboratorios contratados realizan el an\u00e1lisis basado en NGS. El software ENBIOSIS procesa los datos de ADN en bruto, determina qu\u00e9 grupos bacterianos viven en el intestino de la persona a nivel taxon\u00f3mico y, lo que es m\u00e1s importante, define las relaciones ecol\u00f3gicas y funcionales entre ellos. Los detalles del an\u00e1lisis del microbioma se proporcionan en el Informe de <strong>an\u00e1lisis del microbioma de ENBIOSIS.<\/strong><\/p>\n\t\t<\/div>\n\t\t\t\t\t<\/div>\n\n\t\n<\/div>\n<div class=\"row align-middle\"  id=\"row-852996778\">\n\n\t<div id=\"col-598537879\" class=\"col medium-8 small-12 large-8\"  >\n\t\t\t\t<div class=\"col-inner text-left\"  >\n\t\t\t\n\t\t\t\n\t<div id=\"text-793375709\" class=\"text\">\n\t\t\n<h2 class=\"gradient-title\">Tecnolog\u00eda ENBIOSIS AI<\/h2>\n<p>Para entrenar los modelos de aprendizaje autom\u00e1tico, compilamos una base de datos de microbioma utilizando datos de c\u00f3digo abierto disponibles del Proyecto Intestino Americano, el Proyecto Microbioma Humano, el Proyecto Flamenco de Flora Intestinal y los datos internos que poseemos. La base de datos consta de datos del microbioma e informaci\u00f3n sobre el estilo de vida y la salud de m\u00e1s de 40.000 personas. Con nuestro biobanco en expansi\u00f3n, nuestra tecnolog\u00eda de IA mejora continuamente.<br \/>\n\t\t\n<style>\n#text-793375709 {\n  text-align: left;\n}\n<\/style>\n\t<\/div>\n\t\n\t\t<\/div>\n\t\t\t\t\t<\/div>\n\n\t\n\n\t<div id=\"col-336478986\" class=\"col medium-4 small-12 large-4 small-col-first\"  >\n\t\t\t\t<div class=\"col-inner text-center\"  >\n\t\t\t\n\t\t\t\n\t<div class=\"img has-hover x md-x lg-x y md-y lg-y\" id=\"image_447665477\">\n\t\t\t\t\t\t\t\t<div class=\"img-inner dark\" >\n\t\t\t<img decoding=\"async\" width=\"1080\" height=\"1080\" src=\"https:\/\/enbiosis.com\/staging\/wp-content\/uploads\/2024\/10\/enbiosis-ai-02-1.webp\" class=\"attachment-original size-original\" alt=\"\" srcset=\"https:\/\/enbiosis.com\/staging\/wp-content\/uploads\/2024\/10\/enbiosis-ai-02-1.webp 1080w, https:\/\/enbiosis.com\/staging\/wp-content\/uploads\/2024\/10\/enbiosis-ai-02-1-510x510.webp 510w, https:\/\/enbiosis.com\/staging\/wp-content\/uploads\/2024\/10\/enbiosis-ai-02-1-100x100.webp 100w, https:\/\/enbiosis.com\/staging\/wp-content\/uploads\/2024\/10\/enbiosis-ai-02-1-300x300.webp 300w, https:\/\/enbiosis.com\/staging\/wp-content\/uploads\/2024\/10\/enbiosis-ai-02-1-150x150.webp 150w, https:\/\/enbiosis.com\/staging\/wp-content\/uploads\/2024\/10\/enbiosis-ai-02-1-768x768.webp 768w\" sizes=\"(max-width: 1080px) 100vw, 1080px\" \/>\t\t\t\t\t\t\n\t\t\t\t\t<\/div>\n\t\t\t\t\t\t\t\t\n<style>\n#image_447665477 {\n  width: 100%;\n}\n<\/style>\n\t<\/div>\n\t\n\t\t<\/div>\n\t\t\t\t\t<\/div>\n\n\t\n<\/div>\n<div class=\"row align-middle\"  id=\"row-1674231569\">\n\n\t<div id=\"col-599736201\" class=\"col medium-4 small-12 large-4 small-col-first\"  >\n\t\t\t\t<div class=\"col-inner text-center\"  >\n\t\t\t\n\t\t\t\n\t<div class=\"img has-hover x md-x lg-x y md-y lg-y\" id=\"image_2011142580\">\n\t\t\t\t\t\t\t\t<div class=\"img-inner dark\" >\n\t\t\t<img decoding=\"async\" width=\"1080\" height=\"1080\" src=\"https:\/\/enbiosis.com\/staging\/wp-content\/uploads\/2024\/10\/enbiosis-ai-03-1.webp\" class=\"attachment-original size-original\" alt=\"\" srcset=\"https:\/\/enbiosis.com\/staging\/wp-content\/uploads\/2024\/10\/enbiosis-ai-03-1.webp 1080w, https:\/\/enbiosis.com\/staging\/wp-content\/uploads\/2024\/10\/enbiosis-ai-03-1-510x510.webp 510w, https:\/\/enbiosis.com\/staging\/wp-content\/uploads\/2024\/10\/enbiosis-ai-03-1-100x100.webp 100w, https:\/\/enbiosis.com\/staging\/wp-content\/uploads\/2024\/10\/enbiosis-ai-03-1-300x300.webp 300w, https:\/\/enbiosis.com\/staging\/wp-content\/uploads\/2024\/10\/enbiosis-ai-03-1-150x150.webp 150w, https:\/\/enbiosis.com\/staging\/wp-content\/uploads\/2024\/10\/enbiosis-ai-03-1-768x768.webp 768w\" sizes=\"(max-width: 1080px) 100vw, 1080px\" \/>\t\t\t\t\t\t\n\t\t\t\t\t<\/div>\n\t\t\t\t\t\t\t\t\n<style>\n#image_2011142580 {\n  width: 100%;\n}\n<\/style>\n\t<\/div>\n\t\n\t\t<\/div>\n\t\t\t\t\t<\/div>\n\n\t\n\n\t<div id=\"col-54975310\" class=\"col medium-8 small-12 large-8\"  >\n\t\t\t\t<div class=\"col-inner text-left\"  >\n\t\t\t\n\t\t\t\n<h2 class=\"gradient-title\">Sistema de recomendaci\u00f3n de probi\u00f3ticos<\/h2>\n<p>Los probi\u00f3ticos son microorganismos vivos que proporcionan beneficios para la salud cuando se consumen como suplementos. El microbioma de cada persona es deficiente en diferentes organismos probi\u00f3ticos. Analizando el microbioma de cada individuo a la resoluci\u00f3n de genes microbianos, ENBIOSIS proporciona sugerencias personalizadas de probi\u00f3ticos para promover la salud, as\u00ed como para adversas las complicaciones de las enfermedades cr\u00f3nicas.<\/p>\n\t\t<\/div>\n\t\t\t\t\t<\/div>\n\n\t\n<\/div>\n<div class=\"row align-middle\"  id=\"row-474740522\">\n\n\t<div id=\"col-716647622\" class=\"col medium-8 small-12 large-8\"  >\n\t\t\t\t<div class=\"col-inner text-left\"  >\n\t\t\t\n\t\t\t\n\t<div id=\"text-144320094\" class=\"text\">\n\t\t\n<h2 class=\"gradient-title\">Modelo de nutrici\u00f3n basado en IA ENBIOSIS<\/h2>\n<p>Para evaluar la relaci\u00f3n entre alimentos y microbiota, compilamos una base de datos de nutrientes que contiene categor\u00edas: carbohidratos, prote\u00ednas, l\u00edpidos, vitaminas\/minerales, fitoqu\u00edmicos, aditivos alimentarios, alimentos espec\u00edficos, alimentos fermentados. Los micronutrientes que se asocian con el crecimiento\/inhibici\u00f3n de ciertos microorganismos en estudios in vivo se determinan mediante un metaan\u00e1lisis.<\/p>\n<p>La base de datos final incluye los micronutrientes y sus microorganismos diana. Cuando se determina una modulaci\u00f3n preferida del microbioma (es decir, hacia un estado m\u00e1s saludable, a favor de la composici\u00f3n probi\u00f3tica), los micronutrientes relacionados reciben puntuaciones en consecuencia. Un solo micronutriente puede tener m\u00faltiples objetivos, as\u00ed como un organismo puede ser atacado por m\u00faltiples micronutrientes. Esto da lugar a preferencias repetitivas de ciertos micronutrientes, lo que permite una clasificaci\u00f3n diferenciada en un amplio rango.<\/p>\n<p>Las puntuaciones finales son una calificaci\u00f3n relativa escalada en un rango de 0 a 10. Del mismo modo, las puntuaciones alimentarias son la puntuaci\u00f3n acumulativa de los alimentos ponderados linealmente por sus ingredientes micronutrientes.<br \/>\n\t\t\n<style>\n#text-144320094 {\n  text-align: left;\n}\n<\/style>\n\t<\/div>\n\t\n\t\t<\/div>\n\t\t\t\t\t<\/div>\n\n\t\n\n\t<div id=\"col-1431157883\" class=\"col medium-4 small-12 large-4 small-col-first\"  >\n\t\t\t\t<div class=\"col-inner text-center\"  >\n\t\t\t\n\t\t\t\n\t<div class=\"img has-hover x md-x lg-x y md-y lg-y\" id=\"image_1110117869\">\n\t\t\t\t\t\t\t\t<div class=\"img-inner dark\" >\n\t\t\t<img loading=\"lazy\" decoding=\"async\" width=\"1080\" height=\"1080\" src=\"https:\/\/enbiosis.com\/staging\/wp-content\/uploads\/2024\/10\/enbiosis-ai-04-1.webp\" class=\"attachment-original size-original\" alt=\"\" srcset=\"https:\/\/enbiosis.com\/staging\/wp-content\/uploads\/2024\/10\/enbiosis-ai-04-1.webp 1080w, https:\/\/enbiosis.com\/staging\/wp-content\/uploads\/2024\/10\/enbiosis-ai-04-1-510x510.webp 510w, https:\/\/enbiosis.com\/staging\/wp-content\/uploads\/2024\/10\/enbiosis-ai-04-1-100x100.webp 100w, https:\/\/enbiosis.com\/staging\/wp-content\/uploads\/2024\/10\/enbiosis-ai-04-1-300x300.webp 300w, https:\/\/enbiosis.com\/staging\/wp-content\/uploads\/2024\/10\/enbiosis-ai-04-1-150x150.webp 150w, https:\/\/enbiosis.com\/staging\/wp-content\/uploads\/2024\/10\/enbiosis-ai-04-1-768x768.webp 768w\" sizes=\"(max-width: 1080px) 100vw, 1080px\" \/>\t\t\t\t\t\t\n\t\t\t\t\t<\/div>\n\t\t\t\t\t\t\t\t\n<style>\n#image_1110117869 {\n  width: 100%;\n}\n<\/style>\n\t<\/div>\n\t\n\t\t<\/div>\n\t\t\t\t\t<\/div>\n\n\t\n<\/div>\n<div class=\"row align-middle\"  id=\"row-1371053997\">\n\n\t<div id=\"col-378435205\" class=\"col medium-4 small-12 large-4 small-col-first\"  >\n\t\t\t\t<div class=\"col-inner text-center\"  >\n\t\t\t\n\t\t\t\n\t<div class=\"img has-hover x md-x lg-x y md-y lg-y\" id=\"image_698013181\">\n\t\t\t\t\t\t\t\t<div class=\"img-inner dark\" >\n\t\t\t<img loading=\"lazy\" decoding=\"async\" width=\"1080\" height=\"1080\" src=\"https:\/\/enbiosis.com\/staging\/wp-content\/uploads\/2024\/10\/enbiosis-ai-05-1.webp\" class=\"attachment-original size-original\" alt=\"\" srcset=\"https:\/\/enbiosis.com\/staging\/wp-content\/uploads\/2024\/10\/enbiosis-ai-05-1.webp 1080w, https:\/\/enbiosis.com\/staging\/wp-content\/uploads\/2024\/10\/enbiosis-ai-05-1-510x510.webp 510w, https:\/\/enbiosis.com\/staging\/wp-content\/uploads\/2024\/10\/enbiosis-ai-05-1-100x100.webp 100w, https:\/\/enbiosis.com\/staging\/wp-content\/uploads\/2024\/10\/enbiosis-ai-05-1-300x300.webp 300w, https:\/\/enbiosis.com\/staging\/wp-content\/uploads\/2024\/10\/enbiosis-ai-05-1-150x150.webp 150w, https:\/\/enbiosis.com\/staging\/wp-content\/uploads\/2024\/10\/enbiosis-ai-05-1-768x768.webp 768w\" sizes=\"(max-width: 1080px) 100vw, 1080px\" \/>\t\t\t\t\t\t\n\t\t\t\t\t<\/div>\n\t\t\t\t\t\t\t\t\n<style>\n#image_698013181 {\n  width: 100%;\n}\n<\/style>\n\t<\/div>\n\t\n\t\t<\/div>\n\t\t\t\t\t<\/div>\n\n\t\n\n\t<div id=\"col-610286882\" class=\"col medium-8 small-12 large-8\"  >\n\t\t\t\t<div class=\"col-inner text-left\"  >\n\t\t\t\n\t\t\t\n\t<div id=\"text-626524103\" class=\"text\">\n\t\t\n<h2 class=\"gradient-title\">Probi\u00f3ticos de nueva generaci\u00f3n y bioterap\u00e9uticos vivos ENBIOSIS<\/h2>\n<p>Nuestra tecnolog\u00eda de descubrimiento de biomarcadores basada en IA extrae grandes cantidades de datos del microbioma para descubrir entidades gen\u00e9ticas asociadas con la salud humana. A lo largo de nuestra b\u00fasqueda en nuestro microbiobanco patentado, hemos descubierto biomarcadores sorprendentes (genes bacterianos y grupos de genes biosint\u00e9ticos como grandes segmentos de ADN) que pueden ofrecer beneficios para la salud sin precedentes.<\/p>\n<p>Iniciamos un programa de investigaci\u00f3n y desarrollo para producir microorganismos gen\u00e9ticamente modificados para integrar los biomarcadores mencionados que proporcionan probi\u00f3ticos de pr\u00f3xima generaci\u00f3n.<br \/>\n\t\t\n<style>\n#text-626524103 {\n  text-align: left;\n}\n<\/style>\n\t<\/div>\n\t\n\t\t<\/div>\n\t\t\t\t\t<\/div>\n\n\t\n<\/div>\n\t<div id=\"gap-1708720535\" class=\"gap-element clearfix\" style=\"display:block; height:auto;\">\n\t\t\n<style>\n#gap-1708720535 {\n  padding-top: 50px;\n}\n<\/style>\n\t<\/div>\n\t\n\t\t<\/div>\n\t\t\t\t\t<\/div>\n\n\t\n\n<style>\n#row-557846059 > .col > .col-inner {\n  padding: 40px 40px 40px 40px;\n  background-color: rgb(255,255,255);\n}\n<\/style>\n<\/div>\n\t\t<\/div>\n\t\t\t\t\t<\/div>\n\n\t\n<\/div>\n\t\t<\/div>\n\n\t\t\n<style>\n#section_1342699675 {\n  padding-top: 30px;\n  padding-bottom: 30px;\n  background-color: rgb(244, 244, 244);\n}\n#section_1342699675 .ux-shape-divider--top svg {\n  height: 150px;\n  --divider-top-width: 100%;\n}\n#section_1342699675 .ux-shape-divider--bottom svg {\n  height: 150px;\n  --divider-width: 100%;\n}\n<\/style>\n\t<\/section>\n\t\n","protected":false},"excerpt":{"rendered":"","protected":false},"author":2,"featured_media":0,"parent":0,"menu_order":0,"comment_status":"closed","ping_status":"closed","template":"page-blank.php","meta":{"_acf_changed":false,"om_disable_all_campaigns":false,"inline_featured_image":false,"_uf_show_specific_survey":0,"_uf_disable_surveys":false,"footnotes":""},"class_list":["post-26299","page","type-page","status-publish","hentry"],"acf":[],"yoast_head":"<!-- This site is optimized with the Yoast SEO plugin v23.5 - https:\/\/yoast.com\/wordpress\/plugins\/seo\/ -->\n<title>Tecnolog\u00eda Enbiosis AI para pruebas de microbioma intestinal y salud intestinal<\/title>\n<meta name=\"description\" content=\"Soluciones de salud intestinal impulsadas por IA y an\u00e1lisis de microbioma, recomendaciones personalizadas de alimentos y suplementos para mejorar su salud intestinal.\" \/>\n<meta name=\"robots\" content=\"noindex, follow, max-snippet:-1, max-image-preview:large, max-video-preview:-1\" \/>\n<meta property=\"og:locale\" content=\"en_US\" \/>\n<meta property=\"og:type\" content=\"article\" \/>\n<meta property=\"og:title\" content=\"Tecnolog\u00eda Enbiosis AI para pruebas de microbioma intestinal y salud intestinal\" \/>\n<meta property=\"og:description\" content=\"Soluciones de salud intestinal impulsadas por IA y an\u00e1lisis de microbioma, recomendaciones personalizadas de alimentos y suplementos para mejorar su salud intestinal.\" \/>\n<meta property=\"og:url\" content=\"https:\/\/enbiosis.com\/staging\/es\/enbiosis-ai-technology\/\" \/>\n<meta property=\"og:site_name\" content=\"Enbiosis\" \/>\n<meta property=\"article:modified_time\" content=\"2024-11-26T17:16:04+00:00\" \/>\n<meta name=\"twitter:card\" content=\"summary_large_image\" \/>\n<meta name=\"twitter:label1\" content=\"Est. reading time\" \/>\n\t<meta name=\"twitter:data1\" content=\"3 minutes\" \/>\n<script type=\"application\/ld+json\" class=\"yoast-schema-graph\">{\"@context\":\"https:\/\/schema.org\",\"@graph\":[{\"@type\":\"WebPage\",\"@id\":\"https:\/\/enbiosis.com\/staging\/es\/enbiosis-ai-technology\/\",\"url\":\"https:\/\/enbiosis.com\/staging\/es\/enbiosis-ai-technology\/\",\"name\":\"Tecnolog\u00eda Enbiosis AI para pruebas de microbioma intestinal y salud intestinal\",\"isPartOf\":{\"@id\":\"https:\/\/enbiosis.com\/staging\/#website\"},\"datePublished\":\"2024-03-12T01:01:28+00:00\",\"dateModified\":\"2024-11-26T17:16:04+00:00\",\"description\":\"Soluciones de salud intestinal impulsadas por IA y an\u00e1lisis de microbioma, recomendaciones personalizadas de alimentos y suplementos para mejorar su salud intestinal.\",\"breadcrumb\":{\"@id\":\"https:\/\/enbiosis.com\/staging\/es\/enbiosis-ai-technology\/#breadcrumb\"},\"inLanguage\":\"en-US\",\"potentialAction\":[{\"@type\":\"ReadAction\",\"target\":[\"https:\/\/enbiosis.com\/staging\/es\/enbiosis-ai-technology\/\"]}]},{\"@type\":\"BreadcrumbList\",\"@id\":\"https:\/\/enbiosis.com\/staging\/es\/enbiosis-ai-technology\/#breadcrumb\",\"itemListElement\":[{\"@type\":\"ListItem\",\"position\":1,\"name\":\"Home\",\"item\":\"https:\/\/enbiosis.com\/staging\/\"},{\"@type\":\"ListItem\",\"position\":2,\"name\":\"ENBIOSIS Tecnolog\u00eda de IA\"}]},{\"@type\":\"WebSite\",\"@id\":\"https:\/\/enbiosis.com\/staging\/#website\",\"url\":\"https:\/\/enbiosis.com\/staging\/\",\"name\":\"Enbiosis\",\"description\":\"Microbiome Analysis\",\"potentialAction\":[{\"@type\":\"SearchAction\",\"target\":{\"@type\":\"EntryPoint\",\"urlTemplate\":\"https:\/\/enbiosis.com\/staging\/?s={search_term_string}\"},\"query-input\":{\"@type\":\"PropertyValueSpecification\",\"valueRequired\":true,\"valueName\":\"search_term_string\"}}],\"inLanguage\":\"en-US\"}]}<\/script>\n<!-- \/ Yoast SEO plugin. -->","yoast_head_json":{"title":"Tecnolog\u00eda Enbiosis AI para pruebas de microbioma intestinal y salud intestinal","description":"Soluciones de salud intestinal impulsadas por IA y an\u00e1lisis de microbioma, recomendaciones personalizadas de alimentos y suplementos para mejorar su salud intestinal.","robots":{"index":"noindex","follow":"follow","max-snippet":"max-snippet:-1","max-image-preview":"max-image-preview:large","max-video-preview":"max-video-preview:-1"},"og_locale":"en_US","og_type":"article","og_title":"Tecnolog\u00eda Enbiosis AI para pruebas de microbioma intestinal y salud intestinal","og_description":"Soluciones de salud intestinal impulsadas por IA y an\u00e1lisis de microbioma, recomendaciones personalizadas de alimentos y suplementos para mejorar su salud intestinal.","og_url":"https:\/\/enbiosis.com\/staging\/es\/enbiosis-ai-technology\/","og_site_name":"Enbiosis","article_modified_time":"2024-11-26T17:16:04+00:00","twitter_card":"summary_large_image","twitter_misc":{"Est. reading time":"3 minutes"},"schema":{"@context":"https:\/\/schema.org","@graph":[{"@type":"WebPage","@id":"https:\/\/enbiosis.com\/staging\/es\/enbiosis-ai-technology\/","url":"https:\/\/enbiosis.com\/staging\/es\/enbiosis-ai-technology\/","name":"Tecnolog\u00eda Enbiosis AI para pruebas de microbioma intestinal y salud intestinal","isPartOf":{"@id":"https:\/\/enbiosis.com\/staging\/#website"},"datePublished":"2024-03-12T01:01:28+00:00","dateModified":"2024-11-26T17:16:04+00:00","description":"Soluciones de salud intestinal impulsadas por IA y an\u00e1lisis de microbioma, recomendaciones personalizadas de alimentos y suplementos para mejorar su salud intestinal.","breadcrumb":{"@id":"https:\/\/enbiosis.com\/staging\/es\/enbiosis-ai-technology\/#breadcrumb"},"inLanguage":"en-US","potentialAction":[{"@type":"ReadAction","target":["https:\/\/enbiosis.com\/staging\/es\/enbiosis-ai-technology\/"]}]},{"@type":"BreadcrumbList","@id":"https:\/\/enbiosis.com\/staging\/es\/enbiosis-ai-technology\/#breadcrumb","itemListElement":[{"@type":"ListItem","position":1,"name":"Home","item":"https:\/\/enbiosis.com\/staging\/"},{"@type":"ListItem","position":2,"name":"ENBIOSIS Tecnolog\u00eda de IA"}]},{"@type":"WebSite","@id":"https:\/\/enbiosis.com\/staging\/#website","url":"https:\/\/enbiosis.com\/staging\/","name":"Enbiosis","description":"Microbiome Analysis","potentialAction":[{"@type":"SearchAction","target":{"@type":"EntryPoint","urlTemplate":"https:\/\/enbiosis.com\/staging\/?s={search_term_string}"},"query-input":{"@type":"PropertyValueSpecification","valueRequired":true,"valueName":"search_term_string"}}],"inLanguage":"en-US"}]}},"lang":"es","translations":{"es":26299,"en":268,"ar":21702,"pt":24519,"zh":24667,"tr":24930,"pl":26535,"el":36731,"ru":37219,"cs":38297},"pll_sync_post":[],"_links":{"self":[{"href":"https:\/\/enbiosis.com\/staging\/wp-json\/wp\/v2\/pages\/26299"}],"collection":[{"href":"https:\/\/enbiosis.com\/staging\/wp-json\/wp\/v2\/pages"}],"about":[{"href":"https:\/\/enbiosis.com\/staging\/wp-json\/wp\/v2\/types\/page"}],"author":[{"embeddable":true,"href":"https:\/\/enbiosis.com\/staging\/wp-json\/wp\/v2\/users\/2"}],"replies":[{"embeddable":true,"href":"https:\/\/enbiosis.com\/staging\/wp-json\/wp\/v2\/comments?post=26299"}],"version-history":[{"count":0,"href":"https:\/\/enbiosis.com\/staging\/wp-json\/wp\/v2\/pages\/26299\/revisions"}],"wp:attachment":[{"href":"https:\/\/enbiosis.com\/staging\/wp-json\/wp\/v2\/media?parent=26299"}],"curies":[{"name":"wp","href":"https:\/\/api.w.org\/{rel}","templated":true}]}}