{"id":26323,"date":"2024-03-12T14:36:28","date_gmt":"2024-03-12T11:36:28","guid":{"rendered":"https:\/\/www.enbiosis.com\/?page_id=26323"},"modified":"2024-11-26T14:36:47","modified_gmt":"2024-11-26T11:36:47","slug":"about","status":"publish","type":"page","link":"https:\/\/enbiosis.com\/staging\/es\/about\/","title":{"rendered":"Acerca de"},"content":{"rendered":"\t<section class=\"section\" id=\"section_1046223967\">\n\t\t<div class=\"bg section-bg fill bg-fill  \" >\n\n\t\t\t\n\t\t\t<div class=\"section-bg-overlay absolute fill\"><\/div>\n\t\t\t\n\n\t\t<\/div>\n\n\t\t\n\n\t\t<div class=\"section-content relative\">\n\t\t\t\n<div class=\"row\"  id=\"row-1277803259\">\n\n\t<div id=\"col-1881667339\" class=\"col small-12 large-12\"  >\n\t\t\t\t<div class=\"col-inner text-center dark\"  >\n\t\t\t\n\t\t\t\n\t<div id=\"text-3751545705\" class=\"text\">\n\t\t\n<h2>Conozca a las mentes dedicadas a la innovaci\u00f3n del microbioma<\/h2>\n\t\t\n<style>\n#text-3751545705 {\n  font-size: 2rem;\n  text-align: center;\n}\n<\/style>\n\t<\/div>\n\t\n\t\t<\/div>\n\t\t\t\t\n<style>\n#col-1881667339 > .col-inner {\n  padding: 56px 0px 0px 0px;\n}\n<\/style>\n\t<\/div>\n\n\t\n<\/div>\n\t\t<\/div>\n\n\t\t\n<style>\n#section_1046223967 {\n  padding-top: 50px;\n  padding-bottom: 50px;\n  min-height: 300px;\n}\n#section_1046223967 .section-bg-overlay {\n  background-color: rgba(0, 0, 0, 0.378);\n}\n#section_1046223967 .section-bg.bg-loaded {\n  background-image: url(https:\/\/enbiosis.com\/staging\/wp-content\/uploads\/2024\/10\/about-us-header-2-_1_-1.webp);\n}\n#section_1046223967 .section-bg {\n  background-position: 54% 15%;\n}\n#section_1046223967 .ux-shape-divider--top svg {\n  height: 150px;\n  --divider-top-width: 100%;\n}\n#section_1046223967 .ux-shape-divider--bottom svg {\n  height: 150px;\n  --divider-width: 100%;\n}\n@media (min-width:550px) {\n  #section_1046223967 {\n    padding-top: 0px;\n    padding-bottom: 0px;\n  }\n}\n<\/style>\n\t<\/section>\n\t\n\t<section class=\"section\" id=\"section_513219070\">\n\t\t<div class=\"bg section-bg fill bg-fill  bg-loaded\" >\n\n\t\t\t\n\t\t\t\n\t\t\t\n\n\t\t<\/div>\n\n\t\t\n\n\t\t<div class=\"section-content relative\">\n\t\t\t\n<div class=\"row align-middle\"  id=\"row-1513027784\">\n\n\t<div id=\"col-2025674596\" class=\"col medium-6 small-12 large-6\"  >\n\t\t\t\t<div class=\"col-inner\"  >\n\t\t\t\n\t\t\t\n<h3 class=\"gradient-title\">La revoluci\u00f3n del microbioma<\/h3>\n<p>El futuro de la salud est\u00e1 oculto en tu microbioma y en ENBIOSIS te guiamos para encontrar lo que se esconde en tus intestinos.<\/p>\n<p>Al producir invenciones, productos y servicios cient\u00edficos mediante el uso de organismos del microbioma, nuestro objetivo es mejorar la calidad de la salud humana. Con nuestras tecnolog\u00edas impulsadas por inteligencia artificial, analizamos el microbioma intestinal humano para brindar soluciones de salud personalizadas. Esto incluye recomendaciones alimentarias personalizadas y sugerencias pre y probi\u00f3ticas destinadas a impulsar a cada individuo hacia un estado m\u00e1s saludable.<\/p>\n<div class=\"notranslate\" style=\"all: initial;\"><\/div>\n\t\t<\/div>\n\t\t\t\t\t<\/div>\n\n\t\n\n\t<div id=\"col-1762359610\" class=\"col medium-6 small-12 large-6 small-col-first\"  >\n\t\t\t\t<div class=\"col-inner text-center\"  >\n\t\t\t\n\t\t\t\n\t<div class=\"img has-hover x md-x lg-x y md-y lg-y\" id=\"image_1832978875\">\n\t\t\t\t\t\t\t\t<div class=\"img-inner dark\" >\n\t\t\t<img fetchpriority=\"high\" decoding=\"async\" width=\"1142\" height=\"1183\" src=\"https:\/\/enbiosis.com\/staging\/wp-content\/uploads\/2024\/10\/ngs-tech-min-1.webp\" class=\"attachment-original size-original\" alt=\"\" srcset=\"https:\/\/enbiosis.com\/staging\/wp-content\/uploads\/2024\/10\/ngs-tech-min-1.webp 1142w, https:\/\/enbiosis.com\/staging\/wp-content\/uploads\/2024\/10\/ngs-tech-min-1-510x528.webp 510w, https:\/\/enbiosis.com\/staging\/wp-content\/uploads\/2024\/10\/ngs-tech-min-1-290x300.webp 290w, https:\/\/enbiosis.com\/staging\/wp-content\/uploads\/2024\/10\/ngs-tech-min-1-768x796.webp 768w\" sizes=\"(max-width: 1142px) 100vw, 1142px\" \/>\t\t\t\t\t\t\n\t\t\t\t\t<\/div>\n\t\t\t\t\t\t\t\t\n<style>\n#image_1832978875 {\n  width: 80%;\n}\n<\/style>\n\t<\/div>\n\t\n\t\t<\/div>\n\t\t\t\t\t<\/div>\n\n\t\n<\/div>\n\t\t<\/div>\n\n\t\t\n<style>\n#section_513219070 {\n  padding-top: 50px;\n  padding-bottom: 50px;\n}\n#section_513219070 .ux-shape-divider--top svg {\n  height: 150px;\n  --divider-top-width: 100%;\n}\n#section_513219070 .ux-shape-divider--bottom svg {\n  height: 150px;\n  --divider-width: 100%;\n}\n<\/style>\n\t<\/section>\n\t\n\t<section class=\"section\" id=\"section_1470899012\">\n\t\t<div class=\"bg section-bg fill bg-fill  bg-loaded\" >\n\n\t\t\t\n\t\t\t\n\t\t\t\n\n\t\t<\/div>\n\n\t\t\n\n\t\t<div class=\"section-content relative\">\n\t\t\t\n<div class=\"row align-middle\"  id=\"row-1729811777\">\n\n\t<div id=\"col-718866257\" class=\"col medium-6 small-12 large-6\"  >\n\t\t\t\t<div class=\"col-inner\"  >\n\t\t\t\n\t\t\t\n\t<div class=\"img has-hover x md-x lg-x y md-y lg-y\" id=\"image_2087306422\">\n\t\t\t\t\t\t\t\t<div class=\"img-inner dark\" >\n\t\t\t<img decoding=\"async\" width=\"800\" height=\"800\" src=\"https:\/\/enbiosis.com\/staging\/wp-content\/uploads\/2024\/10\/about_section_800x800-1.webp\" class=\"attachment-original size-original\" alt=\"\" srcset=\"https:\/\/enbiosis.com\/staging\/wp-content\/uploads\/2024\/10\/about_section_800x800-1.webp 800w, https:\/\/enbiosis.com\/staging\/wp-content\/uploads\/2024\/10\/about_section_800x800-1-510x510.webp 510w, https:\/\/enbiosis.com\/staging\/wp-content\/uploads\/2024\/10\/about_section_800x800-1-100x100.webp 100w, https:\/\/enbiosis.com\/staging\/wp-content\/uploads\/2024\/10\/about_section_800x800-1-300x300.webp 300w, https:\/\/enbiosis.com\/staging\/wp-content\/uploads\/2024\/10\/about_section_800x800-1-150x150.webp 150w, https:\/\/enbiosis.com\/staging\/wp-content\/uploads\/2024\/10\/about_section_800x800-1-768x768.webp 768w\" sizes=\"(max-width: 800px) 100vw, 800px\" \/>\t\t\t\t\t\t\n\t\t\t\t\t<\/div>\n\t\t\t\t\t\t\t\t\n<style>\n#image_2087306422 {\n  width: 100%;\n}\n<\/style>\n\t<\/div>\n\t\n\t\t<\/div>\n\t\t\t\t\t<\/div>\n\n\t\n\n\t<div id=\"col-463058180\" class=\"col medium-6 small-12 large-6 small-col-first\"  >\n\t\t\t\t<div class=\"col-inner\"  >\n\t\t\t\n\t\t\t\n<h3 class=\"gradient-title\">Qu\u00e9 hacemos?<\/h3>\n<p>ENBIOSIS Biotechnology combina la inteligencia artificial y la ciencia del microbioma para ofrecer soluciones sanitarias personalizadas. Analizamos par\u00e1metros de salud mediante un sistema de recomendaci\u00f3n personalizada basado en tecnolog\u00eda de inteligencia artificial.<\/p>\n<p>Billones de bacterias intestinales en nuestra base de datos mejorada se analizan con la ayuda de modelos avanzados de inteligencia artificial. Ofrecemos recomendaciones personalizadas de alimentos y suplementos, junto con recetas, basadas en los resultados del an\u00e1lisis del microbioma intestinal.<\/p>\n\t\t<\/div>\n\t\t\t\t\t<\/div>\n\n\t\n<\/div>\n\t\t<\/div>\n\n\t\t\n<style>\n#section_1470899012 {\n  padding-top: 50px;\n  padding-bottom: 50px;\n}\n#section_1470899012 .ux-shape-divider--top svg {\n  height: 150px;\n  --divider-top-width: 100%;\n}\n#section_1470899012 .ux-shape-divider--bottom svg {\n  height: 150px;\n  --divider-width: 100%;\n}\n<\/style>\n\t<\/section>\n\t\n\t<section class=\"section\" id=\"section_36004232\">\n\t\t<div class=\"bg section-bg fill bg-fill  bg-loaded\" >\n\n\t\t\t\n\t\t\t\n\t\t\t\n\n\t\t<\/div>\n\n\t\t\n\n\t\t<div class=\"section-content relative\">\n\t\t\t\n<div class=\"row align-middle\"  id=\"row-1112194930\">\n\n\t<div id=\"col-1795829394\" class=\"col medium-6 small-12 large-6\"  >\n\t\t\t\t<div class=\"col-inner\"  >\n\t\t\t\n\t\t\t\n<h3 class=\"gradient-title\">Ecosistema<\/h3>\n<p>El ecosistema ENBIOSIS est\u00e1 formado por una vasta red de usuarios, conectados a trav\u00e9s de nuestro biobanco y aplicaci\u00f3n m\u00f3vil, un sistema operativo de inteligencia artificial que extrae constantemente el big data del biobanco para inventar y ofrecer soluciones de salud a los usuarios; el equipo de biociencias que lleva a cabo investigaciones sobre la ciencia del microbioma para desarrollar productos y servicios biotecnol\u00f3gicos integrados; y una red de profesionales de la salud que consultan a los usuarios.<\/p>\n\t\t<\/div>\n\t\t\t\t\t<\/div>\n\n\t\n\n\t<div id=\"col-1155784720\" class=\"col medium-6 small-12 large-6\"  >\n\t\t\t\t<div class=\"col-inner\"  >\n\t\t\t\n\t\t\t\n\t<div class=\"img has-hover x md-x lg-x y md-y lg-y\" id=\"image_1248690254\">\n\t\t\t\t\t\t\t\t<div class=\"img-inner dark\" >\n\t\t\t<img decoding=\"async\" width=\"742\" height=\"422\" src=\"https:\/\/enbiosis.com\/staging\/wp-content\/uploads\/2024\/10\/about_section2_1-1.webp\" class=\"attachment-large size-large\" alt=\"\" srcset=\"https:\/\/enbiosis.com\/staging\/wp-content\/uploads\/2024\/10\/about_section2_1-1.webp 742w, https:\/\/enbiosis.com\/staging\/wp-content\/uploads\/2024\/10\/about_section2_1-1-510x290.webp 510w, https:\/\/enbiosis.com\/staging\/wp-content\/uploads\/2024\/10\/about_section2_1-1-300x171.webp 300w\" sizes=\"(max-width: 742px) 100vw, 742px\" \/>\t\t\t\t\t\t\n\t\t\t\t\t<\/div>\n\t\t\t\t\t\t\t\t\n<style>\n#image_1248690254 {\n  width: 100%;\n}\n<\/style>\n\t<\/div>\n\t\n\t\t<\/div>\n\t\t\t\t\t<\/div>\n\n\t\n<\/div>\n\t\t<\/div>\n\n\t\t\n<style>\n#section_36004232 {\n  padding-top: 50px;\n  padding-bottom: 50px;\n  background-color: rgb(250, 250, 250);\n}\n#section_36004232 .ux-shape-divider--top svg {\n  height: 150px;\n  --divider-top-width: 100%;\n}\n#section_36004232 .ux-shape-divider--bottom svg {\n  height: 150px;\n  --divider-width: 100%;\n}\n<\/style>\n\t<\/section>\n\t\n\t<section class=\"section show-for-small\" id=\"section_1149341895\">\n\t\t<div class=\"bg section-bg fill bg-fill  bg-loaded\" >\n\n\t\t\t\n\t\t\t\n\t\t\t\n\n\t\t<\/div>\n\n\t\t\n\n\t\t<div class=\"section-content relative\">\n\t\t\t\n\n<div class=\"row row-large show-for-small\"  id=\"row-78776622\">\n\n\n\t<div id=\"col-777544288\" class=\"col small-12 large-12\"  >\n\t\t\t\t<div class=\"col-inner\"  >\n\t\t\t\n\t\t\t\n\n\t<div class=\"img has-hover x md-x lg-x y md-y lg-y\" id=\"image_1913148423\">\n\t\t<a class=\"\" href=\"https:\/\/www.enbiosis.com\/cs\/practitioners\/\"  >\t\t\t\t\t\t<div class=\"img-inner dark\" >\n\t\t\t<img loading=\"lazy\" decoding=\"async\" width=\"1080\" height=\"1080\" src=\"https:\/\/enbiosis.com\/staging\/wp-content\/uploads\/2022\/08\/enbiosis-practitioner-mobile-1.jpg\" class=\"attachment-original size-original\" alt=\"enbiosis-practitioner-mobile\" srcset=\"https:\/\/enbiosis.com\/staging\/wp-content\/uploads\/2022\/08\/enbiosis-practitioner-mobile-1.jpg 1080w, https:\/\/enbiosis.com\/staging\/wp-content\/uploads\/2022\/08\/enbiosis-practitioner-mobile-1-510x510.jpg 510w, https:\/\/enbiosis.com\/staging\/wp-content\/uploads\/2022\/08\/enbiosis-practitioner-mobile-1-100x100.jpg 100w, https:\/\/enbiosis.com\/staging\/wp-content\/uploads\/2022\/08\/enbiosis-practitioner-mobile-1-300x300.jpg 300w, https:\/\/enbiosis.com\/staging\/wp-content\/uploads\/2022\/08\/enbiosis-practitioner-mobile-1-1024x1024.jpg 1024w, https:\/\/enbiosis.com\/staging\/wp-content\/uploads\/2022\/08\/enbiosis-practitioner-mobile-1-150x150.jpg 150w, https:\/\/enbiosis.com\/staging\/wp-content\/uploads\/2022\/08\/enbiosis-practitioner-mobile-1-768x768.jpg 768w\" sizes=\"(max-width: 1080px) 100vw, 1080px\" \/>\t\t\t\t\t\t\n\t\t\t\t\t<\/div>\n\t\t\t\t\t\t<\/a>\t\t\n<style>\n#image_1913148423 {\n  width: 100%;\n}\n<\/style>\n\t<\/div>\n\t\n\n\n\t\t<\/div>\n\t\t\t\t\t<\/div>\n\n\t\n\n<\/div>\n\n\t\t<\/div>\n\n\t\t\n<style>\n#section_1149341895 {\n  padding-top: 50px;\n  padding-bottom: 50px;\n}\n#section_1149341895 .ux-shape-divider--top svg {\n  height: 150px;\n  --divider-top-width: 100%;\n}\n#section_1149341895 .ux-shape-divider--bottom svg {\n  height: 150px;\n  --divider-width: 100%;\n}\n<\/style>\n\t<\/section>\n\t\n\t<section class=\"section\" id=\"section_213492348\">\n\t\t<div class=\"bg section-bg fill bg-fill  bg-loaded\" >\n\n\t\t\t\n\t\t\t\n\t\t\t\n\n\t\t<\/div>\n\n\t\t\n\n\t\t<div class=\"section-content relative\">\n\t\t\t\n<div class=\"row align-middle\"  id=\"row-176182358\">\n\n\t<div id=\"col-1901296476\" class=\"col medium-6 small-12 large-6\"  >\n\t\t\t\t<div class=\"col-inner\"  >\n\t\t\t\n\t\t\t\n<h3 class=\"gradient-title\">Misi\u00f3n<\/h3>\n<p>Producir invenciones, productos y servicios cient\u00edficos que mejoren la calidad de la salud humana mediante el uso de organismos del microbioma.<\/p>\n\t<div id=\"gap-2047930185\" class=\"gap-element clearfix\" style=\"display:block; height:auto;\">\n\t\t\n<style>\n#gap-2047930185 {\n  padding-top: 30px;\n}\n<\/style>\n\t<\/div>\n\t\n<h3 class=\"gradient-title\">Visi\u00f3n<\/h3>\n<p>Hacer que las soluciones de salud sean accesibles a las masas, priorizando los principios del desarrollo humano.<\/p>\n\t\t<\/div>\n\t\t\t\t\t<\/div>\n\n\t\n\n\t<div id=\"col-1847875862\" class=\"col medium-6 small-12 large-6 small-col-first\"  >\n\t\t\t\t<div class=\"col-inner text-center\"  >\n\t\t\t\n\t\t\t\n\t<div class=\"img has-hover x md-x lg-x y md-y lg-y\" id=\"image_2016057187\">\n\t\t\t\t\t\t\t\t<div class=\"img-inner dark\" >\n\t\t\t<img loading=\"lazy\" decoding=\"async\" width=\"1120\" height=\"1120\" src=\"https:\/\/enbiosis.com\/staging\/wp-content\/uploads\/2024\/10\/about-doktor-1.webp\" class=\"attachment-original size-original\" alt=\"\" srcset=\"https:\/\/enbiosis.com\/staging\/wp-content\/uploads\/2024\/10\/about-doktor-1.webp 1120w, https:\/\/enbiosis.com\/staging\/wp-content\/uploads\/2024\/10\/about-doktor-1-510x510.webp 510w, https:\/\/enbiosis.com\/staging\/wp-content\/uploads\/2024\/10\/about-doktor-1-100x100.webp 100w, https:\/\/enbiosis.com\/staging\/wp-content\/uploads\/2024\/10\/about-doktor-1-300x300.webp 300w, https:\/\/enbiosis.com\/staging\/wp-content\/uploads\/2024\/10\/about-doktor-1-150x150.webp 150w, https:\/\/enbiosis.com\/staging\/wp-content\/uploads\/2024\/10\/about-doktor-1-768x768.webp 768w\" sizes=\"(max-width: 1120px) 100vw, 1120px\" \/>\t\t\t\t\t\t\n\t\t\t\t\t<\/div>\n\t\t\t\t\t\t\t\t\n<style>\n#image_2016057187 {\n  width: 70%;\n}\n<\/style>\n\t<\/div>\n\t\n\t\t<\/div>\n\t\t\t\t\t<\/div>\n\n\t\n<\/div>\n\t\t<\/div>\n\n\t\t\n<style>\n#section_213492348 {\n  padding-top: 50px;\n  padding-bottom: 50px;\n}\n#section_213492348 .ux-shape-divider--top svg {\n  height: 150px;\n  --divider-top-width: 100%;\n}\n#section_213492348 .ux-shape-divider--bottom svg {\n  height: 150px;\n  --divider-width: 100%;\n}\n<\/style>\n\t<\/section>\n\t\n","protected":false},"excerpt":{"rendered":"","protected":false},"author":2,"featured_media":0,"parent":0,"menu_order":0,"comment_status":"closed","ping_status":"closed","template":"page-blank.php","meta":{"_acf_changed":false,"om_disable_all_campaigns":false,"inline_featured_image":false,"_uf_show_specific_survey":0,"_uf_disable_surveys":false,"footnotes":""},"class_list":["post-26323","page","type-page","status-publish","hentry"],"acf":[],"yoast_head":"<!-- This site is optimized with the Yoast SEO plugin v23.5 - https:\/\/yoast.com\/wordpress\/plugins\/seo\/ -->\n<title>Enbiosis | Salud y modulaci\u00f3n del microbioma intestinal impulsada por IA<\/title>\n<meta name=\"description\" content=\"Soluciones de salud intestinal impulsadas por IA y an\u00e1lisis de microbioma, recomendaciones personalizadas de alimentos y suplementos para mejorar su salud intestinal.\" \/>\n<meta name=\"robots\" content=\"noindex, follow, max-snippet:-1, max-image-preview:large, max-video-preview:-1\" \/>\n<meta property=\"og:locale\" content=\"en_US\" \/>\n<meta property=\"og:type\" content=\"article\" \/>\n<meta property=\"og:title\" content=\"Enbiosis | Salud y modulaci\u00f3n del microbioma intestinal impulsada por IA\" \/>\n<meta property=\"og:description\" content=\"Soluciones de salud intestinal impulsadas por IA y an\u00e1lisis de microbioma, recomendaciones personalizadas de alimentos y suplementos para mejorar su salud intestinal.\" \/>\n<meta property=\"og:url\" content=\"https:\/\/enbiosis.com\/staging\/es\/about\/\" \/>\n<meta property=\"og:site_name\" content=\"Enbiosis\" \/>\n<meta property=\"article:modified_time\" content=\"2024-11-26T11:36:47+00:00\" \/>\n<meta name=\"twitter:card\" content=\"summary_large_image\" \/>\n<meta name=\"twitter:label1\" content=\"Est. reading time\" \/>\n\t<meta name=\"twitter:data1\" content=\"2 minutes\" \/>\n<script type=\"application\/ld+json\" class=\"yoast-schema-graph\">{\"@context\":\"https:\/\/schema.org\",\"@graph\":[{\"@type\":\"WebPage\",\"@id\":\"https:\/\/enbiosis.com\/staging\/es\/about\/\",\"url\":\"https:\/\/enbiosis.com\/staging\/es\/about\/\",\"name\":\"Enbiosis | Salud y modulaci\u00f3n del microbioma intestinal impulsada por IA\",\"isPartOf\":{\"@id\":\"https:\/\/enbiosis.com\/staging\/#website\"},\"datePublished\":\"2024-03-12T11:36:28+00:00\",\"dateModified\":\"2024-11-26T11:36:47+00:00\",\"description\":\"Soluciones de salud intestinal impulsadas por IA y an\u00e1lisis de microbioma, recomendaciones personalizadas de alimentos y suplementos para mejorar su salud intestinal.\",\"breadcrumb\":{\"@id\":\"https:\/\/enbiosis.com\/staging\/es\/about\/#breadcrumb\"},\"inLanguage\":\"en-US\",\"potentialAction\":[{\"@type\":\"ReadAction\",\"target\":[\"https:\/\/enbiosis.com\/staging\/es\/about\/\"]}]},{\"@type\":\"BreadcrumbList\",\"@id\":\"https:\/\/enbiosis.com\/staging\/es\/about\/#breadcrumb\",\"itemListElement\":[{\"@type\":\"ListItem\",\"position\":1,\"name\":\"Home\",\"item\":\"https:\/\/enbiosis.com\/staging\/\"},{\"@type\":\"ListItem\",\"position\":2,\"name\":\"Acerca de\"}]},{\"@type\":\"WebSite\",\"@id\":\"https:\/\/enbiosis.com\/staging\/#website\",\"url\":\"https:\/\/enbiosis.com\/staging\/\",\"name\":\"Enbiosis\",\"description\":\"Microbiome Analysis\",\"potentialAction\":[{\"@type\":\"SearchAction\",\"target\":{\"@type\":\"EntryPoint\",\"urlTemplate\":\"https:\/\/enbiosis.com\/staging\/?s={search_term_string}\"},\"query-input\":{\"@type\":\"PropertyValueSpecification\",\"valueRequired\":true,\"valueName\":\"search_term_string\"}}],\"inLanguage\":\"en-US\"}]}<\/script>\n<!-- \/ Yoast SEO plugin. -->","yoast_head_json":{"title":"Enbiosis | Salud y modulaci\u00f3n del microbioma intestinal impulsada por IA","description":"Soluciones de salud intestinal impulsadas por IA y an\u00e1lisis de microbioma, recomendaciones personalizadas de alimentos y suplementos para mejorar su salud intestinal.","robots":{"index":"noindex","follow":"follow","max-snippet":"max-snippet:-1","max-image-preview":"max-image-preview:large","max-video-preview":"max-video-preview:-1"},"og_locale":"en_US","og_type":"article","og_title":"Enbiosis | Salud y modulaci\u00f3n del microbioma intestinal impulsada por IA","og_description":"Soluciones de salud intestinal impulsadas por IA y an\u00e1lisis de microbioma, recomendaciones personalizadas de alimentos y suplementos para mejorar su salud intestinal.","og_url":"https:\/\/enbiosis.com\/staging\/es\/about\/","og_site_name":"Enbiosis","article_modified_time":"2024-11-26T11:36:47+00:00","twitter_card":"summary_large_image","twitter_misc":{"Est. reading time":"2 minutes"},"schema":{"@context":"https:\/\/schema.org","@graph":[{"@type":"WebPage","@id":"https:\/\/enbiosis.com\/staging\/es\/about\/","url":"https:\/\/enbiosis.com\/staging\/es\/about\/","name":"Enbiosis | Salud y modulaci\u00f3n del microbioma intestinal impulsada por IA","isPartOf":{"@id":"https:\/\/enbiosis.com\/staging\/#website"},"datePublished":"2024-03-12T11:36:28+00:00","dateModified":"2024-11-26T11:36:47+00:00","description":"Soluciones de salud intestinal impulsadas por IA y an\u00e1lisis de microbioma, recomendaciones personalizadas de alimentos y suplementos para mejorar su salud intestinal.","breadcrumb":{"@id":"https:\/\/enbiosis.com\/staging\/es\/about\/#breadcrumb"},"inLanguage":"en-US","potentialAction":[{"@type":"ReadAction","target":["https:\/\/enbiosis.com\/staging\/es\/about\/"]}]},{"@type":"BreadcrumbList","@id":"https:\/\/enbiosis.com\/staging\/es\/about\/#breadcrumb","itemListElement":[{"@type":"ListItem","position":1,"name":"Home","item":"https:\/\/enbiosis.com\/staging\/"},{"@type":"ListItem","position":2,"name":"Acerca de"}]},{"@type":"WebSite","@id":"https:\/\/enbiosis.com\/staging\/#website","url":"https:\/\/enbiosis.com\/staging\/","name":"Enbiosis","description":"Microbiome Analysis","potentialAction":[{"@type":"SearchAction","target":{"@type":"EntryPoint","urlTemplate":"https:\/\/enbiosis.com\/staging\/?s={search_term_string}"},"query-input":{"@type":"PropertyValueSpecification","valueRequired":true,"valueName":"search_term_string"}}],"inLanguage":"en-US"}]}},"lang":"es","translations":{"es":26323,"en":95,"pt":24533,"zh":24710,"tr":25138,"pl":26556,"ru":33521,"ar":33592,"el":36211,"cs":38273},"pll_sync_post":[],"_links":{"self":[{"href":"https:\/\/enbiosis.com\/staging\/wp-json\/wp\/v2\/pages\/26323"}],"collection":[{"href":"https:\/\/enbiosis.com\/staging\/wp-json\/wp\/v2\/pages"}],"about":[{"href":"https:\/\/enbiosis.com\/staging\/wp-json\/wp\/v2\/types\/page"}],"author":[{"embeddable":true,"href":"https:\/\/enbiosis.com\/staging\/wp-json\/wp\/v2\/users\/2"}],"replies":[{"embeddable":true,"href":"https:\/\/enbiosis.com\/staging\/wp-json\/wp\/v2\/comments?post=26323"}],"version-history":[{"count":0,"href":"https:\/\/enbiosis.com\/staging\/wp-json\/wp\/v2\/pages\/26323\/revisions"}],"wp:attachment":[{"href":"https:\/\/enbiosis.com\/staging\/wp-json\/wp\/v2\/media?parent=26323"}],"curies":[{"name":"wp","href":"https:\/\/api.w.org\/{rel}","templated":true}]}}