{"id":38297,"date":"2024-12-29T22:41:23","date_gmt":"2024-12-29T19:41:23","guid":{"rendered":"https:\/\/www.enbiosis.com\/?page_id=38297"},"modified":"2025-01-22T12:04:15","modified_gmt":"2025-01-22T09:04:15","slug":"enbiosis-ai-technology","status":"publish","type":"page","link":"https:\/\/enbiosis.com\/staging\/cs\/enbiosis-ai-technology\/","title":{"rendered":"ENBIOSIS AI Technologie"},"content":{"rendered":"\t<section class=\"section\" id=\"section_737417510\">\n\t\t<div class=\"bg section-bg fill bg-fill  \" >\n\n\t\t\t\n\t\t\t<div class=\"section-bg-overlay absolute fill\"><\/div>\n\t\t\t\n\n\t\t<\/div>\n\n\t\t\n\n\t\t<div class=\"section-content relative\">\n\t\t\t\n<div class=\"row\"  id=\"row-1930313652\">\n\n\t<div id=\"col-827255802\" class=\"col small-12 large-12\"  >\n\t\t\t\t<div class=\"col-inner text-center dark\"  >\n\t\t\t\n\t\t\t\n\t<div id=\"text-2238061651\" class=\"text\">\n\t\t\n<h1><span style=\"font-size: 80%;\">Odemknut\u00ed s\u00edly AI pro dek\u00f3dov\u00e1n\u00ed st\u0159evn\u00edho mikrobiomu<\/span><\/h1>\n\t\t\n<style>\n#text-2238061651 {\n  font-size: 2rem;\n  text-align: center;\n}\n<\/style>\n\t<\/div>\n\t\n\t\t<\/div>\n\t\t\t\t\n<style>\n#col-827255802 > .col-inner {\n  padding: 20px 0px 0px 0px;\n}\n<\/style>\n\t<\/div>\n\n\t\n\n<style>\n#row-1930313652 > .col > .col-inner {\n  padding: 56px 0px 0px 0px;\n}\n<\/style>\n<\/div>\n\t\t<\/div>\n\n\t\t\n<style>\n#section_737417510 {\n  padding-top: 50px;\n  padding-bottom: 50px;\n  min-height: 300px;\n}\n#section_737417510 .section-bg-overlay {\n  background-color: rgba(0, 0, 0, 0.221);\n}\n#section_737417510 .section-bg.bg-loaded {\n  background-image: url(https:\/\/enbiosis.com\/staging\/wp-content\/uploads\/2024\/10\/Gut_micro_page-copy11.webp);\n}\n#section_737417510 .section-bg {\n  background-position: 50% 40%;\n}\n#section_737417510 .ux-shape-divider--top svg {\n  height: 150px;\n  --divider-top-width: 100%;\n}\n#section_737417510 .ux-shape-divider--bottom svg {\n  height: 150px;\n  --divider-width: 100%;\n}\n@media (min-width:550px) {\n  #section_737417510 {\n    padding-top: 0px;\n    padding-bottom: 0px;\n  }\n}\n<\/style>\n\t<\/section>\n\t\n\t<section class=\"section\" id=\"section_1421890957\">\n\t\t<div class=\"bg section-bg fill bg-fill  bg-loaded\" >\n\n\t\t\t\n\t\t\t\n\t\t\t\n\n\t\t<\/div>\n\n\t\t\n\n\t\t<div class=\"section-content relative\">\n\t\t\t\n<div class=\"row align-center\"  id=\"row-1870381744\">\n\n\t<div id=\"col-2070221478\" class=\"col small-12 large-12\"  >\n\t\t\t\t<div class=\"col-inner text-left\"  >\n\t\t\t\n\t\t\t\n\t<div id=\"gap-1196885198\" class=\"gap-element clearfix\" style=\"display:block; height:auto;\">\n\t\t\n<style>\n#gap-1196885198 {\n  padding-top: 30px;\n}\n<\/style>\n\t<\/div>\n\t\n<div class=\"row align-equal align-center\"  id=\"row-1452732793\">\n\n\t<div id=\"col-1969985401\" class=\"col small-12 large-12\"  >\n\t\t\t\t<div class=\"col-inner text-left\" style=\"background-color:rgb(255,255,255);\" >\n\t\t\t\n\t\t\t\n<div class=\"row align-middle\"  id=\"row-533906895\">\n\n\t<div id=\"col-127232318\" class=\"col medium-4 small-12 large-4 small-col-first\"  >\n\t\t\t\t<div class=\"col-inner text-center\"  >\n\t\t\t\n\t\t\t\n\t<div class=\"img has-hover x md-x lg-x y md-y lg-y\" id=\"image_303174719\">\n\t\t\t\t\t\t\t\t<div class=\"img-inner dark\" >\n\t\t\t<img fetchpriority=\"high\" decoding=\"async\" width=\"1080\" height=\"1080\" src=\"https:\/\/enbiosis.com\/staging\/wp-content\/uploads\/2024\/10\/enbiosis-ai-01.webp\" class=\"attachment-original size-original\" alt=\"How we combine AI and human gut microbiome\" srcset=\"https:\/\/enbiosis.com\/staging\/wp-content\/uploads\/2024\/10\/enbiosis-ai-01.webp 1080w, https:\/\/enbiosis.com\/staging\/wp-content\/uploads\/2024\/10\/enbiosis-ai-01-510x510.webp 510w, https:\/\/enbiosis.com\/staging\/wp-content\/uploads\/2024\/10\/enbiosis-ai-01-100x100.webp 100w, https:\/\/enbiosis.com\/staging\/wp-content\/uploads\/2024\/10\/enbiosis-ai-01-300x300.webp 300w, https:\/\/enbiosis.com\/staging\/wp-content\/uploads\/2024\/10\/enbiosis-ai-01-150x150.webp 150w, https:\/\/enbiosis.com\/staging\/wp-content\/uploads\/2024\/10\/enbiosis-ai-01-768x768.webp 768w\" sizes=\"(max-width: 1080px) 100vw, 1080px\" \/>\t\t\t\t\t\t\n\t\t\t\t\t<\/div>\n\t\t\t\t\t\t\t\t\n<style>\n#image_303174719 {\n  width: 100%;\n}\n<\/style>\n\t<\/div>\n\t\n\t\t<\/div>\n\t\t\t\t\t<\/div>\n\n\t\n\n\t<div id=\"col-1598105906\" class=\"col medium-8 small-12 large-8\"  >\n\t\t\t\t<div class=\"col-inner text-left\"  >\n\t\t\t\n\t\t\t\n\t<div id=\"text-1904393123\" class=\"text\">\n\t\t\n<h2 class=\"gradient-title\">Jak kombinujeme AI a lidsk\u00fd st\u0159evn\u00ed mikrobiom<\/h2>\n\t\t\n<style>\n#text-1904393123 {\n  font-size: 2.5rem;\n  text-align: left;\n}\n<\/style>\n\t<\/div>\n\t\n<p>St\u0159evn\u00ed mikrobiom je analyzov\u00e1n pomoc\u00ed technologi\u00ed um\u011bl\u00e9 inteligence. Po obdr\u017een\u00ed vzorku na\u0161e smluvn\u00ed laborato\u0159e prov\u00e1d\u011bj\u00ed anal\u00fdzu na z\u00e1klad\u011b NGS. Software ENBIOSIS zpracov\u00e1v\u00e1 surov\u00e1 DNA data, ur\u010duje, kter\u00e9 bakteri\u00e1ln\u00ed skupiny \u017eij\u00ed ve st\u0159ev\u011b \u010dlov\u011bka na taksonomick\u00e9 \u00farovni a, co je nejd\u016fle\u017eit\u011bj\u0161\u00ed, definuje ekologick\u00e9 a funk\u010dn\u00ed vztahy mezi nimi. Podrobnosti anal\u00fdzy mikrobiomu jsou uvedeny ve <strong>Zpr\u00e1v\u011b o modulaci mikrobiomu ENBIOSIS.<\/strong><\/p>\n\t\t<\/div>\n\t\t\t\t\t<\/div>\n\n\t\n<\/div>\n<div class=\"row align-middle\"  id=\"row-551157665\">\n\n\t<div id=\"col-363558186\" class=\"col medium-8 small-12 large-8\"  >\n\t\t\t\t<div class=\"col-inner text-left\"  >\n\t\t\t\n\t\t\t\n\t<div id=\"text-3739593350\" class=\"text\">\n\t\t\n<h2 class=\"gradient-title\">Technologie ENBIOSIS AI<\/h2>\n<p>Pro tr\u00e9nink model\u016f strojov\u00e9ho u\u010den\u00ed jsme sestavili datab\u00e1zi mikrobiomu pomoc\u00ed dostupn\u00fdch open-source dat z projekt\u016f American Gut Project, Human Microbiome Project, Flemish Gut Flora Project a na\u0161ich intern\u00edch dat. Datab\u00e1ze obsahuje data o mikrobiomu a informace o \u017eivotn\u00edm stylu a zdrav\u00ed v\u00edce ne\u017e 46 000 jednotlivc\u016f. D\u00edky na\u0161emu rostouc\u00edmu biobankov\u00e9mu arch\u00edvu na\u0161e technologie AI se neust\u00e1le zlep\u0161uje.<br \/>\n\t\t\n<style>\n#text-3739593350 {\n  text-align: left;\n}\n<\/style>\n\t<\/div>\n\t\n\t\t<\/div>\n\t\t\t\t\t<\/div>\n\n\t\n\n\t<div id=\"col-1231533763\" class=\"col medium-4 small-12 large-4 small-col-first\"  >\n\t\t\t\t<div class=\"col-inner text-center\"  >\n\t\t\t\n\t\t\t\n\t<div class=\"img has-hover x md-x lg-x y md-y lg-y\" id=\"image_1007429451\">\n\t\t\t\t\t\t\t\t<div class=\"img-inner dark\" >\n\t\t\t<img decoding=\"async\" width=\"1080\" height=\"1080\" src=\"https:\/\/enbiosis.com\/staging\/wp-content\/uploads\/2024\/10\/enbiosis-ai-02.webp\" class=\"attachment-original size-original\" alt=\"Probiotic recommendation system\" srcset=\"https:\/\/enbiosis.com\/staging\/wp-content\/uploads\/2024\/10\/enbiosis-ai-02.webp 1080w, https:\/\/enbiosis.com\/staging\/wp-content\/uploads\/2024\/10\/enbiosis-ai-02-510x510.webp 510w, https:\/\/enbiosis.com\/staging\/wp-content\/uploads\/2024\/10\/enbiosis-ai-02-100x100.webp 100w, https:\/\/enbiosis.com\/staging\/wp-content\/uploads\/2024\/10\/enbiosis-ai-02-300x300.webp 300w, https:\/\/enbiosis.com\/staging\/wp-content\/uploads\/2024\/10\/enbiosis-ai-02-150x150.webp 150w, https:\/\/enbiosis.com\/staging\/wp-content\/uploads\/2024\/10\/enbiosis-ai-02-768x768.webp 768w\" sizes=\"(max-width: 1080px) 100vw, 1080px\" \/>\t\t\t\t\t\t\n\t\t\t\t\t<\/div>\n\t\t\t\t\t\t\t\t\n<style>\n#image_1007429451 {\n  width: 100%;\n}\n<\/style>\n\t<\/div>\n\t\n\t\t<\/div>\n\t\t\t\t\t<\/div>\n\n\t\n<\/div>\n<div class=\"row align-middle\"  id=\"row-1736492530\">\n\n\t<div id=\"col-348274783\" class=\"col medium-4 small-12 large-4 small-col-first\"  >\n\t\t\t\t<div class=\"col-inner text-center\"  >\n\t\t\t\n\t\t\t\n\t<div class=\"img has-hover x md-x lg-x y md-y lg-y\" id=\"image_1214447889\">\n\t\t\t\t\t\t\t\t<div class=\"img-inner dark\" >\n\t\t\t<img decoding=\"async\" width=\"1080\" height=\"1080\" src=\"https:\/\/enbiosis.com\/staging\/wp-content\/uploads\/2024\/10\/enbiosis-ai-03.webp\" class=\"attachment-original size-original\" alt=\"\" srcset=\"https:\/\/enbiosis.com\/staging\/wp-content\/uploads\/2024\/10\/enbiosis-ai-03.webp 1080w, https:\/\/enbiosis.com\/staging\/wp-content\/uploads\/2024\/10\/enbiosis-ai-03-510x510.webp 510w, https:\/\/enbiosis.com\/staging\/wp-content\/uploads\/2024\/10\/enbiosis-ai-03-100x100.webp 100w, https:\/\/enbiosis.com\/staging\/wp-content\/uploads\/2024\/10\/enbiosis-ai-03-300x300.webp 300w, https:\/\/enbiosis.com\/staging\/wp-content\/uploads\/2024\/10\/enbiosis-ai-03-150x150.webp 150w, https:\/\/enbiosis.com\/staging\/wp-content\/uploads\/2024\/10\/enbiosis-ai-03-768x768.webp 768w\" sizes=\"(max-width: 1080px) 100vw, 1080px\" \/>\t\t\t\t\t\t\n\t\t\t\t\t<\/div>\n\t\t\t\t\t\t\t\t\n<style>\n#image_1214447889 {\n  width: 100%;\n}\n<\/style>\n\t<\/div>\n\t\n\t\t<\/div>\n\t\t\t\t\t<\/div>\n\n\t\n\n\t<div id=\"col-257969575\" class=\"col medium-8 small-12 large-8\"  >\n\t\t\t\t<div class=\"col-inner text-left\"  >\n\t\t\t\n\t\t\t\n<h3 class=\"gradient-title\">Syst\u00e9m doporu\u010den\u00ed probiotik<\/h3>\n<p>Probiotika jsou \u017eiv\u00e9 mikroorganismy, kter\u00e9 poskytuj\u00ed zdravotn\u00ed v\u00fdhody p\u0159i konzumaci jako dopl\u0148ky. Ka\u017ed\u00fd mikrobiom m\u00e1 nedostatek r\u016fzn\u00fdch probiotick\u00fdch organism\u016f. Analyzov\u00e1n\u00edm mikrobiomu jednotlivce na \u00farovni mikrobi\u00e1ln\u00edch gen\u016f poskytuje ENBIOSIS personalizovan\u00e1 doporu\u010den\u00ed probiotik pro podporu zdrav\u00ed a zm\u00edrn\u011bn\u00ed komplikac\u00ed chronick\u00fdch onemocn\u011bn\u00ed.<\/p>\n\t\t<\/div>\n\t\t\t\t\t<\/div>\n\n\t\n<\/div>\n<div class=\"row align-middle\"  id=\"row-1414455404\">\n\n\t<div id=\"col-2025340240\" class=\"col medium-8 small-12 large-8\"  >\n\t\t\t\t<div class=\"col-inner text-left\"  >\n\t\t\t\n\t\t\t\n\t<div id=\"text-2380094878\" class=\"text\">\n\t\t\n<h2 class=\"gradient-title\">V\u00fd\u017eivov\u00fd model ENBIOSIS zalo\u017een\u00fd na AI<\/h2>\n<p>Pro hodnocen\u00ed vztahu mezi potravinami a mikrobiotou jsme sestavili datab\u00e1zi \u017eivin obsahuj\u00edc\u00ed kategorie: sacharidy, b\u00edlkoviny, lipidy, vitam\u00edny\/miner\u00e1ly, fytochemik\u00e1lie, potravin\u00e1\u0159sk\u00e9 p\u0159\u00edsady, specifick\u00e9 potraviny, fermentovan\u00e9 potraviny. Mikronutrienty, kter\u00e9 jsou spojeny s r\u016fstem\/ inhibic\u00ed ur\u010dit\u00fdch mikroorganism\u016f v in-vivo studi\u00edch, jsou ur\u010dov\u00e1ny meta-anal\u00fdzou.<\/p>\n<p>Kone\u010dn\u00e1 datab\u00e1ze obsahuje mikronutrienty a jejich c\u00edlov\u00e9 mikroorganismy. Kdy\u017e je ur\u010dena preferovan\u00e1 modulace mikrobiomu (nap\u0159. sm\u011brem ke zdrav\u011bj\u0161\u00ed stavu, ve prosp\u011bch probiotick\u00e9 slo\u017een\u00ed), souvisej\u00edc\u00ed mikronutrienty dost\u00e1vaj\u00ed odpov\u00eddaj\u00edc\u00ed sk\u00f3re. Jeden mikronutrient m\u016f\u017ee m\u00edt v\u00edce c\u00edl\u016f a organismus m\u016f\u017ee b\u00fdt c\u00edlen n\u011bkolika mikronutrienty. To vede k opakovan\u00fdm preferenc\u00edm ur\u010dit\u00fdch mikronutrient\u016f a t\u00edm i k diferenci\u00e1ln\u00edmu hodnocen\u00ed v \u0161irok\u00e9m spektru.<\/p>\n<p>Kone\u010dn\u00e1 sk\u00f3re jsou relativn\u00ed hodnocen\u00ed \u0161k\u00e1lovan\u00e1 v rozsahu 0-10. Podobn\u011b hodnocen\u00ed potravin je kumulativn\u00ed hodnocen\u00ed polo\u017eek potravy v\u00e1\u017een\u00fdch jejich mikronutrientov\u00fdmi slo\u017ekami.<br \/>\n\t\t\n<style>\n#text-2380094878 {\n  text-align: left;\n}\n<\/style>\n\t<\/div>\n\t\n\t\t<\/div>\n\t\t\t\t\t<\/div>\n\n\t\n\n\t<div id=\"col-251488959\" class=\"col medium-4 small-12 large-4 small-col-first\"  >\n\t\t\t\t<div class=\"col-inner text-center\"  >\n\t\t\t\n\t\t\t\n\t<div class=\"img has-hover x md-x lg-x y md-y lg-y\" id=\"image_329124933\">\n\t\t\t\t\t\t\t\t<div class=\"img-inner dark\" >\n\t\t\t<img loading=\"lazy\" decoding=\"async\" width=\"1080\" height=\"1080\" src=\"https:\/\/enbiosis.com\/staging\/wp-content\/uploads\/2024\/10\/enbiosis-ai-04.webp\" class=\"attachment-original size-original\" alt=\"ENBIOSIS AI-based nutrition model\" srcset=\"https:\/\/enbiosis.com\/staging\/wp-content\/uploads\/2024\/10\/enbiosis-ai-04.webp 1080w, https:\/\/enbiosis.com\/staging\/wp-content\/uploads\/2024\/10\/enbiosis-ai-04-510x510.webp 510w, https:\/\/enbiosis.com\/staging\/wp-content\/uploads\/2024\/10\/enbiosis-ai-04-100x100.webp 100w, https:\/\/enbiosis.com\/staging\/wp-content\/uploads\/2024\/10\/enbiosis-ai-04-300x300.webp 300w, https:\/\/enbiosis.com\/staging\/wp-content\/uploads\/2024\/10\/enbiosis-ai-04-150x150.webp 150w, https:\/\/enbiosis.com\/staging\/wp-content\/uploads\/2024\/10\/enbiosis-ai-04-768x768.webp 768w\" sizes=\"(max-width: 1080px) 100vw, 1080px\" \/>\t\t\t\t\t\t\n\t\t\t\t\t<\/div>\n\t\t\t\t\t\t\t\t\n<style>\n#image_329124933 {\n  width: 100%;\n}\n<\/style>\n\t<\/div>\n\t\n\t\t<\/div>\n\t\t\t\t\t<\/div>\n\n\t\n<\/div>\n<div class=\"row align-middle\"  id=\"row-1095917707\">\n\n\t<div id=\"col-1858542202\" class=\"col medium-4 small-12 large-4 small-col-first\"  >\n\t\t\t\t<div class=\"col-inner text-center\"  >\n\t\t\t\n\t\t\t\n\t<div class=\"img has-hover x md-x lg-x y md-y lg-y\" id=\"image_1989206656\">\n\t\t\t\t\t\t\t\t<div class=\"img-inner dark\" >\n\t\t\t<img loading=\"lazy\" decoding=\"async\" width=\"1080\" height=\"1080\" src=\"https:\/\/enbiosis.com\/staging\/wp-content\/uploads\/2024\/10\/enbiosis-ai-05.webp\" class=\"attachment-original size-original\" alt=\"ENBIOSIS next-gen probiotics and live biotherapeutics\" srcset=\"https:\/\/enbiosis.com\/staging\/wp-content\/uploads\/2024\/10\/enbiosis-ai-05.webp 1080w, https:\/\/enbiosis.com\/staging\/wp-content\/uploads\/2024\/10\/enbiosis-ai-05-510x510.webp 510w, https:\/\/enbiosis.com\/staging\/wp-content\/uploads\/2024\/10\/enbiosis-ai-05-100x100.webp 100w, https:\/\/enbiosis.com\/staging\/wp-content\/uploads\/2024\/10\/enbiosis-ai-05-300x300.webp 300w, https:\/\/enbiosis.com\/staging\/wp-content\/uploads\/2024\/10\/enbiosis-ai-05-150x150.webp 150w, https:\/\/enbiosis.com\/staging\/wp-content\/uploads\/2024\/10\/enbiosis-ai-05-768x768.webp 768w\" sizes=\"(max-width: 1080px) 100vw, 1080px\" \/>\t\t\t\t\t\t\n\t\t\t\t\t<\/div>\n\t\t\t\t\t\t\t\t\n<style>\n#image_1989206656 {\n  width: 100%;\n}\n<\/style>\n\t<\/div>\n\t\n\t\t<\/div>\n\t\t\t\t\t<\/div>\n\n\t\n\n\t<div id=\"col-1432627408\" class=\"col medium-8 small-12 large-8\"  >\n\t\t\t\t<div class=\"col-inner text-left\"  >\n\t\t\t\n\t\t\t\n\t<div id=\"text-273057638\" class=\"text\">\n\t\t\n<h2 class=\"gradient-title\">ENBIOSIS probiotika nov\u00e9 generace a \u017eiv\u00e9 bioterapeutika<\/h2>\n<p>Na\u0161e technologie objevov\u00e1n\u00ed biomarker\u016f na b\u00e1zi AI prozkoum\u00e1v\u00e1 obrovsk\u00e9 mno\u017estv\u00ed dat o mikrobiomu k objeven\u00ed genetick\u00fdch entit spojen\u00fdch se zdrav\u00edm \u010dlov\u011bka. B\u011bhem na\u0161eho v\u00fdzkumu v na\u0161\u00ed propriet\u00e1rn\u00ed mikrobiobance jsme objevili pozoruhodn\u00e9 biomarkery (bakteri\u00e1ln\u00ed geny a biosyntetick\u00e9 genov\u00e9 komplexy jako velk\u00e9 segmenty DNA), kter\u00e9 mohou potenci\u00e1ln\u011b p\u0159in\u00e9st bezprecedentn\u00ed zdravotn\u00ed p\u0159\u00ednosy.<\/p>\n<p>Zah\u00e1jili jsme program v\u00fdzkumu a v\u00fdvoje pro produkci geneticky upraven\u00fdch mikroorganism\u016f, kter\u00e9 integruj\u00ed zm\u00edn\u011bn\u00e9 biomarkery a poskytuj\u00ed probiotika nov\u00e9 generace.<br \/>\n\t\t\n<style>\n#text-273057638 {\n  text-align: left;\n}\n<\/style>\n\t<\/div>\n\t\n\t\t<\/div>\n\t\t\t\t\t<\/div>\n\n\t\n<\/div>\n\t<div id=\"gap-16120925\" class=\"gap-element clearfix\" style=\"display:block; height:auto;\">\n\t\t\n<style>\n#gap-16120925 {\n  padding-top: 50px;\n}\n<\/style>\n\t<\/div>\n\t\n\t\t<\/div>\n\t\t\t\t\t<\/div>\n\n\t\n\n<style>\n#row-1452732793 > .col > .col-inner {\n  padding: 40px 40px 40px 40px;\n  background-color: rgb(255,255,255);\n}\n<\/style>\n<\/div>\n\t\t<\/div>\n\t\t\t\t\t<\/div>\n\n\t\n<\/div>\n\t\t<\/div>\n\n\t\t\n<style>\n#section_1421890957 {\n  padding-top: 30px;\n  padding-bottom: 30px;\n  background-color: rgb(244, 244, 244);\n}\n#section_1421890957 .ux-shape-divider--top svg {\n  height: 150px;\n  --divider-top-width: 100%;\n}\n#section_1421890957 .ux-shape-divider--bottom svg {\n  height: 150px;\n  --divider-width: 100%;\n}\n<\/style>\n\t<\/section>\n\t\n","protected":false},"excerpt":{"rendered":"","protected":false},"author":1298,"featured_media":0,"parent":0,"menu_order":0,"comment_status":"closed","ping_status":"closed","template":"page-blank.php","meta":{"_acf_changed":false,"om_disable_all_campaigns":false,"inline_featured_image":false,"_uf_show_specific_survey":0,"_uf_disable_surveys":false,"footnotes":""},"class_list":["post-38297","page","type-page","status-publish","hentry"],"acf":[],"yoast_head":"<!-- This site is optimized with the Yoast SEO plugin v23.5 - https:\/\/yoast.com\/wordpress\/plugins\/seo\/ -->\n<title>Enbiosis AI technology for gut microbiome test and gut health<\/title>\n<meta name=\"description\" content=\"AI-powered gut health solutions and microbiome analysis, personalized food and supplements recommendation to increase your gut health.\" \/>\n<meta name=\"robots\" content=\"noindex, follow, max-snippet:-1, max-image-preview:large, max-video-preview:-1\" \/>\n<meta property=\"og:locale\" content=\"en_US\" \/>\n<meta property=\"og:type\" content=\"article\" \/>\n<meta property=\"og:title\" content=\"Enbiosis AI technology for gut microbiome test and gut health\" \/>\n<meta property=\"og:description\" content=\"AI-powered gut health solutions and microbiome analysis, personalized food and supplements recommendation to increase your gut health.\" \/>\n<meta property=\"og:url\" content=\"https:\/\/enbiosis.com\/staging\/cs\/enbiosis-ai-technology\/\" \/>\n<meta property=\"og:site_name\" content=\"Enbiosis\" \/>\n<meta property=\"article:modified_time\" content=\"2025-01-22T09:04:15+00:00\" \/>\n<meta name=\"twitter:card\" content=\"summary_large_image\" \/>\n<meta name=\"twitter:label1\" content=\"Est. reading time\" \/>\n\t<meta name=\"twitter:data1\" content=\"3 minutes\" \/>\n<script type=\"application\/ld+json\" class=\"yoast-schema-graph\">{\"@context\":\"https:\/\/schema.org\",\"@graph\":[{\"@type\":\"WebPage\",\"@id\":\"https:\/\/enbiosis.com\/staging\/cs\/enbiosis-ai-technology\/\",\"url\":\"https:\/\/enbiosis.com\/staging\/cs\/enbiosis-ai-technology\/\",\"name\":\"Enbiosis AI technology for gut microbiome test and gut health\",\"isPartOf\":{\"@id\":\"https:\/\/enbiosis.com\/staging\/#website\"},\"datePublished\":\"2024-12-29T19:41:23+00:00\",\"dateModified\":\"2025-01-22T09:04:15+00:00\",\"description\":\"AI-powered gut health solutions and microbiome analysis, personalized food and supplements recommendation to increase your gut health.\",\"breadcrumb\":{\"@id\":\"https:\/\/enbiosis.com\/staging\/cs\/enbiosis-ai-technology\/#breadcrumb\"},\"inLanguage\":\"en-US\",\"potentialAction\":[{\"@type\":\"ReadAction\",\"target\":[\"https:\/\/enbiosis.com\/staging\/cs\/enbiosis-ai-technology\/\"]}]},{\"@type\":\"BreadcrumbList\",\"@id\":\"https:\/\/enbiosis.com\/staging\/cs\/enbiosis-ai-technology\/#breadcrumb\",\"itemListElement\":[{\"@type\":\"ListItem\",\"position\":1,\"name\":\"Home\",\"item\":\"https:\/\/enbiosis.com\/staging\/\"},{\"@type\":\"ListItem\",\"position\":2,\"name\":\"ENBIOSIS AI Technologie\"}]},{\"@type\":\"WebSite\",\"@id\":\"https:\/\/enbiosis.com\/staging\/#website\",\"url\":\"https:\/\/enbiosis.com\/staging\/\",\"name\":\"Enbiosis\",\"description\":\"Microbiome Analysis\",\"potentialAction\":[{\"@type\":\"SearchAction\",\"target\":{\"@type\":\"EntryPoint\",\"urlTemplate\":\"https:\/\/enbiosis.com\/staging\/?s={search_term_string}\"},\"query-input\":{\"@type\":\"PropertyValueSpecification\",\"valueRequired\":true,\"valueName\":\"search_term_string\"}}],\"inLanguage\":\"en-US\"}]}<\/script>\n<!-- \/ Yoast SEO plugin. -->","yoast_head_json":{"title":"Enbiosis AI technology for gut microbiome test and gut health","description":"AI-powered gut health solutions and microbiome analysis, personalized food and supplements recommendation to increase your gut health.","robots":{"index":"noindex","follow":"follow","max-snippet":"max-snippet:-1","max-image-preview":"max-image-preview:large","max-video-preview":"max-video-preview:-1"},"og_locale":"en_US","og_type":"article","og_title":"Enbiosis AI technology for gut microbiome test and gut health","og_description":"AI-powered gut health solutions and microbiome analysis, personalized food and supplements recommendation to increase your gut health.","og_url":"https:\/\/enbiosis.com\/staging\/cs\/enbiosis-ai-technology\/","og_site_name":"Enbiosis","article_modified_time":"2025-01-22T09:04:15+00:00","twitter_card":"summary_large_image","twitter_misc":{"Est. reading time":"3 minutes"},"schema":{"@context":"https:\/\/schema.org","@graph":[{"@type":"WebPage","@id":"https:\/\/enbiosis.com\/staging\/cs\/enbiosis-ai-technology\/","url":"https:\/\/enbiosis.com\/staging\/cs\/enbiosis-ai-technology\/","name":"Enbiosis AI technology for gut microbiome test and gut health","isPartOf":{"@id":"https:\/\/enbiosis.com\/staging\/#website"},"datePublished":"2024-12-29T19:41:23+00:00","dateModified":"2025-01-22T09:04:15+00:00","description":"AI-powered gut health solutions and microbiome analysis, personalized food and supplements recommendation to increase your gut health.","breadcrumb":{"@id":"https:\/\/enbiosis.com\/staging\/cs\/enbiosis-ai-technology\/#breadcrumb"},"inLanguage":"en-US","potentialAction":[{"@type":"ReadAction","target":["https:\/\/enbiosis.com\/staging\/cs\/enbiosis-ai-technology\/"]}]},{"@type":"BreadcrumbList","@id":"https:\/\/enbiosis.com\/staging\/cs\/enbiosis-ai-technology\/#breadcrumb","itemListElement":[{"@type":"ListItem","position":1,"name":"Home","item":"https:\/\/enbiosis.com\/staging\/"},{"@type":"ListItem","position":2,"name":"ENBIOSIS AI Technologie"}]},{"@type":"WebSite","@id":"https:\/\/enbiosis.com\/staging\/#website","url":"https:\/\/enbiosis.com\/staging\/","name":"Enbiosis","description":"Microbiome Analysis","potentialAction":[{"@type":"SearchAction","target":{"@type":"EntryPoint","urlTemplate":"https:\/\/enbiosis.com\/staging\/?s={search_term_string}"},"query-input":{"@type":"PropertyValueSpecification","valueRequired":true,"valueName":"search_term_string"}}],"inLanguage":"en-US"}]}},"lang":"cs","translations":{"cs":38297,"en":268,"ar":21702,"pt":24519,"zh":24667,"tr":24930,"es":26299,"pl":26535,"el":36731,"ru":37219},"pll_sync_post":[],"_links":{"self":[{"href":"https:\/\/enbiosis.com\/staging\/wp-json\/wp\/v2\/pages\/38297"}],"collection":[{"href":"https:\/\/enbiosis.com\/staging\/wp-json\/wp\/v2\/pages"}],"about":[{"href":"https:\/\/enbiosis.com\/staging\/wp-json\/wp\/v2\/types\/page"}],"author":[{"embeddable":true,"href":"https:\/\/enbiosis.com\/staging\/wp-json\/wp\/v2\/users\/1298"}],"replies":[{"embeddable":true,"href":"https:\/\/enbiosis.com\/staging\/wp-json\/wp\/v2\/comments?post=38297"}],"version-history":[{"count":0,"href":"https:\/\/enbiosis.com\/staging\/wp-json\/wp\/v2\/pages\/38297\/revisions"}],"wp:attachment":[{"href":"https:\/\/enbiosis.com\/staging\/wp-json\/wp\/v2\/media?parent=38297"}],"curies":[{"name":"wp","href":"https:\/\/api.w.org\/{rel}","templated":true}]}}