{"id":31257,"date":"2024-10-22T15:47:45","date_gmt":"2024-10-22T12:47:45","guid":{"rendered":"https:\/\/www.enbiosis.com\/?post_type=product&#038;p=31257"},"modified":"2025-07-14T12:17:29","modified_gmt":"2025-07-14T09:17:29","slug":"enbiosis-microbiome-analysis","status":"publish","type":"product","link":"https:\/\/enbiosis.com\/staging\/pt\/product\/enbiosis-microbiome-analysis\/","title":{"rendered":"Enbiosis An\u00e1lise de Microbioma"},"content":{"rendered":"\t<section class=\"section\" id=\"section_1208245977\">\n\t\t<div class=\"bg section-bg fill bg-fill  bg-loaded\" >\n\n\t\t\t\n\t\t\t\n\t\t\t\n\n\t\t<\/div>\n\n\t\t\n\n\t\t<div class=\"section-content relative\">\n\t\t\t\n\t<div id=\"text-510153648\" class=\"text\">\n\t\t\n<h3><strong>Aproveite 10% de Desconto na Sua Pr\u00f3xima Compra!<\/strong><\/h3>\n<p><span style=\"color: #333333;\">Depois de seguir as suas recomenda\u00e7\u00f5es personalizadas, \u00e9 crucial monitorizar a sua sa\u00fade intestinal. Para apoiar a sua jornada, temos o prazer de lhe oferecer um desconto de 10% na sua pr\u00f3xima compra no mesmo ano. Esteja atento \u00e0 sua sa\u00fade e mantenha-se informado!<\/span><\/p>\n\t\t\n<style>\n#text-510153648 {\n  color: #21bfd5;\n}\n#text-510153648 > * {\n  color: #21bfd5;\n}\n<\/style>\n\t<\/div>\n\t\n\t\t<\/div>\n\n\t\t\n<style>\n#section_1208245977 {\n  padding-top: 30px;\n  padding-bottom: 30px;\n}\n#section_1208245977 .ux-shape-divider--top svg {\n  height: 150px;\n  --divider-top-width: 100%;\n}\n#section_1208245977 .ux-shape-divider--bottom svg {\n  height: 150px;\n  --divider-width: 100%;\n}\n<\/style>\n\t<\/section>\n\t\n","protected":false},"excerpt":{"rendered":"<ul>\n<li>An\u00e1lise de microbioma alimentada por IA<\/li>\n<li>Sugest\u00f5es nutricional personalizado<\/li>\n<li>Sugest\u00f5es prebi\u00f3ticas personalizadas<\/li>\n<li>Tipo de an\u00e1lise: 16S rRNA gen sequencing<\/li>\n<li>Tempo de resposta: 3 semanas<\/li>\n<\/ul>\n","protected":false},"featured_media":41889,"comment_status":"open","ping_status":"closed","template":"","meta":{"_acf_changed":false,"om_disable_all_campaigns":false,"inline_featured_image":false,"_uf_show_specific_survey":0,"_uf_disable_surveys":false},"locations":[],"product_cat":[1323],"product_tag":[],"class_list":{"0":"post-31257","1":"product","2":"type-product","3":"status-publish","4":"has-post-thumbnail","6":"product_cat-gut-microbiome-analysis","8":"first","9":"instock","10":"taxable","11":"shipping-taxable","12":"product-type-simple"},"acf":[],"yoast_head":"<!-- This site is optimized with the Yoast SEO plugin v23.5 - https:\/\/yoast.com\/wordpress\/plugins\/seo\/ -->\n<title>Enbiosis An\u00e1lise de Microbioma - Enbiosis<\/title>\n<meta name=\"robots\" content=\"noindex, follow, max-snippet:-1, max-image-preview:large, max-video-preview:-1\" \/>\n<meta property=\"og:locale\" content=\"en_US\" \/>\n<meta property=\"og:type\" content=\"article\" \/>\n<meta property=\"og:title\" content=\"Enbiosis An\u00e1lise de Microbioma - Enbiosis\" \/>\n<meta property=\"og:description\" content=\"An\u00e1lise de microbioma alimentada por IA  Sugest\u00f5es nutricional personalizado  Sugest\u00f5es prebi\u00f3ticas personalizadas  Tipo de an\u00e1lise: 16S rRNA gen sequencing  Tempo de resposta: 3 semanas\" \/>\n<meta property=\"og:url\" content=\"https:\/\/enbiosis.com\/staging\/pt\/product\/enbiosis-microbiome-analysis\/\" \/>\n<meta property=\"og:site_name\" content=\"Enbiosis\" \/>\n<meta property=\"article:modified_time\" content=\"2025-07-14T09:17:29+00:00\" \/>\n<meta property=\"og:image\" content=\"https:\/\/enbiosis.com\/staging\/wp-content\/uploads\/2024\/11\/Enbiosis-Microbiome-Analysis-scaled.jpg\" \/>\n\t<meta property=\"og:image:width\" content=\"2048\" \/>\n\t<meta property=\"og:image:height\" content=\"2048\" \/>\n\t<meta property=\"og:image:type\" content=\"image\/jpeg\" \/>\n<meta name=\"twitter:card\" content=\"summary_large_image\" \/>\n<meta name=\"twitter:label1\" content=\"Est. reading time\" \/>\n\t<meta name=\"twitter:data1\" content=\"1 minute\" \/>\n<script type=\"application\/ld+json\" class=\"yoast-schema-graph\">{\"@context\":\"https:\/\/schema.org\",\"@graph\":[{\"@type\":\"WebPage\",\"@id\":\"https:\/\/enbiosis.com\/staging\/pt\/product\/enbiosis-microbiome-analysis\/\",\"url\":\"https:\/\/enbiosis.com\/staging\/pt\/product\/enbiosis-microbiome-analysis\/\",\"name\":\"Enbiosis An\u00e1lise de Microbioma - Enbiosis\",\"isPartOf\":{\"@id\":\"https:\/\/enbiosis.com\/staging\/#website\"},\"primaryImageOfPage\":{\"@id\":\"https:\/\/enbiosis.com\/staging\/pt\/product\/enbiosis-microbiome-analysis\/#primaryimage\"},\"image\":{\"@id\":\"https:\/\/enbiosis.com\/staging\/pt\/product\/enbiosis-microbiome-analysis\/#primaryimage\"},\"thumbnailUrl\":\"https:\/\/enbiosis.com\/staging\/wp-content\/uploads\/2024\/11\/Enbiosis-Microbiome-Analysis-scaled.jpg\",\"datePublished\":\"2024-10-22T12:47:45+00:00\",\"dateModified\":\"2025-07-14T09:17:29+00:00\",\"breadcrumb\":{\"@id\":\"https:\/\/enbiosis.com\/staging\/pt\/product\/enbiosis-microbiome-analysis\/#breadcrumb\"},\"inLanguage\":\"en-US\",\"potentialAction\":[{\"@type\":\"ReadAction\",\"target\":[\"https:\/\/enbiosis.com\/staging\/pt\/product\/enbiosis-microbiome-analysis\/\"]}]},{\"@type\":\"ImageObject\",\"inLanguage\":\"en-US\",\"@id\":\"https:\/\/enbiosis.com\/staging\/pt\/product\/enbiosis-microbiome-analysis\/#primaryimage\",\"url\":\"https:\/\/enbiosis.com\/staging\/wp-content\/uploads\/2024\/11\/Enbiosis-Microbiome-Analysis-scaled.jpg\",\"contentUrl\":\"https:\/\/enbiosis.com\/staging\/wp-content\/uploads\/2024\/11\/Enbiosis-Microbiome-Analysis-scaled.jpg\",\"width\":2048,\"height\":2048},{\"@type\":\"BreadcrumbList\",\"@id\":\"https:\/\/enbiosis.com\/staging\/pt\/product\/enbiosis-microbiome-analysis\/#breadcrumb\",\"itemListElement\":[{\"@type\":\"ListItem\",\"position\":1,\"name\":\"Home\",\"item\":\"https:\/\/enbiosis.com\/staging\/\"},{\"@type\":\"ListItem\",\"position\":2,\"name\":\"Shop\",\"item\":\"https:\/\/enbiosis.com\/staging\/shop\/\"},{\"@type\":\"ListItem\",\"position\":3,\"name\":\"Enbiosis An\u00e1lise de Microbioma\"}]},{\"@type\":\"WebSite\",\"@id\":\"https:\/\/enbiosis.com\/staging\/#website\",\"url\":\"https:\/\/enbiosis.com\/staging\/\",\"name\":\"Enbiosis\",\"description\":\"Microbiome Analysis\",\"potentialAction\":[{\"@type\":\"SearchAction\",\"target\":{\"@type\":\"EntryPoint\",\"urlTemplate\":\"https:\/\/enbiosis.com\/staging\/?s={search_term_string}\"},\"query-input\":{\"@type\":\"PropertyValueSpecification\",\"valueRequired\":true,\"valueName\":\"search_term_string\"}}],\"inLanguage\":\"en-US\"}]}<\/script>\n<!-- \/ Yoast SEO plugin. -->","yoast_head_json":{"title":"Enbiosis An\u00e1lise de Microbioma - Enbiosis","robots":{"index":"noindex","follow":"follow","max-snippet":"max-snippet:-1","max-image-preview":"max-image-preview:large","max-video-preview":"max-video-preview:-1"},"og_locale":"en_US","og_type":"article","og_title":"Enbiosis An\u00e1lise de Microbioma - Enbiosis","og_description":"An\u00e1lise de microbioma alimentada por IA  Sugest\u00f5es nutricional personalizado  Sugest\u00f5es prebi\u00f3ticas personalizadas  Tipo de an\u00e1lise: 16S rRNA gen sequencing  Tempo de resposta: 3 semanas","og_url":"https:\/\/enbiosis.com\/staging\/pt\/product\/enbiosis-microbiome-analysis\/","og_site_name":"Enbiosis","article_modified_time":"2025-07-14T09:17:29+00:00","og_image":[{"width":2048,"height":2048,"url":"https:\/\/enbiosis.com\/staging\/wp-content\/uploads\/2024\/11\/Enbiosis-Microbiome-Analysis-scaled.jpg","type":"image\/jpeg"}],"twitter_card":"summary_large_image","twitter_misc":{"Est. reading time":"1 minute"},"schema":{"@context":"https:\/\/schema.org","@graph":[{"@type":"WebPage","@id":"https:\/\/enbiosis.com\/staging\/pt\/product\/enbiosis-microbiome-analysis\/","url":"https:\/\/enbiosis.com\/staging\/pt\/product\/enbiosis-microbiome-analysis\/","name":"Enbiosis An\u00e1lise de Microbioma - Enbiosis","isPartOf":{"@id":"https:\/\/enbiosis.com\/staging\/#website"},"primaryImageOfPage":{"@id":"https:\/\/enbiosis.com\/staging\/pt\/product\/enbiosis-microbiome-analysis\/#primaryimage"},"image":{"@id":"https:\/\/enbiosis.com\/staging\/pt\/product\/enbiosis-microbiome-analysis\/#primaryimage"},"thumbnailUrl":"https:\/\/enbiosis.com\/staging\/wp-content\/uploads\/2024\/11\/Enbiosis-Microbiome-Analysis-scaled.jpg","datePublished":"2024-10-22T12:47:45+00:00","dateModified":"2025-07-14T09:17:29+00:00","breadcrumb":{"@id":"https:\/\/enbiosis.com\/staging\/pt\/product\/enbiosis-microbiome-analysis\/#breadcrumb"},"inLanguage":"en-US","potentialAction":[{"@type":"ReadAction","target":["https:\/\/enbiosis.com\/staging\/pt\/product\/enbiosis-microbiome-analysis\/"]}]},{"@type":"ImageObject","inLanguage":"en-US","@id":"https:\/\/enbiosis.com\/staging\/pt\/product\/enbiosis-microbiome-analysis\/#primaryimage","url":"https:\/\/enbiosis.com\/staging\/wp-content\/uploads\/2024\/11\/Enbiosis-Microbiome-Analysis-scaled.jpg","contentUrl":"https:\/\/enbiosis.com\/staging\/wp-content\/uploads\/2024\/11\/Enbiosis-Microbiome-Analysis-scaled.jpg","width":2048,"height":2048},{"@type":"BreadcrumbList","@id":"https:\/\/enbiosis.com\/staging\/pt\/product\/enbiosis-microbiome-analysis\/#breadcrumb","itemListElement":[{"@type":"ListItem","position":1,"name":"Home","item":"https:\/\/enbiosis.com\/staging\/"},{"@type":"ListItem","position":2,"name":"Shop","item":"https:\/\/enbiosis.com\/staging\/shop\/"},{"@type":"ListItem","position":3,"name":"Enbiosis An\u00e1lise de Microbioma"}]},{"@type":"WebSite","@id":"https:\/\/enbiosis.com\/staging\/#website","url":"https:\/\/enbiosis.com\/staging\/","name":"Enbiosis","description":"Microbiome Analysis","potentialAction":[{"@type":"SearchAction","target":{"@type":"EntryPoint","urlTemplate":"https:\/\/enbiosis.com\/staging\/?s={search_term_string}"},"query-input":{"@type":"PropertyValueSpecification","valueRequired":true,"valueName":"search_term_string"}}],"inLanguage":"en-US"}]}},"lang":"pt","translations":{"pt":31257,"en":673,"ar":22083,"ru":22828,"tr":30116,"zh":31253,"es":31254,"pl":31255,"el":36873,"cs":38498},"pll_sync_post":[],"_links":{"self":[{"href":"https:\/\/enbiosis.com\/staging\/wp-json\/wp\/v2\/product\/31257"}],"collection":[{"href":"https:\/\/enbiosis.com\/staging\/wp-json\/wp\/v2\/product"}],"about":[{"href":"https:\/\/enbiosis.com\/staging\/wp-json\/wp\/v2\/types\/product"}],"replies":[{"embeddable":true,"href":"https:\/\/enbiosis.com\/staging\/wp-json\/wp\/v2\/comments?post=31257"}],"version-history":[{"count":0,"href":"https:\/\/enbiosis.com\/staging\/wp-json\/wp\/v2\/product\/31257\/revisions"}],"wp:featuredmedia":[{"embeddable":true,"href":"https:\/\/enbiosis.com\/staging\/wp-json\/wp\/v2\/media\/41889"}],"wp:attachment":[{"href":"https:\/\/enbiosis.com\/staging\/wp-json\/wp\/v2\/media?parent=31257"}],"wp:term":[{"taxonomy":"locations","embeddable":true,"href":"https:\/\/enbiosis.com\/staging\/wp-json\/wp\/v2\/locations?post=31257"},{"taxonomy":"product_cat","embeddable":true,"href":"https:\/\/enbiosis.com\/staging\/wp-json\/wp\/v2\/product_cat?post=31257"},{"taxonomy":"product_tag","embeddable":true,"href":"https:\/\/enbiosis.com\/staging\/wp-json\/wp\/v2\/product_tag?post=31257"}],"curies":[{"name":"wp","href":"https:\/\/api.w.org\/{rel}","templated":true}]}}